{"id":1743,"date":"2020-01-26T07:13:06","date_gmt":"2020-01-26T07:13:06","guid":{"rendered":"http:\/\/icaiame.com\/?page_id=1743"},"modified":"2021-07-27T14:19:10","modified_gmt":"2021-07-27T14:19:10","slug":"scientific-committee-2019","status":"publish","type":"page","link":"http:\/\/icaiame.com\/tr\/scientific-committee-2019","title":{"rendered":"Bilim Komitesi \/ Kurulu 2019"},"content":{"rendered":"<\/p>\n<table class=\"wp-block-table\" style=\"width: 578px;\">\n<tbody>\n<tr>\n<td style=\"width: 577px;\"><strong>Bilim Komitesi<\/strong><br \/>Prof. Dr. Tuncay Y\u0130\u011e\u0130T (<strong>Genel Ba\u015fkan<\/strong>, S\u00fcleyman Demirel \u00dcniversitesi, T\u00fcrkiye)<br \/>Do\u00e7. Dr. Utku K\u00d6SE (<strong>Komite Ba\u015fkan\u0131<\/strong>, S\u00fcleyman Demirel \u00dcniversitesi, T\u00fcrkiye)<\/p>\n<p>\u00a0<\/p>\n<p>Prof. Dr. Ahmet Bedri \u00d6ZER (F\u0131rat \u00dcniversitesi, T\u00fcrkiye)<br \/>Prof. Dr. Ali \u00d6ZT\u00dcRK (D\u00fczce \u00dcniversitesi, T\u00fcrkiye)<br \/>Prof. Dr. Anar AD\u0130LO\u011eLU\u00a0(S\u00fcleyman Demirel \u00dcniversitesi, T\u00fcrkiye)<br \/>Prof. Dr. Aslanbek NAZIEV (Ryazan State University, Rusya)<br \/>Prof. Dr. Ayhan ERDEM (Gazi \u00dcniversitesi, T\u00fcrkiye)<br \/>Prof. Dr. \u00c7etin ELMAS (Gazi \u00dcniversitesi, T\u00fcrkiye)<br \/>Prof. Dr. Daniela Elena POPESCU (University of Oradea, Romanya)<br \/>Prof. Dr. Eduardo VASCONCELOS (Goias State University, Brezilya)<br \/>Prof. Dr. E\u015fref ADALI, (\u0130stanbul Teknik\u00a0\u00dcniversitesi, T\u00fcrkiye)<br \/>Prof. Dr. H\u00fcseyin DEM\u0130R (Samsun 19 May\u0131s\u00a0\u00dcniversitesi, T\u00fcrkiye)<br \/>Prof. Dr. H\u00fcseyin MERDAN (TOBB Ekonomi ve Teknoloji\u00a0\u00dcniversitesi, T\u00fcrkiye)<br \/>Prof. Dr. H\u00fcseyin \u015eEKER (Staffordshire University, \u0130ngiltere)<br \/>Prof. Dr. Igbal BABAYEV (Azerbaijan Technical University, Azerbeycan)<br \/>Prof. Dr. Igor LITVINCHEV (Nuevo Leon State University, Meksika)<br \/>Prof. Dr. \u0130brahim \u00dc\u00c7G\u00dcL\u00a0(S\u00fcleyman Demirel \u00dcniversitesi, T\u00fcrkiye)<br \/>Prof. Dr. \u0130brahim Y\u00dcCEDA\u011e (D\u00fczce \u00dcniversitesi, T\u00fcrkiye)<br \/>Prof. Dr. Jose Antonio MARMOLEJO (Panamerican University, Meksika)<br \/>Prof. Dr. Junzo WATADA (Universiti Teknologi PETRONAS, Malezya)<br \/>Prof. Dr. Marwan BIKDASH (North Carolina Agricultural and Technical State University, USA)<br \/>Prof. Dr. Mehmet Ali AK\u00c7AYOL (Gazi \u00dcniversitesi, T\u00fcrkiye)<br \/>Prof. Dr. Mehmet G\u00dcRDAL (S\u00fcleyman Demirel \u00dcniversitesi, T\u00fcrkiye)<br \/>Prof. Dr. Melih G\u00dcNAY (Akdeniz \u00dcniversitesi, T\u00fcrkiye)<br \/>Prof. Dr. Mostafa Maslouhi (IbnTofail University, Fas)<br \/>Prof. Dr. Mustafa ALKAN (Gazi \u00dcniversitesi, T\u00fcrkiye)<br \/>Prof. Dr. Nihat \u00d6ZT\u00dcRK (Gazi \u00dcniversitesi, Turkey)<br \/>Prof. Dr. Norita Md Norwawi (Universiti Sains Islam Malaysia, Malezya)<br \/>Prof. Dr. Nuri \u00d6ZALP (Ankara \u00dcniversitesi, T\u00fcrkiye)<br \/>Prof. Dr. Oktay DUMAN (TOBB Ekonomi ve Teknoloji\u00a0\u00dcniversitesi, T\u00fcrkiye)<br \/>Prof. Dr. \u00d6mer Faruk BAY (Gazi \u00dcniversitesi, T\u00fcrkiye)<br \/>Prof. Dr. \u00d6mer AKIN (TOBB Ekonomi ve Teknoloji\u00a0\u00dcniversitesi, T\u00fcrkiye)<br \/>Prof. Dr. Recep DEM\u0130RC\u0130 (Gazi \u00dcniversitesi, T\u00fcrkiye)<br \/>Prof. Dr. Resul KARA (D\u00fczce \u00dcniversitesi, T\u00fcrkiye)<br \/>Prof. Dr. Re\u015fat SELBA\u015e, (Isparta Uygulamal\u0131 Bilimler \u00dcniversitesi, T\u00fcrkiye)<br \/>Prof. Dr. Sabri KO\u00c7ER (Necmettin Erbakan \u00dcniversitesi, T\u00fcrkiye)<br \/>Prof. Dr. Sad\u0131k \u00dcLKER (European University of Lefke, K\u0131br\u0131s)<br \/>Prof. Dr. Sergey BUSHUYEV (Kyiv National University, Ukrayna)<br \/>Prof. Dr. Sezai TOKAT (Pamukkale \u00dcniversitesi, T\u00fcrkiye)<br \/>Prof. Dr. Yusuf \u00d6NER (Pamukkale \u00dcniversitesi, T\u00fcrkiye)<br \/>Prof. Dr. Cemal YILMAZ (Gazi \u00dcniversitesi, T\u00fcrkiye)<br \/>Prof. Dr. G\u00fcltekin \u00d6ZDEM\u0130R (S\u00fcleyman Demirel \u00dcniversitesi, T\u00fcrkiye)<br \/>Prof. Dr. Ercan Nurcan YILMAZ (Gazi \u00dcniversitesi, T\u00fcrkiye)<br \/>Prof. Dr. Kemal POLAT (Bolu Abant \u0130zzet Baysal \u00dcniversitesi, T\u00fcrkiye)<br \/>Prof. Dr. Okan B\u0130NG\u00d6L (Isparta Uygulamal\u0131 Bilimler \u00dcniversitesi, Turkey)<br \/>Do\u00e7. Dr. Ahmet C\u00fcneyd TANTU\u011e (\u0130stanbul Teknik\u00a0\u00dcniversitesi, T\u00fcrkiye)<br \/>Do\u00e7. Dr. Akram M. ZEK\u0130 (Malaysia International Islamic University, Malezya)<br \/>Do\u00e7. Dr. Alexandrina Mirela PATER (University of Oradea, Romanya)<br \/>Do\u00e7. Dr. Ali KE\u00c7EBA\u015e (Mu\u011fla S\u0131tk\u0131 Ko\u00e7man \u00dcniversitesi, T\u00fcrkiye)<br \/>Do\u00e7. Dr. Ali Hakan I\u015eIK (Mehmet Akif Ersoy \u00dcniversitesi, T\u00fcrkiye)<br \/>Do\u00e7. Dr. Arif \u00d6ZKAN (Kocaeli \u00dcniversitesi, T\u00fcrkiye)<br \/>Do\u00e7. Dr. Ayd\u0131n \u00c7ET\u0130N (Gazi \u00dcniversitesi, T\u00fcrkiye)<br \/>Do\u00e7. Dr. Ender OZCAN (Nottingham University, \u0130ngiltere)<br \/>Do\u00e7. Dr. Devrim AKG\u00dcN (Sakarya \u00dcniversitesi, T\u00fcrkiye)<br \/>Do\u00e7. Dr. Ercan BULU\u015e (Nam\u0131k Kemal \u00dcniversitesi, T\u00fcrkiye)<br \/>Do\u00e7. Dr. Erdal KILI\u00c7 (Samsun 19 May\u0131s\u00a0\u00dcniversitesi, T\u00fcrkiye)<br \/>Do\u00e7. Dr. Serdar DEM\u0130R (Mu\u011fla S\u0131tk\u0131 Ko\u00e7man \u00dcniversitesi, T\u00fcrkiye)<br \/>Do\u00e7. Dr. Serkan BALLI (Mu\u011fla S\u0131tk\u0131 Ko\u00e7man \u00dcniversitesi, T\u00fcrkiye)<br \/>Do\u00e7. Dr. Serkan DUMAN (D\u00fczce \u00dcniversitesi, T\u00fcrkiye)<br \/>Do\u00e7. Dr. Erman ERKAN (At\u0131l\u0131m \u00dcniversitesi, T\u00fcrkiye)<br \/>Do\u00e7. Dr. Ezgi \u00dcLKER (European University of Lefke, K\u0131br\u0131s)<br \/>Do\u00e7. Dr. Gamze Y\u00dcKSEL\u00a0(Mu\u011fla S\u0131tk\u0131 Ko\u00e7man \u00dcniversitesi, T\u00fcrkiye)<br \/>Do\u00e7. Dr. Hasan H\u00fcseyin SAYAN (Gazi \u00dcniversitesi, T\u00fcrkiye)<br \/>Do\u00e7. Dr. \u0130lhan KO\u015eALAY (Ankara \u00dcniversitesi, T\u00fcrkiye)<br \/>Do\u00e7. Dr. \u0130smail Serkan \u00dcNC\u00dc (Isparta Uygulamal\u0131 Bilimler \u00dcniversitesi, Turkey)<br \/>Do\u00e7. Dr. J. ANITHA (Karunya University, Hindistan)<br \/>Do\u00e7. Dr. Jude HEMANTH (Karunya University, Hindistan)<br \/>Do\u00e7. Dr. M. Kenan D\u00d6\u015eO\u011eLU (D\u00fczce \u00dcniversitesi, T\u00fcrkiye)<br \/>Do\u00e7. Dr. Mehmet KARAK\u00d6SE (F\u0131rat \u00dcniversitesi, T\u00fcrkiye)<br \/>Do\u00e7. Dr. Mehmet S\u0131ra\u00e7 \u00d6ZERDEM (Dicle \u00dcniversitesi, T\u00fcrkiye)<br \/>Do\u00e7. Dr. Muharrem Tolga SAKALLI (Trakya \u00dcniversitesi, T\u00fcrkiye)<br \/>Do\u00e7. Dr. Murat KALE (D\u00fczce \u00dcniversitesi, T\u00fcrkiye)<br \/>Do\u00e7. Dr. Nevin G\u00fcler D\u0130NCER (Mu\u011fla S\u0131tk\u0131 Ko\u00e7man \u00dcniversitesi, T\u00fcrkiye)<br \/>Do\u00e7. Dr. \u00d6zg\u00fcr AKTUN\u00c7 (St. Mary\u2019s University, USA)<br \/>Do\u00e7. Dr. Sedat AKLEYLEK (Samsun 19 May\u0131s\u00a0\u00dcniversitesi, T\u00fcrkiye)<br \/>Do\u00e7. Dr. Selami KESLER (Pamukkale \u00dcniversitesi, T\u00fcrkiye)<br \/>Do\u00e7. Dr. Selim K\u00d6RO\u011eLU (Pamukkale \u00dcniversitesi, T\u00fcrkiye)<br \/>Do\u00e7. Dr. Tiberiu SOCACIU (Stefan cel Mare University of Suceava, Romanya)<br \/>Do\u00e7. Dr. Tolga OVATMAN (\u0130stanbul Teknik\u00a0\u00dcniversitesi, T\u00fcrkiye)<br \/>Do\u00e7. Dr. \u00dcmit Deniz ULU\u015eAR (Akdeniz \u00dcniversitesi, T\u00fcrkiye)<br \/>Do\u00e7. Dr. Ramazan \u015eenol (Isparta Uygulamal\u0131 Bilimler \u00dcniversitesi, Turkey)<br \/>Dr. \u00d6\u011fr. \u00dcyesi Osman \u00d6ZKARACA (Mugla Sitki Kocman University, Turkey)<br \/>Dr. \u00d6\u011fr. \u00dcyesi Abdulkadir KARACI (Kastamonu \u00dcniversitesi, T\u00fcrkiye)<br \/>Dr. \u00d6\u011fr. \u00dcyesi Ali \u015eENT\u00dcRK (Isparta Uygulamal\u0131 Bilimler \u00dcniversitesi, Turkey)<br \/>Dr. \u00d6\u011fr. \u00dcyesi Arif KOYUN (S\u00fcleyman Demirel \u00dcniversitesi, T\u00fcrkiye)<br \/>Dr. \u00d6\u011fr. \u00dcyesi Bar\u0131\u015f AKG\u00dcN (Ko\u00e7 \u00dcniversitesi, T\u00fcrkiye)<br \/>Dr. \u00d6\u011fr. \u00dcyesi Deepak GUPTA (Maharaja Agrasen Insitute of Technology, Hindistan)<br \/>Dr. \u00d6\u011fr. \u00dcyesi Dmytro ZUBOV (The University of Information Science and Technology St. Paul the Apostle, Makedonya)<br \/>Dr. \u00d6\u011fr. \u00dcyesi Enis KARAARSLAN (Mu\u011fla S\u0131tk\u0131 Ko\u00e7man \u00dcniversitesi, T\u00fcrkiye)<br \/>Dr. \u00d6\u011fr. \u00dcyesi Erdal AYDEM\u0130R (S\u00fcleyman Demirel \u00dcniversitesi, T\u00fcrkiye)<br \/>Dr. \u00d6\u011fr. \u00dcyesi Esin YAVUZ\u00a0(S\u00fcleyman Demirel \u00dcniversitesi, T\u00fcrkiye)<br \/>Dr. \u00d6\u011fr. \u00dcyesi Fatih G\u00d6K\u00c7E (S\u00fcleyman Demirel \u00dcniversitesi, T\u00fcrkiye)<br \/>Dr. \u00d6\u011fr. \u00dcyesi G\u00fcr Emre G\u00dcRAKSIN (Afyon Kocatepe \u00dcniversitesi, T\u00fcrkiye)<br \/>Dr. \u00d6\u011fr. \u00dcyesi Iulian FURDU (Vasile Alecsandri University of Bacau, Romanya)<br \/>Dr. \u00d6\u011fr. \u00dcyesi Mehmet KAYAKU\u015e (Akdeniz \u00dcniversitesi, T\u00fcrkiye)<br \/>Dr. \u00d6\u011fr. \u00dcyesi Mehmet Onur OLGUN (S\u00fcleyman Demirel \u00dcniversitesi, T\u00fcrkiye)<br \/>Dr. \u00d6\u011fr. \u00dcyesi Muhammed Hanefi CALP (Karadeniz Teknik\u00a0\u00dcniversitesi, T\u00fcrkiye)<br \/>Dr. \u00d6\u011fr. \u00dcyesi Mustafa Nuri URAL (G\u00fcm\u00fc\u015fhane \u00dcniversitesi, T\u00fcrkiye)<br \/>Dr. \u00d6\u011fr. \u00dcyesi Okan ORAL (Akdeniz \u00dcniversitesi, T\u00fcrkiye)<br \/>Dr. \u00d6\u011fr. \u00dcyesi Osman PALANCI (S\u00fcleyman Demirel \u00dcniversitesi, T\u00fcrkiye)<br \/>Dr. \u00d6\u011fr. \u00dcyesi Paniel Reyes CARDENAS (Popular Autonomous University of the State of Puebla, Meksika)<br \/>Dr. \u00d6\u011fr. \u00dcyesi S. T. VEENA (Kamaraj Engineering and Technology University, Hindistan)<br \/>Dr. \u00d6\u011fr. \u00dcyesi Serdar B\u0130RO\u011eUL (D\u00fczce \u00dcniversitesi, T\u00fcrkiye)<br \/>Dr. \u00d6\u011fr. \u00dcyesi Serdar \u00c7\u0130FT\u00c7\u0130 (Harran \u00dcniversitesi, T\u00fcrkiye)<br \/>Dr. \u00d6\u011fr. \u00dcyesi Ufuk \u00d6ZKAYA (S\u00fcleyman Demirel \u00dcniversitesi, T\u00fcrkiye)<br \/>Dr. \u00d6\u011fr. \u00dcyesi Veli \u00c7APALI (U\u015fak \u00dcniversitesi, T\u00fcrkiye)<br \/>Dr. \u00d6\u011fr. \u00dcyesi Vishal KUMAR (Bipin Tripathi Kumaon Institute of Technology, Hindistan)<br \/>Dr. \u00d6\u011fr. \u00dcyesi Bekir AKSOY (Isparta Uygulamal\u0131 Bilimler \u00dcniversitesi, Turkey)<br \/>Dr. \u00d6\u011fr. \u00dcyesi Remzi \u0130NAN (Isparta Uygulamal\u0131 Bilimler \u00dcniversitesi, Turkey)<br \/>\u00d6\u011fr. G\u00f6r. Dr. Anand NAYYAR (Duy Tan University, Vietnam)<br \/>Lect. Dr. Bogdan PATRUT (Alexandru Ioan Cuza University of Iasi, Romania)<br \/>\u00d6\u011fr. G\u00f6r. Dr. Simona Elena VARLAN (Vasile Alecsandri University of Bacau, Romanya)<br \/>Dr. Ashok PRAJAPATI (FANUC America Corp., USA)<br \/>Dr. Katarzyna Rutczy\u0144ska-Wdowiak (Kielce University of Technology, Polonya)<br \/>Dr. Mustafa K\u00dc\u00c7\u00dcKAL\u0130 (Bilgi Teknolojileri ve \u0130leti\u015fim Kurumu)<br \/>Dr. Nabi IBADOV (Warsaw University of Technology, Poland)<br \/>Dr. \u00d6zkan \u00dcNSAL (S\u00fcleyman Demirel \u00dcniversitesi, T\u00fcrkiye)<\/p>\n<\/td>\n<\/tr>\n<\/tbody>\n<\/table>\n<p>\n","protected":false},"excerpt":{"rendered":"<p>Bilim KomitesiProf. Dr. Tuncay Y\u0130\u011e\u0130T (Genel Ba\u015fkan, S\u00fcleyman Demirel \u00dcniversitesi, T\u00fcrkiye)Do\u00e7. Dr. Utku K\u00d6SE (Komite Ba\u015fkan\u0131, S\u00fcleyman Demirel \u00dcniversitesi, T\u00fcrkiye)&hellip; <\/p>\n","protected":false},"author":1,"featured_media":0,"parent":0,"menu_order":0,"comment_status":"closed","ping_status":"closed","template":"","meta":{"footnotes":""},"class_list":["post-1743","page","type-page","status-publish","hentry"],"translation":{"provider":"WPGlobus","version":"3.0.0","language":"tr","enabled_languages":["en","tr"],"languages":{"en":{"title":true,"content":true,"excerpt":false},"tr":{"title":true,"content":true,"excerpt":false}}},"_links":{"self":[{"href":"http:\/\/icaiame.com\/tr\/wp-json\/wp\/v2\/pages\/1743","targetHints":{"allow":["GET"]}}],"collection":[{"href":"http:\/\/icaiame.com\/tr\/wp-json\/wp\/v2\/pages"}],"about":[{"href":"http:\/\/icaiame.com\/tr\/wp-json\/wp\/v2\/types\/page"}],"author":[{"embeddable":true,"href":"http:\/\/icaiame.com\/tr\/wp-json\/wp\/v2\/users\/1"}],"replies":[{"embeddable":true,"href":"http:\/\/icaiame.com\/tr\/wp-json\/wp\/v2\/comments?post=1743"}],"version-history":[{"count":3,"href":"http:\/\/icaiame.com\/tr\/wp-json\/wp\/v2\/pages\/1743\/revisions"}],"predecessor-version":[{"id":2539,"href":"http:\/\/icaiame.com\/tr\/wp-json\/wp\/v2\/pages\/1743\/revisions\/2539"}],"wp:attachment":[{"href":"http:\/\/icaiame.com\/tr\/wp-json\/wp\/v2\/media?parent=1743"}],"curies":[{"name":"wp","href":"https:\/\/api.w.org\/{rel}","templated":true}]}}