{"id":2051,"date":"2021-03-15T11:01:31","date_gmt":"2021-03-15T11:01:31","guid":{"rendered":"http:\/\/icaiame.com\/?page_id=2051"},"modified":"2021-07-27T14:15:41","modified_gmt":"2021-07-27T14:15:41","slug":"scientific-committee-2020","status":"publish","type":"page","link":"http:\/\/icaiame.com\/tr\/scientific-committee-2020","title":{"rendered":"Bilim Komitesi \/ Kurulu 2020"},"content":{"rendered":"<table class=\"wp-block-table\" style=\"width: 578px;\">\n<tbody>\n<tr>\n<td style=\"width: 577px;\"><strong>Bilim Komitesi<\/strong><br \/>\nProf. Dr. Tuncay Y\u0130\u011e\u0130T (<strong>Genel Ba\u015fkan<\/strong>, S\u00fcleyman Demirel \u00dcniversitesi, T\u00fcrkiye)<br \/>\nDo\u00e7. Dr. Utku K\u00d6SE (<strong>Komite Ba\u015fkan\u0131<\/strong>, S\u00fcleyman Demirel \u00dcniversitesi, T\u00fcrkiye)<\/p>\n<p>Prof. Dr. Ahmet Bedri \u00d6ZER (F\u0131rat University, Turkey)<br \/>\nProf. Dr. Ali \u00d6ZT\u00dcRK (D\u00fczce University, Turkey)<br \/>\nProf. Dr. Anar AD\u0130LO\u011eLU (S\u00fcleyman Demirel University, Turkey)<br \/>\nProf. Dr. Aslanbek NAZIEV (Ryazan State University, Russia)<br \/>\nProf. Dr. Ayhan ERDEM (Gazi University, Turkey)<br \/>\nProf. Dr. \u00c7etin ELMAS (Gazi University, Turkey)<br \/>\nProf. Dr. Daniela Elena POPESCU (University of Oradea, Romania)<br \/>\nProf. Dr. Eduardo VASCONCELOS (Goias State University, Brazil)<br \/>\nProf. Dr. Ekrem SAVA\u015e (Rector of U\u015fak University, Turkey)<br \/>\nProf. Dr. E\u015fref ADALI, (\u0130stanbul Technical University, Turkey)<br \/>\nProf. Dr. H\u00fcseyin DEM\u0130R (Samsun 19 May University, Turkey)<br \/>\nProf. Dr. H\u00fcseyin MERDAN (TOBB Economy and Technology University, Turkey)<br \/>\nProf. Dr. H\u00fcseyin \u015eEKER (Staffordshire University, England)<br \/>\nProf. Dr. Igbal BABAYEV (Azerbaijan Technical University, Azerbaijan)<br \/>\nProf. Dr. Igor LITVINCHEV (Nuevo Leon State University, Mexico)<br \/>\nProf. Dr. \u0130brahim \u00dc\u00c7G\u00dcL (S\u00fcleyman Demirel University, Turkey)<br \/>\nProf. Dr. \u0130brahim Y\u00dcCEDA\u011e (D\u00fczce University, Turkey)<br \/>\nProf. Dr. Jose Antonio MARMOLEJO (Panamerican University, Mexico)<br \/>\nProf. Dr. Junzo WATADA (Universiti Teknologi PETRONAS, Malaysia)<br \/>\nProf. Dr. Marat AKHMET (Middle East Technical University, Turkey)<br \/>\nProf. Dr. Marwan BIKDASH (North Carolina Agricultural and Technical State University, USA)<br \/>\nProf. Dr. Mehmet Ali AK\u00c7AYOL (Gazi University, Turkey)<br \/>\nProf. Dr. Mehmet G\u00dcRDAL (S\u00fcleyman Demirel University, Turkey)<br \/>\nProf. Dr. Melih G\u00dcNAY (Akdeniz University, Turkey)<br \/>\nProf. Dr. Mostafa Maslouhi (IbnTofail University, Morocco)<br \/>\nProf. Dr. Mustafa ALKAN (Gazi University, Turkey)<br \/>\nProf. Dr. Nihat \u00d6ZT\u00dcRK (Gazi University, Turkey)<br \/>\nProf. Dr. Norita Md Norwawi (Universiti Sains Islam Malaysia, Malaysia)<br \/>\nProf. Dr. Nuri \u00d6ZALP (Ankara University, Turkey)<br \/>\nProf. Dr. Oktay DUMAN (TOBB Economy and Technology University, Turkey)<br \/>\nProf. Dr. \u00d6mer AKIN (TOBB Economy and Technology University, Turkey)<br \/>\nProf. Dr. \u00d6mer Faruk BAY (Gazi University, Turkey)<br \/>\nProf. Dr. Recep DEM\u0130RC\u0130 (Gazi University, Turkey)<br \/>\nProf. Dr. Resul KARA (D\u00fczce University, Turkey)<br \/>\nProf. Dr. Re\u015fat SELBA\u015e, (Applied Sciences University of Isparta, Turkey)<br \/>\nProf. Dr. Sabri KO\u00c7ER (Necmettin Erbakan University, Turkey)<br \/>\nProf. Dr. Sad\u0131k \u00dcLKER (European University of Lefke, Cyprus)<br \/>\nProf. Dr. Sergey BUSHUYEV (Kyiv National University, Ukraine)<br \/>\nProf. Dr. Sezai TOKAT (Pamukkale University, Turkey)<br \/>\nProf. Dr. Yusuf \u00d6NER (Pamukkale University, Turkey)<br \/>\nProf. Dr. Cemal YILMAZ (Gazi University, Turkey)<br \/>\nProf. Dr. G\u00fcltekin \u00d6ZDEM\u0130R (S\u00fcleyman Demirel University, Turkey)<br \/>\nProf. Dr. Ercan Nurcan YILMAZ (Gazi University, Turkey)<br \/>\nProf. Dr. Kemal POLAT (Bolu Abant \u0130zzet Baysal University, Turkey)<br \/>\nProf. Dr. Okan B\u0130NG\u00d6L (Applied Sciences University of Isparta, Turkey)<br \/>\nProf. Dr. Ali KE\u00c7EBA\u015e (Mu\u011fla S\u0131tk\u0131 Ko\u00e7man University,\u00a0Turkey)<br \/>\nProf. Dr. Erdal KILI\u00c7 (Samsun 19 May University, Turkey)<br \/>\nProf. Dr. Mehmet KARAK\u00d6SE (F\u0131rat University, Turkey)<br \/>\nProf. Dr. Mehmet S\u0131ra\u00e7 \u00d6ZERDEM (Dicle University, Turkey)<br \/>\nProf. Dr. Muharrem Tolga SAKALLI (Trakya University, Turkey)<br \/>\nProf. Dr. Murat KALE (D\u00fczce University, Turkey)<br \/>\nAssoc. Prof. Dr. Ahmet C\u00fcneyd TANTU\u011e (\u0130stanbul Technical University, Turkey)<br \/>\nAssoc. Prof. Dr. Akram M. ZEK\u0130 (Malaysia International Islamic University, Malaysia)<br \/>\nAssoc. Prof. Dr.\u00a0Alexandrina Mirela PATER (University of Oradea, Romania)<br \/>\nAssoc. Prof. Dr. Ali Hakan I\u015eIK (Mehmet Akif Ersoy University, Turkey)<br \/>\nAssoc. Prof. Dr. Arif \u00d6ZKAN (Kocaeli University, Turkey)<br \/>\nAssoc. Prof. Dr. Ayd\u0131n \u00c7ET\u0130N (Gazi University, Turkey)<br \/>\nAssoc. Prof. Dr. Samia CHEHBI GAMOURA (Strasbourg University, France)<br \/>\nAssoc. Prof. Dr. Ender OZCAN (Nottingham University, England)<br \/>\nAssoc. Prof. Dr. Devrim AKG\u00dcN (Sakarya University, Turkey)<br \/>\nAssoc. Prof. Dr. Ercan BULU\u015e (Nam\u0131k Kemal University, Turkey)<br \/>\nAssoc. Prof. Dr. Serdar DEM\u0130R (Mu\u011fla S\u0131tk\u0131 Ko\u00e7man University,\u00a0Turkey)<br \/>\nAssoc. Prof. Dr. Serkan BALLI (Mu\u011fla S\u0131tk\u0131 Ko\u00e7man University,\u00a0Turkey)<br \/>\nAssoc. Prof. Dr. Serkan DUMAN (D\u00fczce University, Turkey)<br \/>\nAssoc. Prof. Dr. Turan Erman ERKAN (At\u0131l\u0131m University, Turkey)<br \/>\nAssoc. Prof. Dr. Ezgi \u00dcLKER (European University of Lefke, Cyprus)<br \/>\nAssoc. Prof. Dr. Gamze Y\u00dcKSEL\u00a0(Mu\u011fla S\u0131tk\u0131 Ko\u00e7man University,\u00a0Turkey)<br \/>\nAssoc. Prof. Dr. Hasan H\u00fcseyin SAYAN (Gazi University, Turkey)<br \/>\nAssoc. Prof. Dr. \u0130lhan KO\u015eALAY (Ankara University, Turkey)<br \/>\nAssoc. Prof. Dr. \u0130smail Serkan \u00dcNC\u00dc (Applied Sciences University of Isparta, Turkey)<br \/>\nAssoc. Prof. Dr. J. ANITHA (Karunya University, India)<br \/>\nAssoc. Prof. Dr. Jude HEMANTH (Karunya University, India)<br \/>\nAssoc. Prof. Dr. M. Kenan D\u00d6\u015eO\u011eLU (D\u00fczce University, Turkey)<br \/>\nAssoc. Prof. Dr. Nevin G\u00fcler D\u0130NCER (Mu\u011fla S\u0131tk\u0131 Ko\u00e7man University,\u00a0Turkey)<br \/>\nAssoc. Prof. Dr. \u00d6zg\u00fcr AKTUN\u00c7 (St. Mary\u2019s University, USA)<br \/>\nAssoc. Prof. Dr. Ridha DERROUICHE (EM Strasbourg Business School, France)<br \/>\nAssoc. Prof. Dr. Sedat AKLEYLEK (Samsun 19 May University, Turkey)<br \/>\nAssoc. Prof. Dr. Selami KESLER (Pamukkale University, Turkey)<br \/>\nAssoc. Prof. Dr. Selim K\u00d6RO\u011eLU (Pamukkale University, Turkey)<br \/>\nAssoc. Prof. Dr. Tiberiu SOCACIU (Stefan cel Mare University of Suceava, Romania)<br \/>\nAssoc. Prof. Dr. Ramazan \u015eENOL (Applied Sciences University of Isparta, Turkey)<br \/>\nAssoc. Prof. Dr. Tolga OVATMAN (\u0130stanbul Technical University, Turkey)<br \/>\nAssoc. Prof. Dr. \u00dcmit Deniz ULU\u015eAR (Akdeniz University, Turkey)<br \/>\nAssoc. Prof. Dr. Muhammed Hanefi CALP (Karadeniz Technical University, Turkey)<br \/>\nAssoc. Prof. Dr. Osman \u00d6ZKARACA (Mugla Sitki Kocman University, Turkey)<br \/>\nAssist. Prof. Dr. Abdulkadir KARACI (Kastamonu University, Turkey)<br \/>\nAssist. Prof. Dr. Ali \u015eENT\u00dcRK (Applied Sciences University of Isparta, Turkey)<br \/>\nAssist. Prof. Dr. Arif KOYUN (S\u00fcleyman Demirel University, Turkey)<br \/>\nAssist. Prof. Dr. Bar\u0131\u015f AKG\u00dcN (Ko\u00e7 University, Turkey)<br \/>\nAssist. Prof. Dr. Deepak GUPTA (Maharaja Agrasen Insitute of Technology, India)<br \/>\nAssist. Prof. Dr. Dmytro ZUBOV (The University of Information Science and Technology St. Paul the Apostle, Macedonia)<br \/>\nAssist. Prof. Dr. Enis KARAARSLAN (Mu\u011fla S\u0131tk\u0131 Ko\u00e7man University,\u00a0Turkey)<br \/>\nAssist. Prof. Dr. Erdal AYDEM\u0130R (S\u00fcleyman Demirel University, Turkey)<br \/>\nAssist. Prof. Dr. Esin YAVUZ (S\u00fcleyman Demirel University, Turkey)<br \/>\nAssist. Prof. Dr. Fatih G\u00d6K\u00c7E (S\u00fcleyman Demirel University, Turkey)<br \/>\nAssist. Prof. Dr. G\u00fcr Emre G\u00dcRAKSIN (Afyon Kocatepe University, Turkey)<br \/>\nAssist. Prof. Dr. Iulian FURDU (Vasile Alecsandri University of Bacau, Romania)<br \/>\nAssist. Prof. Dr. Mehmet KAYAKU\u015e (Akdeniz University, Turkey)<br \/>\nAssist. Prof. Dr. Mehmet Onur OLGUN (S\u00fcleyman Demirel University, Turkey)<br \/>\nAssist. Prof. Dr. Mustafa Nuri URAL (G\u00fcm\u00fc\u015fhane University, Turkey)<br \/>\nAssist. Prof. Dr. Okan ORAL (Akdeniz University, Turkey)<br \/>\nAssist. Prof. Dr. Osman PALANCI (S\u00fcleyman Demirel University, Turkey)<br \/>\nAssist. Prof. Dr. Paniel Reyes CARDENAS (Popular Autonomous University of the State of Puebla, Mexico)<br \/>\nAssist. Prof. Dr. S. T. VEENA (Kamaraj Engineering and Technology University, India)<br \/>\nAssist. Prof. Dr. Serdar B\u0130RO\u011eUL (D\u00fczce University, Turkey)<br \/>\nAssist. Prof. Dr. Serdar \u00c7\u0130FT\u00c7\u0130 (Harran University, Turkey)<br \/>\nAssist. Prof. Dr. Ufuk \u00d6ZKAYA (S\u00fcleyman Demirel University, Turkey)<br \/>\nAssist. Prof. Dr. Veli \u00c7APALI (U\u015fak University, Turkey)<br \/>\nAssist. Prof. Dr. Vishal KUMAR (Bipin Tripathi Kumaon Institute of Technology, India)<br \/>\nAssist. Prof. Dr. Bekir AKSOY (Applied Sciences University of Isparta, Turkey)<br \/>\nAssist. Prof. Dr. Remzi INAN (Applied Sciences University of Isparta, Turkey)<br \/>\nLect. Dr. Anand NAYYAR (Duy Tan University, Vietnam)<br \/>\nLect. Dr. Bogdan PATRUT (Alexandru Ioan Cuza University of Iasi, Romania)<br \/>\nLect. Dr. Simona Elena VARLAN (Vasile Alecsandri University of Bacau, Romania)<br \/>\nDr. Ashok PRAJAPATI (FANUC America Corp., USA)<br \/>\nDr. Katarzyna Rutczy\u0144ska-Wdowiak (Kielce University of Technology, Poland)<br \/>\nDr. Mustafa K\u00dc\u00c7\u00dcKAL\u0130 (Information and Communication Technologies Authority)<br \/>\nDr. Nabi IBADOV (Warsaw University of Technology, Poland)<br \/>\nDr. \u00d6zkan \u00dcNSAL (S\u00fcleyman Demirel University, Turkey)<br \/>\nTim JAQUES (International Project Management Association, USA)<\/td>\n<\/tr>\n<\/tbody>\n<\/table>\n","protected":false},"excerpt":{"rendered":"<p>Bilim Komitesi Prof. Dr. Tuncay Y\u0130\u011e\u0130T (Genel Ba\u015fkan, S\u00fcleyman Demirel \u00dcniversitesi, T\u00fcrkiye) Do\u00e7. Dr. Utku K\u00d6SE (Komite Ba\u015fkan\u0131, S\u00fcleyman Demirel&hellip; <\/p>\n","protected":false},"author":1,"featured_media":0,"parent":0,"menu_order":0,"comment_status":"closed","ping_status":"closed","template":"","meta":{"footnotes":""},"class_list":["post-2051","page","type-page","status-publish","hentry"],"translation":{"provider":"WPGlobus","version":"3.0.0","language":"tr","enabled_languages":["en","tr"],"languages":{"en":{"title":true,"content":true,"excerpt":false},"tr":{"title":true,"content":true,"excerpt":false}}},"_links":{"self":[{"href":"http:\/\/icaiame.com\/tr\/wp-json\/wp\/v2\/pages\/2051","targetHints":{"allow":["GET"]}}],"collection":[{"href":"http:\/\/icaiame.com\/tr\/wp-json\/wp\/v2\/pages"}],"about":[{"href":"http:\/\/icaiame.com\/tr\/wp-json\/wp\/v2\/types\/page"}],"author":[{"embeddable":true,"href":"http:\/\/icaiame.com\/tr\/wp-json\/wp\/v2\/users\/1"}],"replies":[{"embeddable":true,"href":"http:\/\/icaiame.com\/tr\/wp-json\/wp\/v2\/comments?post=2051"}],"version-history":[{"count":2,"href":"http:\/\/icaiame.com\/tr\/wp-json\/wp\/v2\/pages\/2051\/revisions"}],"predecessor-version":[{"id":2535,"href":"http:\/\/icaiame.com\/tr\/wp-json\/wp\/v2\/pages\/2051\/revisions\/2535"}],"wp:attachment":[{"href":"http:\/\/icaiame.com\/tr\/wp-json\/wp\/v2\/media?parent=2051"}],"curies":[{"name":"wp","href":"https:\/\/api.w.org\/{rel}","templated":true}]}}