{"id":3059,"date":"2022-05-24T21:58:00","date_gmt":"2022-05-24T21:58:00","guid":{"rendered":"http:\/\/icaiame.com\/?page_id=3059"},"modified":"2022-05-24T22:26:58","modified_gmt":"2022-05-24T22:26:58","slug":"scientific-committee-2022","status":"publish","type":"page","link":"http:\/\/icaiame.com\/tr\/scientific-committee-2022","title":{"rendered":"Bilim Komitesi \/ Kurulu 2022"},"content":{"rendered":"<\/p>\n<!-- \/wp:post-content -->\n\n<!-- wp:paragraph -->\n<p>Prof. Dr. Tuncay Y\u0130\u011e\u0130T (<strong>Genel Ba\u015fkan<\/strong>, S\u00fcleyman Demirel University, Turkey)<\/p>\n<!-- \/wp:paragraph -->\n\n<!-- wp:paragraph -->\n<p>Assoc. Prof. Dr. Utku K\u00d6SE (<strong>Komite Ba\u015fkan\u0131<\/strong>, S\u00fcleyman Demirel University, Turkey)<\/p>\n<!-- \/wp:paragraph -->\n\n<!-- wp:paragraph -->\n<p>Prof. Dr. Ahmet Bedri \u00d6ZER (F\u0131rat University, Turkey)<\/p>\n<!-- \/wp:paragraph -->\n\n<!-- wp:paragraph -->\n<p>Prof. Dr. Akram M. ZEK\u0130 (Malaysia International Islamic University, Malaysia)<\/p>\n<!-- \/wp:paragraph -->\n\n<!-- wp:paragraph -->\n<p>Prof. Dr. Ali KE\u00c7EBA\u015e (Mu\u011fla S\u0131tk\u0131 Ko\u00e7man University,&nbsp;Turkey)<\/p>\n<!-- \/wp:paragraph -->\n\n<!-- wp:paragraph -->\n<p>Prof. Dr. Ali \u00d6ZT\u00dcRK (D\u00fczce University, Turkey)<\/p>\n<!-- \/wp:paragraph -->\n\n<!-- wp:paragraph -->\n<p>Prof. Dr. Anar AD\u0130LO\u011eLU (S\u00fcleyman Demirel University, Turkey)<\/p>\n<!-- \/wp:paragraph -->\n\n<!-- wp:paragraph -->\n<p>Prof. Dr. Aslanbek NAZIEV (Ryazan State University, Russia)<\/p>\n<!-- \/wp:paragraph -->\n\n<!-- wp:paragraph -->\n<p>Prof. Dr. Arif \u00d6ZKAN (Kocaeli University, Turkey)<\/p>\n<!-- \/wp:paragraph -->\n\n<!-- wp:paragraph -->\n<p>Prof. Dr. Ayd\u0131n \u00c7ET\u0130N (Gazi University, Turkey)<\/p>\n<!-- \/wp:paragraph -->\n\n<!-- wp:paragraph -->\n<p>Prof. Dr. Ayhan ERDEM (Gazi University, Turkey)<\/p>\n<!-- \/wp:paragraph -->\n\n<!-- wp:paragraph -->\n<p>Prof. Dr. Cemal YILMAZ (Mingachevir State University, Azerbaijan)<\/p>\n<!-- \/wp:paragraph -->\n\n<!-- wp:paragraph -->\n<p>Prof. Dr. \u00c7etin ELMAS (Azerbaijan Technical University &#8211; Vice Rector, Azerbaijan)<\/p>\n<!-- \/wp:paragraph -->\n\n<!-- wp:paragraph -->\n<p>Prof. Dr. Daniela Elena POPESCU (University of Oradea, Romania)<\/p>\n<!-- \/wp:paragraph -->\n\n<!-- wp:paragraph -->\n<p>Prof. Dr. Eduardo VASCONCELOS (Goias State University, Brazil)<\/p>\n<!-- \/wp:paragraph -->\n\n<!-- wp:paragraph -->\n<p>Prof. Dr. Ekrem SAVA\u015e (Rector of U\u015fak University, Turkey)<\/p>\n<!-- \/wp:paragraph -->\n\n<!-- wp:paragraph -->\n<p>Prof. Dr. Ender OZCAN (Nottingham University, England)<\/p>\n<!-- \/wp:paragraph -->\n\n<!-- wp:paragraph -->\n<p>Prof. Dr. Ercan Nurcan YILMAZ (Mingachevir State University, Azerbaijan)<\/p>\n<!-- \/wp:paragraph -->\n\n<!-- wp:paragraph -->\n<p>Prof. Dr. Erdal KILI\u00c7 (Samsun 19 May University, Turkey)<\/p>\n<!-- \/wp:paragraph -->\n\n<!-- wp:paragraph -->\n<p>Prof. Dr. E\u015fref ADALI, (\u0130stanbul Technical University, Turkey)<\/p>\n<!-- \/wp:paragraph -->\n\n<!-- wp:paragraph -->\n<p>Prof. Dr. G\u00fcltekin \u00d6ZDEM\u0130R (S\u00fcleyman Demirel University, Turkey)<\/p>\n<!-- \/wp:paragraph -->\n\n<!-- wp:paragraph -->\n<p>Prof. Dr. Hamdi Tolga KAHRAMAN (Karadeniz Technical University, Turkey) <\/p>\n<!-- \/wp:paragraph -->\n\n<!-- wp:paragraph -->\n<p>Prof. Dr. H\u00fcseyin DEM\u0130R (Samsun 19 May University, Turkey)<\/p>\n<!-- \/wp:paragraph -->\n\n<!-- wp:paragraph -->\n<p>Prof. Dr. H\u00fcseyin MERDAN (TOBB Economy and Technology University, Turkey)<\/p>\n<!-- \/wp:paragraph -->\n\n<!-- wp:paragraph -->\n<p>Prof. Dr. H\u00fcseyin \u015eEKER (Birmingham City University, England)<\/p>\n<!-- \/wp:paragraph -->\n\n<!-- wp:paragraph -->\n<p>Prof. Dr. Igbal BABAYEV (Azerbaijan Technical University, Azerbaijan)<\/p>\n<!-- \/wp:paragraph -->\n\n<!-- wp:paragraph -->\n<p>Prof. Dr. Igor LITVINCHEV (Nuevo Leon State University, Mexico)<\/p>\n<!-- \/wp:paragraph -->\n\n<!-- wp:paragraph -->\n<p>Prof. Dr. \u0130brahim \u00dc\u00c7G\u00dcL (S\u00fcleyman Demirel University, Turkey)<\/p>\n<!-- \/wp:paragraph -->\n\n<!-- wp:paragraph -->\n<p>Prof. Dr. \u0130brahim Y\u00dcCEDA\u011e (D\u00fczce University, Turkey)<\/p>\n<!-- \/wp:paragraph -->\n\n<!-- wp:paragraph -->\n<p>Prof. Dr. \u0130lhan KO\u015eALAY (Ankara University, Turkey)<\/p>\n<!-- \/wp:paragraph -->\n\n<!-- wp:paragraph -->\n<p>Prof. Dr. Jose Antonio MARMOLEJO (Panamerican University, Mexico)<\/p>\n<!-- \/wp:paragraph -->\n\n<!-- wp:paragraph -->\n<p>Prof. Dr. Jude HEMANTH (Karunya University, India)<\/p>\n<!-- \/wp:paragraph -->\n\n<!-- wp:paragraph -->\n<p>Prof. Dr. Junzo WATADA (Universiti Teknologi PETRONAS, Malaysia)<\/p>\n<!-- \/wp:paragraph -->\n\n<!-- wp:paragraph -->\n<p>Prof. Dr. Kemal POLAT (Bolu Abant \u0130zzet Baysal University, Turkey)<\/p>\n<!-- \/wp:paragraph -->\n\n<!-- wp:paragraph -->\n<p>Prof. Dr. Marat AKHMET (Middle East Technical University, Turkey)<\/p>\n<!-- \/wp:paragraph -->\n\n<!-- wp:paragraph -->\n<p>Prof. Dr. Marwan BIKDASH (North Carolina Agricultural and Technical State University, USA)<\/p>\n<!-- \/wp:paragraph -->\n\n<!-- wp:paragraph -->\n<p>Prof. Dr. Mehmet Ali AK\u00c7AYOL (Gazi University, Turkey)<\/p>\n<!-- \/wp:paragraph -->\n\n<!-- wp:paragraph -->\n<p>Prof. Dr. Mehmet G\u00dcRDAL (S\u00fcleyman Demirel University, Turkey)<\/p>\n<!-- \/wp:paragraph -->\n\n<!-- wp:paragraph -->\n<p>Prof. Dr. Mehmet KARAK\u00d6SE (F\u0131rat University, Turkey)<\/p>\n<!-- \/wp:paragraph -->\n\n<!-- wp:paragraph -->\n<p>Prof. Dr. Mehmet S\u0131ra\u00e7 \u00d6ZERDEM (Dicle University, Turkey)<\/p>\n<!-- \/wp:paragraph -->\n\n<!-- wp:paragraph -->\n<p>Prof. Dr. Melih G\u00dcNAY (Akdeniz University, Turkey)<\/p>\n<!-- \/wp:paragraph -->\n\n<!-- wp:paragraph -->\n<p>Prof. Dr. Muharrem Tolga SAKALLI (Trakya University, Turkey)<\/p>\n<!-- \/wp:paragraph -->\n\n<!-- wp:paragraph -->\n<p>Prof. Dr. Murat KALE (D\u00fczce University, Turkey)<\/p>\n<!-- \/wp:paragraph -->\n\n<!-- wp:paragraph -->\n<p>Prof. Dr. Mostafa Maslouhi (IbnTofail University, Morocco)<\/p>\n<!-- \/wp:paragraph -->\n\n<!-- wp:paragraph -->\n<p>Prof. Dr. Mustafa ALKAN (Gazi University, Turkey)<\/p>\n<!-- \/wp:paragraph -->\n\n<!-- wp:paragraph -->\n<p>Prof. Dr. Nihat \u00d6ZT\u00dcRK (Gazi University, Turkey)<\/p>\n<!-- \/wp:paragraph -->\n\n<!-- wp:paragraph -->\n<p>Prof. Dr. Norita Md Norwawi (Universiti Sains Islam Malaysia, Malaysia)<\/p>\n<!-- \/wp:paragraph -->\n\n<!-- wp:paragraph -->\n<p>Prof. Dr. Nuri \u00d6ZALP (Ankara University, Turkey)<\/p>\n<!-- \/wp:paragraph -->\n\n<!-- wp:paragraph -->\n<p>Prof. Dr. Nurali YUSUFBEYL\u0130 (Azerbaijan Technical University, Azerbaijan)<\/p>\n<!-- \/wp:paragraph -->\n\n<!-- wp:paragraph -->\n<p>Prof. Dr. Okan B\u0130NG\u00d6L (Applied Sciences University of Isparta, Turkey)<\/p>\n<!-- \/wp:paragraph -->\n\n<!-- wp:paragraph -->\n<p>Prof. Dr. Oktay DUMAN (TOBB Economy and Technology University, Turkey)<\/p>\n<!-- \/wp:paragraph -->\n\n<!-- wp:paragraph -->\n<p>Prof. Dr. \u00d6mer AKIN (TOBB Economy and Technology University, Turkey)<\/p>\n<!-- \/wp:paragraph -->\n\n<!-- wp:paragraph -->\n<p>Prof. Dr. \u00d6mer Faruk BAY (Gazi University, Turkey)<\/p>\n<!-- \/wp:paragraph -->\n\n<!-- wp:paragraph -->\n<p>Prof. Dr. Recep DEM\u0130RC\u0130 (Gazi University, Turkey)<\/p>\n<!-- \/wp:paragraph -->\n\n<!-- wp:paragraph -->\n<p>Prof. Dr. Resul KARA (D\u00fczce University, Turkey)<\/p>\n<!-- \/wp:paragraph -->\n\n<!-- wp:paragraph -->\n<p>Prof. Dr. Re\u015fat SELBA\u015e, (Applied Sciences University of Isparta, Turkey)<\/p>\n<!-- \/wp:paragraph -->\n\n<!-- wp:paragraph -->\n<p>Prof. Dr. Sabri KO\u00c7ER (Necmettin Erbakan University, Turkey)<\/p>\n<!-- \/wp:paragraph -->\n\n<!-- wp:paragraph -->\n<p>Prof. Dr. Sad\u0131k \u00dcLKER (European University of Lefke, Cyprus)<\/p>\n<!-- \/wp:paragraph -->\n\n<!-- wp:paragraph -->\n<p>Prof. Dr. Sergey BUSHUYEV (Kyiv National University, Ukraine)<\/p>\n<!-- \/wp:paragraph -->\n\n<!-- wp:paragraph -->\n<p>Prof. Dr. Sezai TOKAT (Pamukkale University, Turkey)<\/p>\n<!-- \/wp:paragraph -->\n\n<!-- wp:paragraph -->\n<p>Prof. Dr. \u015eemsettin KILIN\u00c7ARSLAN (S\u00fcleyman Demirel University, Turkey) <\/p>\n<!-- \/wp:paragraph -->\n\n<!-- wp:paragraph -->\n<p>Prof. Dr. Turan Erman ERKAN (At\u0131l\u0131m University, Turkey)<\/p>\n<!-- \/wp:paragraph -->\n\n<!-- wp:paragraph -->\n<p>Prof. Dr. U\u011fur G\u00dcVEN\u00c7 (D\u00fczce University, Turkey) <\/p>\n<!-- \/wp:paragraph -->\n\n<!-- wp:paragraph -->\n<p>Prof. Dr. Yusuf \u00d6NER (Pamukkale University, Turkey)<\/p>\n<!-- \/wp:paragraph -->\n\n<!-- wp:paragraph -->\n<p>Prof. Dr. Yusuf S\u00d6NMEZ (Azerbaijan Technical University, Azerbaijan) <\/p>\n<!-- \/wp:paragraph -->\n\n<!-- wp:paragraph -->\n<p>Assoc. Prof. Dr. Abdulkadir KARACI (Kastamonu University, Turkey)<\/p>\n<!-- \/wp:paragraph -->\n\n<!-- wp:paragraph -->\n<p>Assoc. Prof. Dr.&nbsp;Aida Mustafayeva (Mingachevir State University, Azerbaijan)<\/p>\n<!-- \/wp:paragraph -->\n\n<!-- wp:paragraph -->\n<p>Assoc. Prof. Dr. Ahmet C\u00fcneyd TANTU\u011e (\u0130stanbul Technical University, Turkey)<\/p>\n<!-- \/wp:paragraph -->\n\n<!-- wp:paragraph -->\n<p>Assoc. Prof. Dr.&nbsp;Alexandrina Mirela PATER (University of Oradea, Romania)<\/p>\n<!-- \/wp:paragraph -->\n\n<!-- wp:paragraph -->\n<p>Assoc. Prof. Dr. Ali Hakan I\u015eIK (Mehmet Akif Ersoy University, Turkey)<\/p>\n<!-- \/wp:paragraph -->\n\n<!-- wp:paragraph -->\n<p>Assoc. Prof. Dr. Almaz Aliyeva (Mingachevir State University, Azerbaijan)<\/p>\n<!-- \/wp:paragraph -->\n\n<!-- wp:paragraph -->\n<p>Assoc. Prof. Dr. As\u0131m Sinan Y\u00dcKSEL (S\u00fcleyman Demirel University, Turkey) <\/p>\n<!-- \/wp:paragraph -->\n\n<!-- wp:paragraph -->\n<p>Assoc. Prof. Dr. Bogdan PATRUT (Alexandru Ioan Cuza University of Iasi, Romania)<\/p>\n<!-- \/wp:paragraph -->\n\n<!-- wp:paragraph -->\n<p>Assoc. Prof. Dr. Devrim AKG\u00dcN (Sakarya University, Turkey)<\/p>\n<!-- \/wp:paragraph -->\n\n<!-- wp:paragraph -->\n<p>Assoc. Prof. Dr. Elmira \u0130srafilova (Mingachevir State University, Azerbaijan)<\/p>\n<!-- \/wp:paragraph -->\n\n<!-- wp:paragraph -->\n<p>Assoc. Prof. Dr. Ercan BULU\u015e (Nam\u0131k Kemal University, Turkey)<\/p>\n<!-- \/wp:paragraph -->\n\n<!-- wp:paragraph -->\n<p>Assoc. Prof. Dr. Erdal AYDEM\u0130R (S\u00fcleyman Demirel University, Turkey)<\/p>\n<!-- \/wp:paragraph -->\n\n<!-- wp:paragraph -->\n<p>Assoc. Prof. Dr. Ezgi \u00dcLKER (European University of Lefke, Cyprus)<\/p>\n<!-- \/wp:paragraph -->\n\n<!-- wp:paragraph -->\n<p>Assoc. Prof. Dr. Gamze Y\u00dcKSEL&nbsp;(Mu\u011fla S\u0131tk\u0131 Ko\u00e7man University,&nbsp;Turkey)<\/p>\n<!-- \/wp:paragraph -->\n\n<!-- wp:paragraph -->\n<p>Assoc. Prof. Dr. Hasan H\u00fcseyin SAYAN (Gazi University, Turkey)<\/p>\n<!-- \/wp:paragraph -->\n\n<!-- wp:paragraph -->\n<p>Assoc. Prof. Dr. Halil \u0130brahim KORUCA (S\u00fcleyman Demirel University, Turkey) <\/p>\n<!-- \/wp:paragraph -->\n\n<!-- wp:paragraph -->\n<p>Assoc. Prof. Dr. \u0130smail Serkan \u00dcNC\u00dc (Applied Sciences University of Isparta, Turkey)<\/p>\n<!-- \/wp:paragraph -->\n\n<!-- wp:paragraph -->\n<p>Assoc. Prof. Dr. J. ANITHA (Karunya University, India)<\/p>\n<!-- \/wp:paragraph -->\n\n<!-- wp:paragraph -->\n<p>Assoc. Prof. Dr. M. Kenan D\u00d6\u015eO\u011eLU (D\u00fczce University, Turkey)<\/p>\n<!-- \/wp:paragraph -->\n\n<!-- wp:paragraph -->\n<p>Assoc. Prof. Dr. Mahiyaddin Mehdiyev (Mingachevir State University, Azerbaijan)<\/p>\n<!-- \/wp:paragraph -->\n\n<!-- wp:paragraph -->\n<p>Assoc. Prof. Dr.&nbsp;Mahir \u0130smay\u0131lov (Mingachevir State University, Azerbaijan)<\/p>\n<!-- \/wp:paragraph -->\n\n<!-- wp:paragraph -->\n<p>Assoc. Prof. Dr. Muhammed Hanefi CALP (Karadeniz Technical University, Turkey)<\/p>\n<!-- \/wp:paragraph -->\n\n<!-- wp:paragraph -->\n<p>Assoc. Prof. Dr. Muhammed Maruf \u00d6ZT\u00dcRK&nbsp;(S\u00fcleyman Demirel University, Turkey)<\/p>\n<!-- \/wp:paragraph -->\n\n<!-- wp:paragraph -->\n<p>Assoc. Prof. Dr. Muhubbat Ahmedov (Mingachevir State University, Azerbaijan)<\/p>\n<!-- \/wp:paragraph -->\n\n<!-- wp:paragraph -->\n<p>Assoc. Prof. Dr. Nabi IBADOV (Warsaw University of Technology, Poland)<\/p>\n<!-- \/wp:paragraph -->\n\n<!-- wp:paragraph -->\n<p>Assoc. Prof. Dr. Nevin G\u00fcler D\u0130NCER (Mu\u011fla S\u0131tk\u0131 Ko\u00e7man University,&nbsp;Turkey)<\/p>\n<!-- \/wp:paragraph -->\n\n<!-- wp:paragraph -->\n<p>Assoc. Prof. Dr. Osman \u00d6ZKARACA (Mugla Sitki Kocman University, Turkey)<\/p>\n<!-- \/wp:paragraph -->\n\n<!-- wp:paragraph -->\n<p>Assoc. Prof. Dr. \u00d6zg\u00fcr AKTUN\u00c7 (St. Mary\u2019s University, USA)<\/p>\n<!-- \/wp:paragraph -->\n\n<!-- wp:paragraph -->\n<p>Assoc. Prof. Dr.&nbsp;Parvana Safarova (Mingachevir State University, Azerbaijan)<\/p>\n<!-- \/wp:paragraph -->\n\n<!-- wp:paragraph -->\n<p>Assoc. Prof. Dr. Ramazan \u015eENOL (Applied Sciences University of Isparta, Turkey)<\/p>\n<!-- \/wp:paragraph -->\n\n<!-- wp:paragraph -->\n<p>Assoc. Prof. Dr.&nbsp;Rayiha Agayeva (Mingachevir State University, Azerbaijan)<\/p>\n<!-- \/wp:paragraph -->\n\n<!-- wp:paragraph -->\n<p>Assoc. Prof. Dr. Ridha DERROUICHE (EM Strasbourg Business School, France)<\/p>\n<!-- \/wp:paragraph -->\n\n<!-- wp:paragraph -->\n<p>Assoc. Prof. Dr.&nbsp;Sabuhi Gahramanov (Mingachevir State University, Azerbaijan)<\/p>\n<!-- \/wp:paragraph -->\n\n<!-- wp:paragraph -->\n<p>Assoc. Prof. Dr. Samia CHEHBI GAMOURA (Strasbourg University, France)<\/p>\n<!-- \/wp:paragraph -->\n\n<!-- wp:paragraph -->\n<p>Assoc. Prof. Dr. Sedat AKLEYLEK (Samsun 19 May University, Turkey)<\/p>\n<!-- \/wp:paragraph -->\n\n<!-- wp:paragraph -->\n<p>Assoc. Prof. Dr. Selami KESLER (Pamukkale University, Turkey)<\/p>\n<!-- \/wp:paragraph -->\n\n<!-- wp:paragraph -->\n<p>Assoc. Prof. Dr. Selim K\u00d6RO\u011eLU (Pamukkale University, Turkey)<\/p>\n<!-- \/wp:paragraph -->\n\n<!-- wp:paragraph -->\n<p>Assoc. Prof. Dr. Serdar B\u0130RO\u011eUL (D\u00fczce University, Turkey)<\/p>\n<!-- \/wp:paragraph -->\n\n<!-- wp:paragraph -->\n<p>Assoc. Prof. Dr. Serdar DEM\u0130R (Mu\u011fla S\u0131tk\u0131 Ko\u00e7man University,&nbsp;Turkey)<\/p>\n<!-- \/wp:paragraph -->\n\n<!-- wp:paragraph -->\n<p>Assoc. Prof. Dr. Serhat DUMAN (D\u00fczce University, Turkey)<\/p>\n<!-- \/wp:paragraph -->\n\n<!-- wp:paragraph -->\n<p>Assoc. Prof. Dr. Serkan BALLI (Mu\u011fla S\u0131tk\u0131 Ko\u00e7man University,&nbsp;Turkey)<\/p>\n<!-- \/wp:paragraph -->\n\n<!-- wp:paragraph -->\n<p>Assoc. Prof. Dr.&nbsp;Tarana Yusibova (Mingachevir State University, Azerbaijan)<\/p>\n<!-- \/wp:paragraph -->\n\n<!-- wp:paragraph -->\n<p>Assoc. Prof. Dr. Tiberiu SOCACIU (Stefan cel Mare University of Suceava, Romania)<\/p>\n<!-- \/wp:paragraph -->\n\n<!-- wp:paragraph -->\n<p>Assoc. Prof. Dr. Tolga OVATMAN (\u0130stanbul Technical University, Turkey)<\/p>\n<!-- \/wp:paragraph -->\n\n<!-- wp:paragraph -->\n<p>Assoc. Prof. Dr. \u00dcmit Deniz ULU\u015eAR (Akdeniz University, Turkey)<\/p>\n<!-- \/wp:paragraph -->\n\n<!-- wp:paragraph -->\n<p>Assoc. Prof. Dr.&nbsp;\u00dclker A\u015furova (Mingachevir State University, Azerbaijan)<\/p>\n<!-- \/wp:paragraph -->\n\n<!-- wp:paragraph -->\n<p>Assoc. Prof. Dr. Vefa Muharremova (Mingachevir State University, Azerbaijan)<\/p>\n<!-- \/wp:paragraph -->\n\n<!-- wp:paragraph -->\n<p>Assoc. Prof. Dr. Vusala Mustafayeva (Mingachevir State University, Azerbaijan)<\/p>\n<!-- \/wp:paragraph -->\n\n<!-- wp:paragraph -->\n<p>Assoc. Prof. Dr. V\u00fcgar Mustafayev (Mingachevir State University, Azerbaijan)<\/p>\n<!-- \/wp:paragraph -->\n\n<!-- wp:paragraph -->\n<p>Assist. Prof. Dr. Ali \u015eENT\u00dcRK (Applied Sciences University of Isparta, Turkey)<\/p>\n<!-- \/wp:paragraph -->\n\n<!-- wp:paragraph -->\n<p>Assist. Prof. Dr. Arif KOYUN (S\u00fcleyman Demirel University, Turkey)<\/p>\n<!-- \/wp:paragraph -->\n\n<!-- wp:paragraph -->\n<p>Assist. Prof. Dr. Bar\u0131\u015f AKG\u00dcN (Ko\u00e7 University, Turkey)<\/p>\n<!-- \/wp:paragraph -->\n\n<!-- wp:paragraph -->\n<p>Assist. Prof. Dr. Bekir AKSOY (Isparta Applied Sciences University, Turkey)<\/p>\n<!-- \/wp:paragraph -->\n\n<!-- wp:paragraph -->\n<p>Assist. Prof. Dr. Cevriye ALTINTA\u015e (Isparta Applied Sciences University, Turkey) <\/p>\n<!-- \/wp:paragraph -->\n\n<!-- wp:paragraph -->\n<p>Assist. Prof. Dr. Deepak GUPTA (Maharaja Agrasen Insitute of Technology, India)<\/p>\n<!-- \/wp:paragraph -->\n\n<!-- wp:paragraph -->\n<p>Assist. Prof. Dr. Dmytro ZUBOV (The University of Information Science and Technology St. Paul the Apostle, Macedonia)<\/p>\n<!-- \/wp:paragraph -->\n\n<!-- wp:paragraph -->\n<p>Assist. Prof. Dr. Enis KARAARSLAN (Mu\u011fla S\u0131tk\u0131 Ko\u00e7man University,&nbsp;Turkey)<\/p>\n<!-- \/wp:paragraph -->\n\n<!-- wp:paragraph -->\n<p>Assist. Prof. Dr. Esin YAVUZ (S\u00fcleyman Demirel University, Turkey)<\/p>\n<!-- \/wp:paragraph -->\n\n<!-- wp:paragraph -->\n<p>Assist. Prof. Dr. Fatih G\u00d6K\u00c7E (S\u00fcleyman Demirel University, Turkey)<\/p>\n<!-- \/wp:paragraph -->\n\n<!-- wp:paragraph -->\n<p>Assist. Prof. Dr. Ferdi SARA\u00c7&nbsp;(S\u00fcleyman Demirel University, Turkey)<\/p>\n<!-- \/wp:paragraph -->\n\n<!-- wp:paragraph -->\n<p>Assist. Prof. Dr. G\u00fcl Fatma T\u00dcRKER (S\u00fcleyman Demirel University, Turkey)<\/p>\n<!-- \/wp:paragraph -->\n\n<!-- wp:paragraph -->\n<p>Assist. Prof. Dr. G\u00fcr Emre G\u00dcRAKSIN (Afyon Kocatepe University, Turkey)<\/p>\n<!-- \/wp:paragraph -->\n\n<!-- wp:paragraph -->\n<p>Assist. Prof. Dr. G\u00fcrcan \u00c7ET\u0130N (Mu\u011fla S\u0131tk\u0131 Ko\u00e7man University, Turkey) <\/p>\n<!-- \/wp:paragraph -->\n\n<!-- wp:paragraph -->\n<p>Assist. Prof. Dr. Iulian FURDU (Vasile Alecsandri University of Bacau, Romania)<\/p>\n<!-- \/wp:paragraph -->\n\n<!-- wp:paragraph -->\n<p>Assist. Prof. Dr. Mehmet KAYAKU\u015e (Akdeniz University, Turkey)<\/p>\n<!-- \/wp:paragraph -->\n\n<!-- wp:paragraph -->\n<p>Assist. Prof. Dr. Mehmet Onur OLGUN (S\u00fcleyman Demirel University, Turkey)<\/p>\n<!-- \/wp:paragraph -->\n\n<!-- wp:paragraph -->\n<p>Assist. Prof. Dr. Mevl\u00fct ERSOY (S\u00fcleyman Demirel University, Turkey)<\/p>\n<!-- \/wp:paragraph -->\n\n<!-- wp:paragraph -->\n<p>Assist. Prof. Dr. Murat \u0130NCE (S\u00fcleyman Demirel University, Turkey) <\/p>\n<!-- \/wp:paragraph -->\n\n<!-- wp:paragraph -->\n<p>Assist. Prof. Dr. Mustafa Nuri URAL (G\u00fcm\u00fc\u015fhane University, Turkey)<\/p>\n<!-- \/wp:paragraph -->\n\n<!-- wp:paragraph -->\n<p>Assist. Prof. Dr. Okan ORAL (Akdeniz University, Turkey)<\/p>\n<!-- \/wp:paragraph -->\n\n<!-- wp:paragraph -->\n<p>Assist. Prof. Dr. Osman PALANCI (S\u00fcleyman Demirel University, Turkey)<\/p>\n<!-- \/wp:paragraph -->\n\n<!-- wp:paragraph -->\n<p>Assist. Prof. Dr. Paniel Reyes CARDENAS (Popular Autonomous University of the State of Puebla, Mexico)<\/p>\n<!-- \/wp:paragraph -->\n\n<!-- wp:paragraph -->\n<p>Assist. Prof. Dr. Remzi INAN (Applied Sciences University of Isparta, Turkey)<\/p>\n<!-- \/wp:paragraph -->\n\n<!-- wp:paragraph -->\n<p>Assist. Prof. Dr. S. T. VEENA (Kamaraj Engineering and Technology University, India)<\/p>\n<!-- \/wp:paragraph -->\n\n<!-- wp:paragraph -->\n<p>Assist. Prof. Dr. Serdar B\u0130RO\u011eUL (D\u00fczce University, Turkey)<\/p>\n<!-- \/wp:paragraph -->\n\n<!-- wp:paragraph -->\n<p>Assist. Prof. Dr. Serdar \u00c7\u0130FT\u00c7\u0130 (Harran University, Turkey)<\/p>\n<!-- \/wp:paragraph -->\n\n<!-- wp:paragraph -->\n<p>Assist. Prof. Dr. Ufuk \u00d6ZKAYA (S\u00fcleyman Demirel University, Turkey)<\/p>\n<!-- \/wp:paragraph -->\n\n<!-- wp:paragraph -->\n<p>Assist. Prof. Dr. Veli \u00c7APALI ( S\u00fcleyman Demirel  University, Turkey)<\/p>\n<!-- \/wp:paragraph -->\n\n<!-- wp:paragraph -->\n<p>Assist. Prof. Dr. Vishal KUMAR (Bipin Tripathi Kumaon Institute of Technology, India)<\/p>\n<!-- \/wp:paragraph -->\n\n<!-- wp:paragraph -->\n<p>Lect. Dr. Anand NAYYAR (Duy Tan University, Vietnam)<\/p>\n<!-- \/wp:paragraph -->\n\n<!-- wp:paragraph -->\n<p>Lect. Dr. Hamit ARMA\u011eAN (S\u00fcleyman Demirel University, Turke<span style=\"font-size: revert; background-color: rgba(0, 0, 0, 0.2); color: initial;\">y)<\/span> <\/p>\n<!-- \/wp:paragraph -->\n\n<!-- wp:paragraph -->\n<p>Lect. Dr. Recep \u00c7OLAK (Isparta Applied Sciences University, Turkey) <\/p>\n<!-- \/wp:paragraph -->\n\n<!-- wp:paragraph -->\n<p>Lect. Dr. Simona Elena VARLAN (Vasile Alecsandri University of Bacau, Romania)<\/p>\n<!-- \/wp:paragraph -->\n\n<!-- wp:paragraph -->\n<p>Dr. Ashok PRAJAPATI (FANUC America Corp., USA)<\/p>\n<!-- \/wp:paragraph -->\n\n<!-- wp:paragraph -->\n<p>Dr. Katarzyna Rutczy\u0144ska-Wdowiak (Kielce University of Technology, Poland)<\/p>\n<!-- \/wp:paragraph -->\n\n<!-- wp:paragraph -->\n<p>Dr. Mustafa K\u00dc\u00c7\u00dcKAL\u0130 (Information and Communication Technologies Authority)<\/p>\n<!-- \/wp:paragraph -->\n\n<!-- wp:paragraph -->\n<p>Dr. \u00d6zkan \u00dcNSAL (S\u00fcleyman Demirel University, Turkey)<\/p>\n<!-- \/wp:paragraph -->\n\n<!-- wp:paragraph -->\n<p>Tim JAQUES (International Project Management Association, USA)<\/p>\n<!-- \/wp:paragraph -->\n\n<!-- wp:paragraph -->\n<p>","protected":false},"excerpt":{"rendered":"<p>Prof. Dr. Tuncay Y\u0130\u011e\u0130T (Genel Ba\u015fkan, S\u00fcleyman Demirel University, Turkey) Assoc. Prof. Dr. Utku K\u00d6SE (Komite Ba\u015fkan\u0131, S\u00fcleyman Demirel University,&hellip; <\/p>\n","protected":false},"author":1,"featured_media":0,"parent":0,"menu_order":0,"comment_status":"closed","ping_status":"closed","template":"","meta":{"footnotes":""},"class_list":["post-3059","page","type-page","status-publish","hentry"],"translation":{"provider":"WPGlobus","version":"3.0.0","language":"tr","enabled_languages":["en","tr"],"languages":{"en":{"title":true,"content":true,"excerpt":false},"tr":{"title":true,"content":true,"excerpt":false}}},"_links":{"self":[{"href":"http:\/\/icaiame.com\/tr\/wp-json\/wp\/v2\/pages\/3059","targetHints":{"allow":["GET"]}}],"collection":[{"href":"http:\/\/icaiame.com\/tr\/wp-json\/wp\/v2\/pages"}],"about":[{"href":"http:\/\/icaiame.com\/tr\/wp-json\/wp\/v2\/types\/page"}],"author":[{"embeddable":true,"href":"http:\/\/icaiame.com\/tr\/wp-json\/wp\/v2\/users\/1"}],"replies":[{"embeddable":true,"href":"http:\/\/icaiame.com\/tr\/wp-json\/wp\/v2\/comments?post=3059"}],"version-history":[{"count":2,"href":"http:\/\/icaiame.com\/tr\/wp-json\/wp\/v2\/pages\/3059\/revisions"}],"predecessor-version":[{"id":3069,"href":"http:\/\/icaiame.com\/tr\/wp-json\/wp\/v2\/pages\/3059\/revisions\/3069"}],"wp:attachment":[{"href":"http:\/\/icaiame.com\/tr\/wp-json\/wp\/v2\/media?parent=3059"}],"curies":[{"name":"wp","href":"https:\/\/api.w.org\/{rel}","templated":true}]}}