{"id":1137,"date":"2019-08-14T22:46:54","date_gmt":"2019-08-14T22:46:54","guid":{"rendered":"http:\/\/icaiame.com\/?page_id=1137"},"modified":"2023-04-12T10:24:15","modified_gmt":"2023-04-12T10:24:15","slug":"pastconference","status":"publish","type":"page","link":"https:\/\/icaiame.com\/tr\/pastconference","title":{"rendered":"Ge\u00e7mi\u015f Konferans"},"content":{"rendered":"<p>Ge\u00e7mi\u015f konferanslar hakk\u0131nda daha fazla bilgi i\u00e7in l\u00fctfen \u2018Ge\u00e7mi\u015f Konferans\u2019 men\u00fcs\u00fc alt-men\u00fclerini \/ se\u00e7eneklerini kullan\u0131n\u0131z.<\/p>\n","protected":false},"excerpt":{"rendered":"<p>Ge\u00e7mi\u015f konferanslar hakk\u0131nda daha fazla bilgi i\u00e7in l\u00fctfen \u2018Ge\u00e7mi\u015f Konferans\u2019 men\u00fcs\u00fc alt-men\u00fclerini \/ se\u00e7eneklerini kullan\u0131n\u0131z.<\/p>\n","protected":false},"author":1,"featured_media":0,"parent":0,"menu_order":0,"comment_status":"closed","ping_status":"closed","template":"","meta":{"footnotes":""},"class_list":["post-1137","page","type-page","status-publish","hentry"],"translation":{"provider":"WPGlobus","version":"3.0.0","language":"tr","enabled_languages":["en","tr"],"languages":{"en":{"title":true,"content":true,"excerpt":false},"tr":{"title":true,"content":true,"excerpt":false}}},"_links":{"self":[{"href":"https:\/\/icaiame.com\/tr\/wp-json\/wp\/v2\/pages\/1137","targetHints":{"allow":["GET"]}}],"collection":[{"href":"https:\/\/icaiame.com\/tr\/wp-json\/wp\/v2\/pages"}],"about":[{"href":"https:\/\/icaiame.com\/tr\/wp-json\/wp\/v2\/types\/page"}],"author":[{"embeddable":true,"href":"https:\/\/icaiame.com\/tr\/wp-json\/wp\/v2\/users\/1"}],"replies":[{"embeddable":true,"href":"https:\/\/icaiame.com\/tr\/wp-json\/wp\/v2\/comments?post=1137"}],"version-history":[{"count":7,"href":"https:\/\/icaiame.com\/tr\/wp-json\/wp\/v2\/pages\/1137\/revisions"}],"predecessor-version":[{"id":3630,"href":"https:\/\/icaiame.com\/tr\/wp-json\/wp\/v2\/pages\/1137\/revisions\/3630"}],"wp:attachment":[{"href":"https:\/\/icaiame.com\/tr\/wp-json\/wp\/v2\/media?parent=1137"}],"curies":[{"name":"wp","href":"https:\/\/api.w.org\/{rel}","templated":true}]}}