{"id":127,"date":"2018-10-10T09:46:16","date_gmt":"2018-10-10T09:46:16","guid":{"rendered":"http:\/\/icaiame.com\/?page_id=127"},"modified":"2024-01-30T08:06:20","modified_gmt":"2024-01-30T08:06:20","slug":"scope-topics-2","status":"publish","type":"page","link":"https:\/\/icaiame.com\/tr\/conference\/scope-topics-2","title":{"rendered":"Kapsam \/ Konular"},"content":{"rendered":"<p><strong>Konferans Temel Ba\u015fl\u0131klar\u0131 (bu ba\u015fl\u0131klarla s\u0131n\u0131rl\u0131 olmamak \u00fczere): <\/strong><em>M\u00fchendislik Problemlerinde:<\/em><\/p>\n<ul>\n<li>Makine \u00d6\u011frenmesi Uygulamalar\u0131<\/li>\n<li>Derin \u00d6\u011frenme Uygulamalar\u0131<\/li>\n<li>Zeki Optimizasyon \u00c7\u00f6z\u00fcmleri<\/li>\n<li>Robotik \/ Softrobotik ve Kontrol Uygulamalar\u0131<\/li>\n<li>Hibrit Sistemlerle \u00c7\u00f6z\u00fcmler<\/li>\n<li>Zeki \u00c7\u00f6z\u00fcmler \u0130\u00e7in Algoritma Tasar\u0131m\u0131<\/li>\n<li>G\u00f6r\u00fcnt\u00fc \/ Sinyal \u0130\u015fleme Destekli Zeki \u00c7\u00f6z\u00fcmler<\/li>\n<li>Veri \u0130\u015fleme Odakl\u0131 Zeki \u00c7\u00f6z\u00fcmler<\/li>\n<li>Siber G\u00fcvenlikte Zeki \u00c7\u00f6z\u00fcmler<\/li>\n<li>Siber &#8211; Kritik Altyap\u0131larda Ger\u00e7ek Zamanl\u0131 Uygulamalar<\/li>\n<li>Zeki Sistemlere dayal\u0131 G\u00fcvenlik Protokolleri<\/li>\n<li>Sald\u0131r\u0131 Tespit\/\u00d6nleme Sistemlerinde Zeki \u00c7\u00f6z\u00fcmler<\/li>\n<li>Tahmin ve Te\u015fhis Uygulamalar\u0131<\/li>\n<li>\u0130n\u015faat M\u00fchendisli\u011finde Zeki \u00c7\u00f6z\u00fcmler<\/li>\n<li>Uygulamal\u0131 Matematik ve Yakla\u015f\u0131m Teorisi<\/li>\n<li>Matematiksel Modelleme ve Optimizasyon<\/li>\n<li>Lineer Cebir ve Uygulamalar\u0131<\/li>\n<li>N\u00fcmerik Analiz<\/li>\n<li>Diferansiyel Denklemler ve Uygulamalar\u0131<\/li>\n<li>Olas\u0131l\u0131k ve \u0130statistik<\/li>\n<li>Kriptografi<\/li>\n<li>Y\u00f6neylem Ara\u015ft\u0131rmas\u0131 ve Geleneksel Optimizasyon<\/li>\n<li>Ayr\u0131k Matematik ve Kontrol<\/li>\n<li>Nonlineer Dinamik Sistemler ve Kaos<\/li>\n<li>Genel M\u00fchendislik Uygulamalar\u0131<\/li>\n<li>Genel Topoloji<\/li>\n<li>Say\u0131 Teorisi<\/li>\n<li>Algebra Analiz<\/li>\n<li>\u00c7izge Teorisi<\/li>\n<li>Kinematik<\/li>\n<li>Kriptografi<\/li>\n<li>Ye\u015fil Teknoloji M\u00fchendisli\u011fi<\/li>\n<\/ul>\n","protected":false},"excerpt":{"rendered":"<p>Konferans Temel Ba\u015fl\u0131klar\u0131 (bu ba\u015fl\u0131klarla s\u0131n\u0131rl\u0131 olmamak \u00fczere): M\u00fchendislik Problemlerinde: Makine \u00d6\u011frenmesi Uygulamalar\u0131 Derin \u00d6\u011frenme Uygulamalar\u0131 Zeki Optimizasyon \u00c7\u00f6z\u00fcmleri Robotik&hellip; <\/p>\n","protected":false},"author":1,"featured_media":0,"parent":29,"menu_order":3,"comment_status":"closed","ping_status":"closed","template":"","meta":{"footnotes":""},"class_list":["post-127","page","type-page","status-publish","hentry"],"translation":{"provider":"WPGlobus","version":"3.0.0","language":"tr","enabled_languages":["en","tr"],"languages":{"en":{"title":true,"content":true,"excerpt":false},"tr":{"title":true,"content":true,"excerpt":false}}},"_links":{"self":[{"href":"https:\/\/icaiame.com\/tr\/wp-json\/wp\/v2\/pages\/127","targetHints":{"allow":["GET"]}}],"collection":[{"href":"https:\/\/icaiame.com\/tr\/wp-json\/wp\/v2\/pages"}],"about":[{"href":"https:\/\/icaiame.com\/tr\/wp-json\/wp\/v2\/types\/page"}],"author":[{"embeddable":true,"href":"https:\/\/icaiame.com\/tr\/wp-json\/wp\/v2\/users\/1"}],"replies":[{"embeddable":true,"href":"https:\/\/icaiame.com\/tr\/wp-json\/wp\/v2\/comments?post=127"}],"version-history":[{"count":46,"href":"https:\/\/icaiame.com\/tr\/wp-json\/wp\/v2\/pages\/127\/revisions"}],"predecessor-version":[{"id":4012,"href":"https:\/\/icaiame.com\/tr\/wp-json\/wp\/v2\/pages\/127\/revisions\/4012"}],"up":[{"embeddable":true,"href":"https:\/\/icaiame.com\/tr\/wp-json\/wp\/v2\/pages\/29"}],"wp:attachment":[{"href":"https:\/\/icaiame.com\/tr\/wp-json\/wp\/v2\/media?parent=127"}],"curies":[{"name":"wp","href":"https:\/\/api.w.org\/{rel}","templated":true}]}}