{"id":2129,"date":"2021-03-16T11:48:55","date_gmt":"2021-03-16T11:48:55","guid":{"rendered":"http:\/\/icaiame.com\/?page_id=2129"},"modified":"2021-03-16T12:45:18","modified_gmt":"2021-03-16T12:45:18","slug":"icaiame2019","status":"publish","type":"page","link":"https:\/\/icaiame.com\/tr\/icaiame2019","title":{"rendered":"UMYMK 2019"},"content":{"rendered":"<\/p>\n<!-- \/wp:post-content -->\n\n<!-- wp:paragraph -->\n<p><strong>UMYMK 2019 Sonu\u00e7 Raporu. G\u00f6r\u00fcnt\u00fclemek i\u00e7in\u00a0<a rel=\"noreferrer noopener\" href=\"http:\/\/icaiame.com\/wp-content\/uploads\/2019\/09\/UMYMK-ICAIAME_2019_SonucRaporu.pdf\" target=\"_blank\">t\u0131klay\u0131n\u0131z<\/a>.<\/strong><\/p>\n<!-- \/wp:paragraph -->\n\n<!-- wp:paragraph -->\n<p><em>Kabul Edilen \u00d6zetler E-Kitab\u0131na ula\u015fmak i\u00e7in\u00a0<a rel=\"noreferrer noopener\" href=\"http:\/\/icaiame.com\/wp-content\/uploads\/2019\/08\/ICAIAME-2019-Accepted-Abstracts-E-Book.pdf\" target=\"_blank\">t\u0131klay\u0131n\u0131z<\/a>.<\/em><\/p>\n<!-- \/wp:paragraph -->\n\n<!-- wp:paragraph -->\n<p>UMYMK 2019 Detay Program. G\u00f6r\u00fcnt\u00fclemek i\u00e7in&nbsp;<a href=\"http:\/\/icaiame.com\/wp-content\/uploads\/2020\/01\/ICAIAME2019Programme.pdf\" target=\"_blank\" rel=\"noreferrer noopener\">t\u0131klay\u0131n\u0131z<\/a>.<\/p>\n<!-- \/wp:paragraph -->\n\n<!-- wp:paragraph -->\n<p>Bilim Komitesi\/Kurulu 2019. G\u00f6r\u00fcnt\u00fclemek i\u00e7in<a href=\"http:\/\/icaiame.com\/scientific-committee-2019\" target=\"_blank\" rel=\"noreferrer noopener\">t\u0131klay\u0131n\u0131z<\/a>.<\/p>\n<!-- \/wp:paragraph -->\n\n<!-- wp:paragraph -->\n<p><strong>Uluslararas\u0131 M\u00fchendislikte Yapay Zeka ve Uygulamal\u0131 Matematik Konferans\u0131 (UMYMK 2019)<\/strong>,\u00a0<strong>20-21-22 Nisan 2019<\/strong>\u00a0tarihlerinde; Akdeniz\u2019in incisi, T\u00fcrkiye\u2019nin cennet k\u00f6\u015fesi, d\u00fcnyan\u0131n en \u00e7ok ziyaret edilen d\u00f6rd\u00fcnc\u00fc \u015fehri,\u00a0<strong>Antalya<\/strong>\u2019n\u0131n,\u00a0<strong>Manavgat<\/strong>\u00a0il\u00e7esinde ger\u00e7ekle\u015ftirilmi\u015ftir.\u00a0<strong>Bella Resort &amp; Spa\u2019da<\/strong>, uluslararas\u0131 d\u00fczeyde kat\u0131l\u0131ml\u0131 olarak, \u00fc\u00e7 g\u00fcn s\u00fcren konferans\u0131m\u0131z\u0131n ana temas\u0131, m\u00fchendislik uygulamalar\u0131nda Yapay Zeka ve Uygulamal\u0131 Matematik \u00e7\u00f6z\u00fcmleridir. UMYMK 2019 bildiri kapsam\u0131\u00a0<strong>T\u00fcrk\u00e7e<\/strong>\u00a0ve\u00a0<strong>\u0130ngilizce<\/strong>\u2018dir.<\/p>\n<!-- \/wp:paragraph -->\n\n<!-- wp:paragraph -->\n<p><\/p>\n<!-- \/wp:paragraph -->\n\n<!-- wp:heading {\"level\":3} -->\n<h3><strong>UMYMK 2019 Yay\u0131nlar<\/strong><\/h3>\n<!-- \/wp:heading -->\n\n<!-- wp:table -->\n<table style=\"border-collapse: collapse; width: 92.07031249999996%; height: 405px;\" border=\"1\">\n<tbody>\n<tr style=\"height: 405px;\">\n<td style=\"width: 50%; height: 405px;\"><a href=\"http:\/\/www.springer.com\/gp\/book\/9783030361778\"><img loading=\"lazy\" decoding=\"async\" class=\"aligncenter wp-image-1552\" src=\"http:\/\/icaiame.com\/wp-content\/uploads\/2019\/12\/WhatsApp-Image-2019-12-17-at-17.04.20-198x300.jpeg\" alt=\"\" width=\"265\" height=\"400\" srcset=\"https:\/\/icaiame.com\/wp-content\/uploads\/2019\/12\/WhatsApp-Image-2019-12-17-at-17.04.20-198x300.jpeg 198w, https:\/\/icaiame.com\/wp-content\/uploads\/2019\/12\/WhatsApp-Image-2019-12-17-at-17.04.20-677x1024.jpeg 677w, https:\/\/icaiame.com\/wp-content\/uploads\/2019\/12\/WhatsApp-Image-2019-12-17-at-17.04.20-768x1161.jpeg 768w, https:\/\/icaiame.com\/wp-content\/uploads\/2019\/12\/WhatsApp-Image-2019-12-17-at-17.04.20-1016x1536.jpeg 1016w, https:\/\/icaiame.com\/wp-content\/uploads\/2019\/12\/WhatsApp-Image-2019-12-17-at-17.04.20.jpeg 1043w\" sizes=\"auto, (max-width: 265px) 100vw, 265px\" \/><\/a><\/td>\n<td style=\"width: 68.85817524841916%; height: 405px;\"><a href=\"http:\/\/icaiame.com\/wp-content\/uploads\/2019\/12\/ICAIAME_2019_E-Proceeding.pdf\"><img loading=\"lazy\" decoding=\"async\" class=\"aligncenter wp-image-1669\" src=\"http:\/\/icaiame.com\/wp-content\/uploads\/2019\/12\/book_cover-212x300.jpg\" alt=\"\" width=\"283\" height=\"400\" srcset=\"https:\/\/icaiame.com\/wp-content\/uploads\/2019\/12\/book_cover-212x300.jpg 212w, https:\/\/icaiame.com\/wp-content\/uploads\/2019\/12\/book_cover.jpg 424w\" sizes=\"auto, (max-width: 283px) 100vw, 283px\" \/><\/a><\/td>\n<\/tr>\n<\/tbody>\n<\/table>\n<p>\u00a0<\/p>\n<!-- \/wp:table -->\n\n<!-- wp:heading {\"level\":3} -->\n<h3><strong>UMYMK 2019 Davetli Konu\u015fmac\u0131lar<\/strong><\/h3>\n<!-- \/wp:heading -->\n\n<!-- wp:paragraph -->\n<p>1- Prof. Dr. \u00c7etin ELMAS (Gazi University, Turkey)<br><em>\u201cArtificial Intelligence in Project Management\u201d<\/em><\/p>\n<!-- \/wp:paragraph -->\n\n<!-- wp:paragraph -->\n<p>2- Prof. Dr. Ekrem SAVA\u015e (Usak University, Turkey)<br><em>\u201cSome Sequence Spaces Defined By Invariant Mean\u201d<\/em><\/p>\n<!-- \/wp:paragraph -->\n\n<!-- wp:paragraph -->\n<p>3- Prof. Dr. Ali ALLAHVERDI (Kuwait University, Kuwait)<br><em>\u201cHow to Publish Your Paper in a Reputable Journal\u201d<\/em><\/p>\n<!-- \/wp:paragraph -->\n\n<!-- wp:paragraph -->\n<p>4-&nbsp;Assoc. Prof. Dr. Jude HEMANTH&nbsp;(Karunya University, India)<br><em>\u201cInnovative Artificial Intelligence Approaches for Medical Image Analysis\u201d<\/em><\/p>\n<!-- \/wp:paragraph -->\n\n<!-- wp:paragraph -->\n<p>5-&nbsp;Assoc. Prof. Dr. Ender OZCAN&nbsp;(University of Nottingham, England)<br><em>\u201cRecent Progress in Selection Hyper-heuristics for Intelligent Optimisation\u201d<\/em><\/p>\n<!-- \/wp:paragraph -->\n\n<!-- wp:paragraph -->\n<p>6- Assist. Prof. Dr. Paniel Reyes CARDENAS (Popular Autonomous University of the State of Puebla, Mexico)<br><em>\u201cDiagrammatic Reasoning, Topological Mathematics and Artificial Intelligence\u201d<\/em><\/p>\n<!-- \/wp:paragraph -->\n\n<!-- wp:paragraph -->\n<p><\/p>\n<!-- \/wp:paragraph -->\n\n<!-- wp:heading {\"level\":3} -->\n<h3><strong>UMYMK 2019 Galeri<\/strong><\/h3>\n<!-- \/wp:heading -->\n\n<!-- wp:gallery {\"ids\":[1251,1253,1252,1206,1204,1203,1202,1200,1199,1195,1196,1197,1193,1194,1192,1191,1189,1187,1183,1185,1184,1182,1181,1179,1175,1171,1174,1172,1173,1167],\"columns\":5,\"linkTo\":\"file\",\"sizeSlug\":\"thumbnail\"} -->\n<figure class=\"wp-block-gallery columns-5 is-cropped\"><ul class=\"blocks-gallery-grid\"><li class=\"blocks-gallery-item\"><figure><a href=\"http:\/\/icaiame.com\/wp-content\/uploads\/2019\/08\/icaiame-slider4-03.jpg\"><img loading=\"lazy\" decoding=\"async\" width=\"150\" height=\"150\" src=\"http:\/\/icaiame.com\/wp-content\/uploads\/2019\/08\/icaiame-slider4-03-150x150.jpg\" alt=\"\" data-id=\"1251\" data-full-url=\"http:\/\/icaiame.com\/wp-content\/uploads\/2019\/08\/icaiame-slider4-03.jpg\" data-link=\"http:\/\/icaiame.com\/icaiame-slider4-03\" class=\"wp-image-1251\"\/><\/a><\/figure><\/li><li class=\"blocks-gallery-item\"><figure><a href=\"http:\/\/icaiame.com\/wp-content\/uploads\/2019\/08\/icaiame-slider4-01.jpg\"><img loading=\"lazy\" decoding=\"async\" width=\"150\" height=\"150\" src=\"http:\/\/icaiame.com\/wp-content\/uploads\/2019\/08\/icaiame-slider4-01-150x150.jpg\" alt=\"\" data-id=\"1253\" data-full-url=\"http:\/\/icaiame.com\/wp-content\/uploads\/2019\/08\/icaiame-slider4-01.jpg\" data-link=\"http:\/\/icaiame.com\/icaiame-slider4-01\" class=\"wp-image-1253\"\/><\/a><\/figure><\/li><li class=\"blocks-gallery-item\"><figure><a href=\"http:\/\/icaiame.com\/wp-content\/uploads\/2019\/08\/icaiame-slider4-02.jpg\"><img loading=\"lazy\" decoding=\"async\" width=\"150\" height=\"150\" src=\"http:\/\/icaiame.com\/wp-content\/uploads\/2019\/08\/icaiame-slider4-02-150x150.jpg\" alt=\"\" data-id=\"1252\" data-full-url=\"http:\/\/icaiame.com\/wp-content\/uploads\/2019\/08\/icaiame-slider4-02.jpg\" data-link=\"http:\/\/icaiame.com\/icaiame-slider4-02\" class=\"wp-image-1252\"\/><\/a><\/figure><\/li><li class=\"blocks-gallery-item\"><figure><a href=\"http:\/\/icaiame.com\/wp-content\/uploads\/2019\/08\/IMG_2986.jpg\"><img loading=\"lazy\" decoding=\"async\" width=\"150\" height=\"150\" src=\"http:\/\/icaiame.com\/wp-content\/uploads\/2019\/08\/IMG_2986-150x150.jpg\" alt=\"\" data-id=\"1206\" data-full-url=\"http:\/\/icaiame.com\/wp-content\/uploads\/2019\/08\/IMG_2986.jpg\" data-link=\"http:\/\/icaiame.com\/pastconference\/icaiame-2019\/img_2986\" class=\"wp-image-1206\"\/><\/a><\/figure><\/li><li class=\"blocks-gallery-item\"><figure><a href=\"http:\/\/icaiame.com\/wp-content\/uploads\/2019\/08\/IMG_2979.jpg\"><img loading=\"lazy\" decoding=\"async\" width=\"150\" height=\"150\" src=\"http:\/\/icaiame.com\/wp-content\/uploads\/2019\/08\/IMG_2979-150x150.jpg\" alt=\"\" data-id=\"1204\" data-full-url=\"http:\/\/icaiame.com\/wp-content\/uploads\/2019\/08\/IMG_2979.jpg\" data-link=\"http:\/\/icaiame.com\/pastconference\/icaiame-2019\/img_2979\" class=\"wp-image-1204\"\/><\/a><\/figure><\/li><li class=\"blocks-gallery-item\"><figure><a href=\"http:\/\/icaiame.com\/wp-content\/uploads\/2019\/08\/IMG_2974.jpg\"><img loading=\"lazy\" decoding=\"async\" width=\"150\" height=\"150\" src=\"http:\/\/icaiame.com\/wp-content\/uploads\/2019\/08\/IMG_2974-150x150.jpg\" alt=\"\" data-id=\"1203\" data-full-url=\"http:\/\/icaiame.com\/wp-content\/uploads\/2019\/08\/IMG_2974.jpg\" data-link=\"http:\/\/icaiame.com\/pastconference\/icaiame-2019\/img_2974\" class=\"wp-image-1203\"\/><\/a><\/figure><\/li><li class=\"blocks-gallery-item\"><figure><a href=\"http:\/\/icaiame.com\/wp-content\/uploads\/2019\/08\/IMG_2967.jpg\"><img loading=\"lazy\" decoding=\"async\" width=\"150\" height=\"150\" src=\"http:\/\/icaiame.com\/wp-content\/uploads\/2019\/08\/IMG_2967-150x150.jpg\" alt=\"\" data-id=\"1202\" data-full-url=\"http:\/\/icaiame.com\/wp-content\/uploads\/2019\/08\/IMG_2967.jpg\" data-link=\"http:\/\/icaiame.com\/pastconference\/icaiame-2019\/img_2967\" class=\"wp-image-1202\"\/><\/a><\/figure><\/li><li class=\"blocks-gallery-item\"><figure><a href=\"http:\/\/icaiame.com\/wp-content\/uploads\/2019\/08\/IMG_2920.jpg\"><img loading=\"lazy\" decoding=\"async\" width=\"1024\" height=\"683\" src=\"http:\/\/icaiame.com\/wp-content\/uploads\/2019\/08\/IMG_2920-1024x683.jpg\" alt=\"\" data-id=\"1200\" data-full-url=\"http:\/\/icaiame.com\/wp-content\/uploads\/2019\/08\/IMG_2920.jpg\" data-link=\"http:\/\/icaiame.com\/pastconference\/icaiame-2019\/img_2920\" class=\"wp-image-1200\" srcset=\"https:\/\/icaiame.com\/wp-content\/uploads\/2019\/08\/IMG_2920-1024x683.jpg 1024w, https:\/\/icaiame.com\/wp-content\/uploads\/2019\/08\/IMG_2920-300x200.jpg 300w, https:\/\/icaiame.com\/wp-content\/uploads\/2019\/08\/IMG_2920-768x512.jpg 768w\" sizes=\"auto, (max-width: 1024px) 100vw, 1024px\" \/><\/a><\/figure><\/li><li class=\"blocks-gallery-item\"><figure><a href=\"http:\/\/icaiame.com\/wp-content\/uploads\/2019\/08\/IMG_2895.jpg\"><img loading=\"lazy\" decoding=\"async\" width=\"1024\" height=\"683\" src=\"http:\/\/icaiame.com\/wp-content\/uploads\/2019\/08\/IMG_2895-1024x683.jpg\" alt=\"\" data-id=\"1199\" data-full-url=\"http:\/\/icaiame.com\/wp-content\/uploads\/2019\/08\/IMG_2895.jpg\" data-link=\"http:\/\/icaiame.com\/pastconference\/icaiame-2019\/img_2895\" class=\"wp-image-1199\" srcset=\"https:\/\/icaiame.com\/wp-content\/uploads\/2019\/08\/IMG_2895-1024x683.jpg 1024w, https:\/\/icaiame.com\/wp-content\/uploads\/2019\/08\/IMG_2895-300x200.jpg 300w, https:\/\/icaiame.com\/wp-content\/uploads\/2019\/08\/IMG_2895-768x512.jpg 768w\" sizes=\"auto, (max-width: 1024px) 100vw, 1024px\" \/><\/a><\/figure><\/li><li class=\"blocks-gallery-item\"><figure><a href=\"http:\/\/icaiame.com\/wp-content\/uploads\/2019\/08\/IMG_2841.jpg\"><img loading=\"lazy\" decoding=\"async\" width=\"150\" height=\"150\" src=\"http:\/\/icaiame.com\/wp-content\/uploads\/2019\/08\/IMG_2841-150x150.jpg\" alt=\"\" data-id=\"1195\" data-full-url=\"http:\/\/icaiame.com\/wp-content\/uploads\/2019\/08\/IMG_2841.jpg\" data-link=\"http:\/\/icaiame.com\/pastconference\/icaiame-2019\/img_2841\" class=\"wp-image-1195\"\/><\/a><\/figure><\/li><li class=\"blocks-gallery-item\"><figure><a href=\"http:\/\/icaiame.com\/wp-content\/uploads\/2019\/08\/IMG_2868.jpg\"><img loading=\"lazy\" decoding=\"async\" width=\"1024\" height=\"683\" src=\"http:\/\/icaiame.com\/wp-content\/uploads\/2019\/08\/IMG_2868-1024x683.jpg\" alt=\"\" data-id=\"1196\" data-full-url=\"http:\/\/icaiame.com\/wp-content\/uploads\/2019\/08\/IMG_2868.jpg\" data-link=\"http:\/\/icaiame.com\/pastconference\/icaiame-2019\/img_2868\" class=\"wp-image-1196\" srcset=\"https:\/\/icaiame.com\/wp-content\/uploads\/2019\/08\/IMG_2868-1024x683.jpg 1024w, https:\/\/icaiame.com\/wp-content\/uploads\/2019\/08\/IMG_2868-300x200.jpg 300w, https:\/\/icaiame.com\/wp-content\/uploads\/2019\/08\/IMG_2868-768x512.jpg 768w\" sizes=\"auto, (max-width: 1024px) 100vw, 1024px\" \/><\/a><\/figure><\/li><li class=\"blocks-gallery-item\"><figure><a href=\"http:\/\/icaiame.com\/wp-content\/uploads\/2019\/08\/IMG_2877.jpg\"><img loading=\"lazy\" decoding=\"async\" width=\"1024\" height=\"683\" src=\"http:\/\/icaiame.com\/wp-content\/uploads\/2019\/08\/IMG_2877-1024x683.jpg\" alt=\"\" data-id=\"1197\" data-full-url=\"http:\/\/icaiame.com\/wp-content\/uploads\/2019\/08\/IMG_2877.jpg\" data-link=\"http:\/\/icaiame.com\/pastconference\/icaiame-2019\/img_2877\" class=\"wp-image-1197\" srcset=\"https:\/\/icaiame.com\/wp-content\/uploads\/2019\/08\/IMG_2877-1024x683.jpg 1024w, https:\/\/icaiame.com\/wp-content\/uploads\/2019\/08\/IMG_2877-300x200.jpg 300w, https:\/\/icaiame.com\/wp-content\/uploads\/2019\/08\/IMG_2877-768x512.jpg 768w\" sizes=\"auto, (max-width: 1024px) 100vw, 1024px\" \/><\/a><\/figure><\/li><li class=\"blocks-gallery-item\"><figure><a href=\"http:\/\/icaiame.com\/wp-content\/uploads\/2019\/08\/IMG_2764.jpg\"><img loading=\"lazy\" decoding=\"async\" width=\"1024\" height=\"683\" src=\"http:\/\/icaiame.com\/wp-content\/uploads\/2019\/08\/IMG_2764-1024x683.jpg\" alt=\"\" data-id=\"1193\" data-full-url=\"http:\/\/icaiame.com\/wp-content\/uploads\/2019\/08\/IMG_2764.jpg\" data-link=\"http:\/\/icaiame.com\/pastconference\/icaiame-2019\/img_2764\" class=\"wp-image-1193\" srcset=\"https:\/\/icaiame.com\/wp-content\/uploads\/2019\/08\/IMG_2764-1024x683.jpg 1024w, https:\/\/icaiame.com\/wp-content\/uploads\/2019\/08\/IMG_2764-300x200.jpg 300w, https:\/\/icaiame.com\/wp-content\/uploads\/2019\/08\/IMG_2764-768x512.jpg 768w\" sizes=\"auto, (max-width: 1024px) 100vw, 1024px\" \/><\/a><\/figure><\/li><li class=\"blocks-gallery-item\"><figure><a href=\"http:\/\/icaiame.com\/wp-content\/uploads\/2019\/08\/IMG_2768.jpg\"><img loading=\"lazy\" decoding=\"async\" width=\"150\" height=\"150\" src=\"http:\/\/icaiame.com\/wp-content\/uploads\/2019\/08\/IMG_2768-150x150.jpg\" alt=\"\" data-id=\"1194\" data-full-url=\"http:\/\/icaiame.com\/wp-content\/uploads\/2019\/08\/IMG_2768.jpg\" data-link=\"http:\/\/icaiame.com\/pastconference\/icaiame-2019\/img_2768\" class=\"wp-image-1194\"\/><\/a><\/figure><\/li><li class=\"blocks-gallery-item\"><figure><a href=\"http:\/\/icaiame.com\/wp-content\/uploads\/2019\/08\/IMG_2737.jpg\"><img loading=\"lazy\" decoding=\"async\" width=\"1024\" height=\"683\" src=\"http:\/\/icaiame.com\/wp-content\/uploads\/2019\/08\/IMG_2737-1024x683.jpg\" alt=\"\" data-id=\"1192\" data-full-url=\"http:\/\/icaiame.com\/wp-content\/uploads\/2019\/08\/IMG_2737.jpg\" data-link=\"http:\/\/icaiame.com\/pastconference\/icaiame-2019\/img_2737\" class=\"wp-image-1192\" srcset=\"https:\/\/icaiame.com\/wp-content\/uploads\/2019\/08\/IMG_2737-1024x683.jpg 1024w, https:\/\/icaiame.com\/wp-content\/uploads\/2019\/08\/IMG_2737-300x200.jpg 300w, https:\/\/icaiame.com\/wp-content\/uploads\/2019\/08\/IMG_2737-768x512.jpg 768w\" sizes=\"auto, (max-width: 1024px) 100vw, 1024px\" \/><\/a><\/figure><\/li><li class=\"blocks-gallery-item\"><figure><a href=\"http:\/\/icaiame.com\/wp-content\/uploads\/2019\/08\/IMG_2724.jpg\"><img loading=\"lazy\" decoding=\"async\" width=\"1024\" height=\"683\" src=\"http:\/\/icaiame.com\/wp-content\/uploads\/2019\/08\/IMG_2724-1024x683.jpg\" alt=\"\" data-id=\"1191\" data-full-url=\"http:\/\/icaiame.com\/wp-content\/uploads\/2019\/08\/IMG_2724.jpg\" data-link=\"http:\/\/icaiame.com\/pastconference\/icaiame-2019\/img_2724\" class=\"wp-image-1191\" srcset=\"https:\/\/icaiame.com\/wp-content\/uploads\/2019\/08\/IMG_2724-1024x683.jpg 1024w, https:\/\/icaiame.com\/wp-content\/uploads\/2019\/08\/IMG_2724-300x200.jpg 300w, https:\/\/icaiame.com\/wp-content\/uploads\/2019\/08\/IMG_2724-768x512.jpg 768w\" sizes=\"auto, (max-width: 1024px) 100vw, 1024px\" \/><\/a><\/figure><\/li><li class=\"blocks-gallery-item\"><figure><a href=\"http:\/\/icaiame.com\/wp-content\/uploads\/2019\/08\/IMG_2696.jpg\"><img loading=\"lazy\" decoding=\"async\" width=\"150\" height=\"150\" src=\"http:\/\/icaiame.com\/wp-content\/uploads\/2019\/08\/IMG_2696-150x150.jpg\" alt=\"\" data-id=\"1189\" data-full-url=\"http:\/\/icaiame.com\/wp-content\/uploads\/2019\/08\/IMG_2696.jpg\" data-link=\"http:\/\/icaiame.com\/pastconference\/icaiame-2019\/img_2696\" class=\"wp-image-1189\"\/><\/a><\/figure><\/li><li class=\"blocks-gallery-item\"><figure><a href=\"http:\/\/icaiame.com\/wp-content\/uploads\/2019\/08\/IMG_2683.jpg\"><img loading=\"lazy\" decoding=\"async\" width=\"1024\" height=\"683\" src=\"http:\/\/icaiame.com\/wp-content\/uploads\/2019\/08\/IMG_2683-1024x683.jpg\" alt=\"\" data-id=\"1187\" data-full-url=\"http:\/\/icaiame.com\/wp-content\/uploads\/2019\/08\/IMG_2683.jpg\" data-link=\"http:\/\/icaiame.com\/pastconference\/icaiame-2019\/img_2683\" class=\"wp-image-1187\" srcset=\"https:\/\/icaiame.com\/wp-content\/uploads\/2019\/08\/IMG_2683-1024x683.jpg 1024w, https:\/\/icaiame.com\/wp-content\/uploads\/2019\/08\/IMG_2683-300x200.jpg 300w, https:\/\/icaiame.com\/wp-content\/uploads\/2019\/08\/IMG_2683-768x512.jpg 768w\" sizes=\"auto, (max-width: 1024px) 100vw, 1024px\" \/><\/a><\/figure><\/li><li class=\"blocks-gallery-item\"><figure><a href=\"http:\/\/icaiame.com\/wp-content\/uploads\/2019\/08\/IMG_2595.jpg\"><img loading=\"lazy\" decoding=\"async\" width=\"150\" height=\"150\" src=\"http:\/\/icaiame.com\/wp-content\/uploads\/2019\/08\/IMG_2595-150x150.jpg\" alt=\"\" data-id=\"1183\" data-full-url=\"http:\/\/icaiame.com\/wp-content\/uploads\/2019\/08\/IMG_2595.jpg\" data-link=\"http:\/\/icaiame.com\/pastconference\/icaiame-2019\/img_2595\" class=\"wp-image-1183\"\/><\/a><\/figure><\/li><li class=\"blocks-gallery-item\"><figure><a href=\"http:\/\/icaiame.com\/wp-content\/uploads\/2019\/08\/IMG_2616.jpg\"><img loading=\"lazy\" decoding=\"async\" width=\"1024\" height=\"683\" src=\"http:\/\/icaiame.com\/wp-content\/uploads\/2019\/08\/IMG_2616-1024x683.jpg\" alt=\"\" data-id=\"1185\" data-full-url=\"http:\/\/icaiame.com\/wp-content\/uploads\/2019\/08\/IMG_2616.jpg\" data-link=\"http:\/\/icaiame.com\/pastconference\/icaiame-2019\/img_2616\" class=\"wp-image-1185\" srcset=\"https:\/\/icaiame.com\/wp-content\/uploads\/2019\/08\/IMG_2616-1024x683.jpg 1024w, https:\/\/icaiame.com\/wp-content\/uploads\/2019\/08\/IMG_2616-300x200.jpg 300w, https:\/\/icaiame.com\/wp-content\/uploads\/2019\/08\/IMG_2616-768x512.jpg 768w\" sizes=\"auto, (max-width: 1024px) 100vw, 1024px\" \/><\/a><\/figure><\/li><li class=\"blocks-gallery-item\"><figure><a href=\"http:\/\/icaiame.com\/wp-content\/uploads\/2019\/08\/IMG_2603.jpg\"><img loading=\"lazy\" decoding=\"async\" width=\"150\" height=\"150\" src=\"http:\/\/icaiame.com\/wp-content\/uploads\/2019\/08\/IMG_2603-150x150.jpg\" alt=\"\" data-id=\"1184\" data-full-url=\"http:\/\/icaiame.com\/wp-content\/uploads\/2019\/08\/IMG_2603.jpg\" data-link=\"http:\/\/icaiame.com\/pastconference\/icaiame-2019\/img_2603\" class=\"wp-image-1184\"\/><\/a><\/figure><\/li><li class=\"blocks-gallery-item\"><figure><a href=\"http:\/\/icaiame.com\/wp-content\/uploads\/2019\/08\/IMG_2411.jpg\"><img loading=\"lazy\" decoding=\"async\" width=\"150\" height=\"150\" src=\"http:\/\/icaiame.com\/wp-content\/uploads\/2019\/08\/IMG_2411-150x150.jpg\" alt=\"\" data-id=\"1182\" data-full-url=\"http:\/\/icaiame.com\/wp-content\/uploads\/2019\/08\/IMG_2411.jpg\" data-link=\"http:\/\/icaiame.com\/pastconference\/icaiame-2019\/img_2411\" class=\"wp-image-1182\"\/><\/a><\/figure><\/li><li class=\"blocks-gallery-item\"><figure><a href=\"http:\/\/icaiame.com\/wp-content\/uploads\/2019\/08\/IMG_2344.jpg\"><img loading=\"lazy\" decoding=\"async\" width=\"1024\" height=\"683\" src=\"http:\/\/icaiame.com\/wp-content\/uploads\/2019\/08\/IMG_2344-1024x683.jpg\" alt=\"\" data-id=\"1181\" data-full-url=\"http:\/\/icaiame.com\/wp-content\/uploads\/2019\/08\/IMG_2344.jpg\" data-link=\"http:\/\/icaiame.com\/pastconference\/icaiame-2019\/img_2344\" class=\"wp-image-1181\" srcset=\"https:\/\/icaiame.com\/wp-content\/uploads\/2019\/08\/IMG_2344-1024x683.jpg 1024w, https:\/\/icaiame.com\/wp-content\/uploads\/2019\/08\/IMG_2344-300x200.jpg 300w, https:\/\/icaiame.com\/wp-content\/uploads\/2019\/08\/IMG_2344-768x512.jpg 768w\" sizes=\"auto, (max-width: 1024px) 100vw, 1024px\" \/><\/a><\/figure><\/li><li class=\"blocks-gallery-item\"><figure><a href=\"http:\/\/icaiame.com\/wp-content\/uploads\/2019\/08\/IMG_2330.jpg\"><img loading=\"lazy\" decoding=\"async\" width=\"150\" height=\"150\" src=\"http:\/\/icaiame.com\/wp-content\/uploads\/2019\/08\/IMG_2330-150x150.jpg\" alt=\"\" data-id=\"1179\" data-full-url=\"http:\/\/icaiame.com\/wp-content\/uploads\/2019\/08\/IMG_2330.jpg\" data-link=\"http:\/\/icaiame.com\/pastconference\/icaiame-2019\/img_2330\" class=\"wp-image-1179\"\/><\/a><\/figure><\/li><li class=\"blocks-gallery-item\"><figure><a href=\"http:\/\/icaiame.com\/wp-content\/uploads\/2019\/08\/IMG_2257.jpg\"><img loading=\"lazy\" decoding=\"async\" width=\"150\" height=\"150\" src=\"http:\/\/icaiame.com\/wp-content\/uploads\/2019\/08\/IMG_2257-150x150.jpg\" alt=\"\" data-id=\"1175\" data-full-url=\"http:\/\/icaiame.com\/wp-content\/uploads\/2019\/08\/IMG_2257.jpg\" data-link=\"http:\/\/icaiame.com\/pastconference\/icaiame-2019\/img_2257\" class=\"wp-image-1175\"\/><\/a><\/figure><\/li><li class=\"blocks-gallery-item\"><figure><a href=\"http:\/\/icaiame.com\/wp-content\/uploads\/2019\/08\/IMG_2135.jpg\"><img loading=\"lazy\" decoding=\"async\" width=\"150\" height=\"150\" src=\"http:\/\/icaiame.com\/wp-content\/uploads\/2019\/08\/IMG_2135-150x150.jpg\" alt=\"\" data-id=\"1171\" data-full-url=\"http:\/\/icaiame.com\/wp-content\/uploads\/2019\/08\/IMG_2135.jpg\" data-link=\"http:\/\/icaiame.com\/pastconference\/icaiame-2019\/img_2135\" class=\"wp-image-1171\"\/><\/a><\/figure><\/li><li class=\"blocks-gallery-item\"><figure><a href=\"http:\/\/icaiame.com\/wp-content\/uploads\/2019\/08\/IMG_2247.jpg\"><img loading=\"lazy\" decoding=\"async\" width=\"150\" height=\"150\" src=\"http:\/\/icaiame.com\/wp-content\/uploads\/2019\/08\/IMG_2247-150x150.jpg\" alt=\"\" data-id=\"1174\" data-full-url=\"http:\/\/icaiame.com\/wp-content\/uploads\/2019\/08\/IMG_2247.jpg\" data-link=\"http:\/\/icaiame.com\/pastconference\/icaiame-2019\/img_2247\" class=\"wp-image-1174\"\/><\/a><\/figure><\/li><li class=\"blocks-gallery-item\"><figure><a href=\"http:\/\/icaiame.com\/wp-content\/uploads\/2019\/08\/IMG_2199.jpg\"><img loading=\"lazy\" decoding=\"async\" width=\"150\" height=\"150\" src=\"http:\/\/icaiame.com\/wp-content\/uploads\/2019\/08\/IMG_2199-150x150.jpg\" alt=\"\" data-id=\"1172\" data-full-url=\"http:\/\/icaiame.com\/wp-content\/uploads\/2019\/08\/IMG_2199.jpg\" data-link=\"http:\/\/icaiame.com\/pastconference\/icaiame-2019\/img_2199\" class=\"wp-image-1172\"\/><\/a><\/figure><\/li><li class=\"blocks-gallery-item\"><figure><a href=\"http:\/\/icaiame.com\/wp-content\/uploads\/2019\/08\/IMG_2205.jpg\"><img loading=\"lazy\" decoding=\"async\" width=\"150\" height=\"150\" src=\"http:\/\/icaiame.com\/wp-content\/uploads\/2019\/08\/IMG_2205-150x150.jpg\" alt=\"\" data-id=\"1173\" data-full-url=\"http:\/\/icaiame.com\/wp-content\/uploads\/2019\/08\/IMG_2205.jpg\" data-link=\"http:\/\/icaiame.com\/pastconference\/icaiame-2019\/img_2205\" class=\"wp-image-1173\"\/><\/a><\/figure><\/li><li class=\"blocks-gallery-item\"><figure><a href=\"http:\/\/icaiame.com\/wp-content\/uploads\/2019\/08\/IMG_2115.jpg\"><img loading=\"lazy\" decoding=\"async\" width=\"150\" height=\"150\" src=\"http:\/\/icaiame.com\/wp-content\/uploads\/2019\/08\/IMG_2115-150x150.jpg\" alt=\"\" data-id=\"1167\" data-full-url=\"http:\/\/icaiame.com\/wp-content\/uploads\/2019\/08\/IMG_2115.jpg\" data-link=\"http:\/\/icaiame.com\/pastconference\/icaiame-2019\/img_2115\" class=\"wp-image-1167\"\/><\/a><\/figure><\/li><\/ul><\/figure>\n<!-- \/wp:gallery -->\n\n<!-- wp:paragraph -->\n<p>","protected":false},"excerpt":{"rendered":"<p>UMYMK 2019 Sonu\u00e7 Raporu. G\u00f6r\u00fcnt\u00fclemek i\u00e7in\u00a0t\u0131klay\u0131n\u0131z. Kabul Edilen \u00d6zetler E-Kitab\u0131na ula\u015fmak i\u00e7in\u00a0t\u0131klay\u0131n\u0131z. UMYMK 2019 Detay Program. G\u00f6r\u00fcnt\u00fclemek i\u00e7in&nbsp;t\u0131klay\u0131n\u0131z. Bilim Komitesi\/Kurulu&hellip; <\/p>\n","protected":false},"author":1,"featured_media":0,"parent":0,"menu_order":0,"comment_status":"closed","ping_status":"closed","template":"","meta":{"footnotes":""},"class_list":["post-2129","page","type-page","status-publish","hentry"],"translation":{"provider":"WPGlobus","version":"3.0.0","language":"tr","enabled_languages":["en","tr"],"languages":{"en":{"title":true,"content":true,"excerpt":false},"tr":{"title":true,"content":true,"excerpt":false}}},"_links":{"self":[{"href":"https:\/\/icaiame.com\/tr\/wp-json\/wp\/v2\/pages\/2129","targetHints":{"allow":["GET"]}}],"collection":[{"href":"https:\/\/icaiame.com\/tr\/wp-json\/wp\/v2\/pages"}],"about":[{"href":"https:\/\/icaiame.com\/tr\/wp-json\/wp\/v2\/types\/page"}],"author":[{"embeddable":true,"href":"https:\/\/icaiame.com\/tr\/wp-json\/wp\/v2\/users\/1"}],"replies":[{"embeddable":true,"href":"https:\/\/icaiame.com\/tr\/wp-json\/wp\/v2\/comments?post=2129"}],"version-history":[{"count":44,"href":"https:\/\/icaiame.com\/tr\/wp-json\/wp\/v2\/pages\/2129\/revisions"}],"predecessor-version":[{"id":2454,"href":"https:\/\/icaiame.com\/tr\/wp-json\/wp\/v2\/pages\/2129\/revisions\/2454"}],"wp:attachment":[{"href":"https:\/\/icaiame.com\/tr\/wp-json\/wp\/v2\/media?parent=2129"}],"curies":[{"name":"wp","href":"https:\/\/api.w.org\/{rel}","templated":true}]}}