{"id":23,"date":"2018-10-09T07:23:49","date_gmt":"2018-10-09T07:23:49","guid":{"rendered":"http:\/\/icaiame.com\/?page_id=23"},"modified":"2024-02-13T11:35:53","modified_gmt":"2024-02-13T11:35:53","slug":"contact","status":"publish","type":"page","link":"https:\/\/icaiame.com\/tr\/contact","title":{"rendered":"6. \u0130LET\u0130\u015e\u0130M"},"content":{"rendered":"<p><strong>Her t\u00fcrl\u00fc sorunuz i\u00e7in;<br \/>\n<\/strong> <strong>E-Posta:<\/strong>\u00a0<a href=\"mailto:info@icaiame.com\">info@icaiame.com<\/a><\/p>\n","protected":false},"excerpt":{"rendered":"<p>Her t\u00fcrl\u00fc sorunuz i\u00e7in; E-Posta:\u00a0info@icaiame.com<\/p>\n","protected":false},"author":1,"featured_media":0,"parent":0,"menu_order":0,"comment_status":"closed","ping_status":"closed","template":"","meta":{"footnotes":""},"class_list":["post-23","page","type-page","status-publish","hentry"],"translation":{"provider":"WPGlobus","version":"3.0.0","language":"tr","enabled_languages":["en","tr"],"languages":{"en":{"title":true,"content":true,"excerpt":false},"tr":{"title":true,"content":true,"excerpt":false}}},"_links":{"self":[{"href":"https:\/\/icaiame.com\/tr\/wp-json\/wp\/v2\/pages\/23","targetHints":{"allow":["GET"]}}],"collection":[{"href":"https:\/\/icaiame.com\/tr\/wp-json\/wp\/v2\/pages"}],"about":[{"href":"https:\/\/icaiame.com\/tr\/wp-json\/wp\/v2\/types\/page"}],"author":[{"embeddable":true,"href":"https:\/\/icaiame.com\/tr\/wp-json\/wp\/v2\/users\/1"}],"replies":[{"embeddable":true,"href":"https:\/\/icaiame.com\/tr\/wp-json\/wp\/v2\/comments?post=23"}],"version-history":[{"count":55,"href":"https:\/\/icaiame.com\/tr\/wp-json\/wp\/v2\/pages\/23\/revisions"}],"predecessor-version":[{"id":4092,"href":"https:\/\/icaiame.com\/tr\/wp-json\/wp\/v2\/pages\/23\/revisions\/4092"}],"wp:attachment":[{"href":"https:\/\/icaiame.com\/tr\/wp-json\/wp\/v2\/media?parent=23"}],"curies":[{"name":"wp","href":"https:\/\/api.w.org\/{rel}","templated":true}]}}