{"id":2662,"date":"2021-12-03T13:06:02","date_gmt":"2021-12-03T13:06:02","guid":{"rendered":"http:\/\/icaiame.com\/?page_id=2662"},"modified":"2021-12-03T14:10:37","modified_gmt":"2021-12-03T14:10:37","slug":"icaiame2021","status":"publish","type":"page","link":"https:\/\/icaiame.com\/tr\/icaiame2021","title":{"rendered":"UMYMK 2021"},"content":{"rendered":"<\/p>\n<!-- \/wp:post-content -->\n\n<!-- wp:paragraph -->\n<p><em>Kabul Edilen \u00d6zetler E-Kitab\u0131na ula\u015fmak i\u00e7in&nbsp;<a rel=\"noreferrer noopener\" href=\"http:\/\/icaiame.com\/wp-content\/uploads\/2021\/11\/ICAIAME-2021-Accepted-Abstracts-E-Book-1.pdf\" target=\"_blank\">t\u0131klay\u0131n\u0131z<\/a>.<\/em><\/p>\n<!-- \/wp:paragraph -->\n\n<!-- wp:paragraph -->\n<p>UMYMK 2021 Detay Program. G\u00f6r\u00fcnt\u00fclemek i\u00e7in&nbsp;<a href=\"http:\/\/icaiame.com\/wp-content\/uploads\/2021\/12\/ICAIAMEProgramme-2021.pdf\" target=\"_blank\" rel=\"noreferrer noopener\">t\u0131klay\u0131n\u0131z<\/a>.<\/p>\n<!-- \/wp:paragraph -->\n\n<!-- wp:paragraph -->\n<p>Bilim Komitesi\/Kurulu 2021. G\u00f6r\u00fcnt\u00fclemek i\u00e7in <a rel=\"noreferrer noopener\" href=\"http:\/\/icaiame.com\/scientific-committee-2021\" target=\"_blank\">t\u0131klay\u0131n\u0131z<\/a>.<\/p>\n<!-- \/wp:paragraph -->\n\n<!-- wp:paragraph -->\n<p><strong>UMYMK 2021 son Akademik Te\u015fvik Program\u0131 d\u00fczenlemeleriyle uyumludur.<\/strong><\/p>\n<!-- \/wp:paragraph -->\n\n<!-- wp:paragraph -->\n<p><strong>3. Uluslararas\u0131 M\u00fchendislikte Yapay Zeka ve Uygulamal\u0131 Matematik Konferans\u0131 (UMYMK 2021)<\/strong>, <strong>1&nbsp;&#8211; 2 &#8211; 3 Ekim 2021<\/strong>&nbsp;tarihlerinde; Akdeniz\u2019in incisi, T\u00fcrkiye\u2019nin cennet k\u00f6\u015fesi, d\u00fcnyan\u0131n en \u00e7ok ziyaret edilen d\u00f6rd\u00fcnc\u00fc \u015fehri, <strong>Antalya<\/strong>\u2019n\u0131n,&nbsp;<strong>Belek&nbsp;<\/strong>il\u00e7esinde ger\u00e7ekle\u015ftirilecektir.&nbsp;<a href=\"http:\/\/icaiame.com\/conference\/venue\"><strong>Innvista Hotel\u2019de<\/strong><\/a>, uluslararas\u0131 d\u00fczeyde kat\u0131l\u0131ml\u0131 olarak, \u00fc\u00e7 g\u00fcn s\u00fcrecek konferans\u0131m\u0131z\u0131n ana temas\u0131, m\u00fchendislik uygulamalar\u0131nda Yapay Zeka ve Uygulamal\u0131 Matematik \u00e7\u00f6z\u00fcmleridir.&nbsp;UMYMK 2021 bildiri kapsam\u0131 <strong>T\u00fcrk\u00e7e<\/strong> ve <strong>\u0130ngilizce<\/strong>&#8216;dir.<\/p>\n<!-- \/wp:paragraph -->\n\n<!-- wp:paragraph -->\n<p><strong>Konferans kapsam\u0131nda kabul edilmi\u015f-sunulmu\u015f olan ingilizce tam metin \u00e7al\u0131\u015fmalar\u0131n, 2019 ve 2020 y\u0131llar\u0131nda oldu\u011fu gibi;&nbsp;Springer Lecture Notes on Data Engineering and Communications Technologies Serisinde yay\u0131nlanmas\u0131 planlanmaktad\u0131r.<\/strong><\/p>\n<!-- \/wp:paragraph -->\n\n<!-- wp:image {\"id\":2544} -->\n<figure class=\"wp-block-image\"><img decoding=\"async\" src=\"http:\/\/icaiame.com\/wp-content\/uploads\/2021\/08\/web-notice-01.jpg\" alt=\"\" class=\"wp-image-2544\" width=\"NaN\" height=\"NaN\" srcset=\"https:\/\/icaiame.com\/wp-content\/uploads\/2021\/08\/web-notice-01.jpg 1921w, https:\/\/icaiame.com\/wp-content\/uploads\/2021\/08\/web-notice-01-300x63.jpg 300w, https:\/\/icaiame.com\/wp-content\/uploads\/2021\/08\/web-notice-01-1024x214.jpg 1024w, https:\/\/icaiame.com\/wp-content\/uploads\/2021\/08\/web-notice-01-768x160.jpg 768w, https:\/\/icaiame.com\/wp-content\/uploads\/2021\/08\/web-notice-01-1536x321.jpg 1536w\" sizes=\"(max-width: 1921px) 100vw, 1921px\" \/><\/figure>\n<!-- \/wp:image -->\n\n<!-- wp:separator {\"color\":\"cyan-bluish-gray\",\"className\":\"is-style-wide\"} -->\n<hr class=\"wp-block-separator has-text-color has-background has-cyan-bluish-gray-background-color has-cyan-bluish-gray-color is-style-wide\"\/>\n<!-- \/wp:separator -->\n\n<!-- wp:heading {\"level\":3} -->\n<h3><strong>UMYMK 2021 Davetli Konu\u015fmac\u0131lar<\/strong><\/h3>\n<!-- \/wp:heading -->\n\n<!-- wp:paragraph -->\n<p>1- Prof. Dr. \u00c7etin ELMAS (<em>Azerbaijan Technical University, Azerbaijan<\/em>)<br><em><strong>\u201cArtificial Intelligence in Project Management\u201d<\/strong><\/em><\/p>\n<!-- \/wp:paragraph -->\n\n<!-- wp:paragraph -->\n<p>2- Prof. Dr. Marat AKHMET (Middle East Technical University, Turkey)<br><em><strong>\u201c<em>Domain structured dynamics and chaos<\/em>\u201d<\/strong><\/em><\/p>\n<!-- \/wp:paragraph -->\n\n<!-- wp:paragraph -->\n<p>3- Prof. Dr. H\u00fcseyin SEKER (University of Birmingham, England)<br><em><strong>\u201cThe Power of Data and The Things It Empowers: What have we learned in the age of Covid-19\u201d<\/strong><\/em><\/p>\n<!-- \/wp:paragraph -->\n\n<!-- wp:paragraph -->\n<p>4-&nbsp;Prof. Dr. Jude HEMANTH (Karunya Institute of Technology and Sciences, India)<br><em><strong>\u201c<em>Trends in medical decision support systems using AI techniques<\/em>\u201d<\/strong><\/em><\/p>\n<!-- \/wp:paragraph -->\n\n<!-- wp:paragraph -->\n<p>5-&nbsp;Assoc. Prof. Dr. Ender \u00d6ZCAN (University of Nottingham, England)<br><em><strong>\u201c<em>Topology Optimisation of Acoustic Porous Materials Using Heuristics and Metaheuristics<\/em>\u201d<\/strong><\/em><\/p>\n<!-- \/wp:paragraph -->\n\n<!-- wp:paragraph -->\n<p>6- Dr. Mladen Vukomanovi (Vice President, International Project Management Agency&nbsp;\u2013&nbsp;IPMA, Croatia)<br><em><strong>\u201cPM initiatives in Smart City technologies in the context of IPMA\u201d<\/strong><\/em><\/p>\n<!-- \/wp:paragraph -->\n\n<!-- wp:paragraph -->\n<p>7-&nbsp;Z\u00fcmr\u00fct M\u00fcft\u00fco\u011flu&nbsp;(T\u00fcrkiye Cumhuryeti Cumhurba\u015fkanl\u0131\u011f\u0131 Dijital D\u00f6n\u00fc\u015f\u00fcm Ofisi, Turkey)<br><em><strong>\u201cUlusal Yapay Zeka Stratejisi 2021-2025\u201d<\/strong><\/em><\/p>\n<!-- \/wp:paragraph -->\n\n<!-- wp:paragraph -->\n<p>8-&nbsp;Timoty Jaques (International Project Management Agency &#8211; IPMA, USA)<br><em><strong><em>\u201c<\/em>Innovation and Project Management: Meeting the Practical Demands of Digitization&#8221;<\/strong><\/em><\/p>\n<!-- \/wp:paragraph -->\n\n<!-- wp:paragraph -->\n<p>","protected":false},"excerpt":{"rendered":"<p>Kabul Edilen \u00d6zetler E-Kitab\u0131na ula\u015fmak i\u00e7in&nbsp;t\u0131klay\u0131n\u0131z. UMYMK 2021 Detay Program. G\u00f6r\u00fcnt\u00fclemek i\u00e7in&nbsp;t\u0131klay\u0131n\u0131z. Bilim Komitesi\/Kurulu 2021. G\u00f6r\u00fcnt\u00fclemek i\u00e7in t\u0131klay\u0131n\u0131z. UMYMK 2021&hellip; <\/p>\n","protected":false},"author":1,"featured_media":0,"parent":0,"menu_order":0,"comment_status":"closed","ping_status":"closed","template":"","meta":{"footnotes":""},"class_list":["post-2662","page","type-page","status-publish","hentry"],"translation":{"provider":"WPGlobus","version":"3.0.0","language":"tr","enabled_languages":["en","tr"],"languages":{"en":{"title":true,"content":true,"excerpt":false},"tr":{"title":true,"content":true,"excerpt":false}}},"_links":{"self":[{"href":"https:\/\/icaiame.com\/tr\/wp-json\/wp\/v2\/pages\/2662","targetHints":{"allow":["GET"]}}],"collection":[{"href":"https:\/\/icaiame.com\/tr\/wp-json\/wp\/v2\/pages"}],"about":[{"href":"https:\/\/icaiame.com\/tr\/wp-json\/wp\/v2\/types\/page"}],"author":[{"embeddable":true,"href":"https:\/\/icaiame.com\/tr\/wp-json\/wp\/v2\/users\/1"}],"replies":[{"embeddable":true,"href":"https:\/\/icaiame.com\/tr\/wp-json\/wp\/v2\/comments?post=2662"}],"version-history":[{"count":10,"href":"https:\/\/icaiame.com\/tr\/wp-json\/wp\/v2\/pages\/2662\/revisions"}],"predecessor-version":[{"id":2684,"href":"https:\/\/icaiame.com\/tr\/wp-json\/wp\/v2\/pages\/2662\/revisions\/2684"}],"wp:attachment":[{"href":"https:\/\/icaiame.com\/tr\/wp-json\/wp\/v2\/media?parent=2662"}],"curies":[{"name":"wp","href":"https:\/\/api.w.org\/{rel}","templated":true}]}}