{"id":27,"date":"2018-10-09T07:24:11","date_gmt":"2018-10-09T07:24:11","guid":{"rendered":"http:\/\/icaiame.com\/?page_id=27"},"modified":"2026-04-11T22:21:06","modified_gmt":"2026-04-11T22:21:06","slug":"submission","status":"publish","type":"page","link":"https:\/\/icaiame.com\/tr\/submission","title":{"rendered":"Bildiri G\u00f6nderimi \/ Bas\u0131m"},"content":{"rendered":"<p>Bildiri g\u00f6nderimleri sadece \u0130ngilizce olabilir. Her bildiri sunumu i\u00e7in 10 dakika sunum + 5 dakika soru a\u015famas\u0131 olacakt\u0131r.<\/p>\n<\/p>\n\n\n<p class=\"has-vivid-red-color has-text-color\"><strong>G\u00f6nderilen eserin intihal oran\u0131 %20&#8217;yi ge\u00e7memelidir. Bu kriterin kar\u015f\u0131land\u0131\u011f\u0131ndan emin olmak yazar\u0131n sorumlulu\u011fundad\u0131r.<\/strong><\/p>\n\n\n\n<p><\/p>\n<p><a href=\"https:\/\/confmaps.com\/Auth\/confmap?confHash=AKbbJdQuIfWN7wmSO%2FIlZEsOdtQyTcpa0hlLsgClRQe9htxhyLygyIBCFJ%2FM15eQRg%3D%3D\">\u00d6zet veya Tam Metin Bildirinizi bu ba\u011flant\u0131dan kay\u0131t olup giri\u015f yaparak g\u00f6nderebilirsiniz<\/a><\/p>\n<p><\/p>\n\n\n\n<p><strong>\u00d6zet Bildiriniz Kabul Edilmesi durumunda; a\u015fa\u011f\u0131daki linkleri kullanarak tam metin bildirinizi haz\u0131rlayabilirsiniz.<\/strong><\/p>\n\n\n\n<p><a href=\"https:\/\/www.springer.com\/de\/authors-editors\/book-authors-editors\/resources-guidelines\/book-manuscript-guidelines\/manuscript-preparation\/5636\">\u0130ngilizce Tam Metin Kurallar\u0131<\/a> <\/p>\n\n\n<p><a href=\"https:\/\/submission.icaiame.com\/Auth\/confmap?confHash=AOnH3EWFbplETUwXwwlujIft2U4S85sHS48o%2B90v4EaTvoqvCnS0pECOf5rjUi8AhA%3D%3D\">\u00d6zet metin veya Tam metin bildiri g\u00f6nderimlerinizi i\u00e7in t\u0131klay\u0131n\u0131z:<\/a><a href=\"https:\/\/submission.icaiame.com\">\u00a0<\/a><\/p>\n<table>\n<tbody>\n<tr>\n<td><strong>Hakemleme ve Yay\u0131nlama S\u00fcre\u00e7leri Hakk\u0131nda<\/strong><\/td>\n<\/tr>\n<tr>\n<td>\n<ul>\n<li>Bildirileriniz yay\u0131na dahil edilmek \u00fczere y\u00fcksek kalitede haz\u0131rlanmalar\u0131 gerekmektedir.<\/li>\n<li><strong>Bildirilerinizin \u00f6zet metni ve tam metni <a href=\"https:\/\/confmaps.com\/Auth\/confmap?confHash=AKbbJdQuIfWN7wmSO%2FIlZEsOdtQyTcpa0hlLsgClRQe9htxhyLygyIBCFJ%2FM15eQRg%3D%3D\">CONFMAP sistemi<\/a> \u00fczerinden ICAIAME 2026 veritaban\u0131na kaydedilmelidir.<\/strong><\/li>\n<li>\u00d6zet metin bildiriler, alan edit\u00f6rleri taraf\u0131ndan konferans konular\u0131na uygunlu\u011funa g\u00f6re de\u011ferlendirilir. Kabul edilen \u00f6zet metin bildiriler, <span style=\"color: #ff0000;\">sunumlar\u0131n yap\u0131lmas\u0131 sonras\u0131nda Konferans \u00d6zet Kitap\u00e7\u0131\u011f\u0131nda bas\u0131lacakt\u0131r. <\/span><\/li>\n<li><strong>\u00d6zet Bildirilerin kabul veya ret durumlar\u0131 ilgili tarihe kadar yazarlara bildirilir ve konferans kat\u0131l\u0131m \u00fccretini yat\u0131rm\u0131\u015f olan yazar ve yazarlara resmi kabul yaz\u0131s\u0131 <a href=\"https:\/\/confmaps.com\/Auth\/confmap?confHash=AKbbJdQuIfWN7wmSO%2FIlZEsOdtQyTcpa0hlLsgClRQe9htxhyLygyIBCFJ%2FM15eQRg%3D%3D\">CONFMAP sistemi<\/a> \u00fczerinden indirilebilecektir.<\/strong><\/li>\n<li>\u00d6zet metin bildiriniz kabul olmas\u0131 durumunda, Tam metin bildiriler, en az iki ba\u011f\u0131ms\u0131z hakem de\u011ferlendirmesi (kabul, ret, d\u00fczeltme) ve alan edit\u00f6rlerinin g\u00f6r\u00fc\u015f\u00fc ile Springer Series veya hakemli dergilere y\u00f6nlendirilmektedir. <strong data-start=\"1008\" data-end=\"1096\">Springer\u2019in bas\u0131m s\u00fcrecinin konferans tarihinden itibaren en az \u00fc\u00e7 ay s\u00fcrebilece\u011fini<\/strong> l\u00fctfen dikkate al\u0131n\u0131z. Bu s\u00fcre\u00e7, kapsaml\u0131 edit\u00f6ryal ve \u00fcretim a\u015famalar\u0131n\u0131 i\u00e7ermekte olup, \u00e7al\u0131\u015fmalar\u0131n uluslararas\u0131 g\u00f6r\u00fcn\u00fcrl\u00fck ve akademik tan\u0131n\u0131rl\u0131k kazanmas\u0131n\u0131 sa\u011flamaktad\u0131r. Hakemli dergilere y\u00f6nlendirilen bildirilerin yay\u0131n \u015fartlar\u0131nda dergilerin kurallar\u0131 ge\u00e7erlidir.<\/li>\n<li><strong style=\"font-size: revert; font-family: inherit; color: initial;\">Bildirleriniz tek-k\u00f6rl\u00fc hakemleme i\u015flemi yap\u0131larak de\u011ferlendirilecektir. Bu durum hakemlerin, yazar (lar) taraf\u0131ndan g\u00f6r\u00fclmedi\u011fi anlam\u0131na gelmektedir. <\/strong>ICAIAME 2026 veri taban\u0131na y\u00fcklenmi\u015f olan tam metin bildiriler k\u0131sa s\u00fcre i\u00e7inde hakemlere g\u00f6nderilir. Bir bildiri hakemlere g\u00f6nderildikten sonra \u00fczerinde de\u011fi\u015fiklik yap\u0131lamaz. Bu nedenle bildirinin son bi\u00e7iminin ICAIAME 2026 veri taban\u0131na y\u00fcklenmesi gerekir.<\/li>\n<li><strong>Hakemlerin istedikleri iyile\u015ftirme ve d\u00fczeltmeler belirtilen s\u00fcre i\u00e7inde yap\u0131lmal\u0131d\u0131r. Hakemlerin istedi\u011fi d\u00fczeltme ve iyile\u015ftirmeler yap\u0131lmaz ise tam metin bildiriler kabul edilmez.<\/strong><\/li>\n<li>De\u011ferlendirmelerin tamamlanmas\u0131n\u0131n ard\u0131ndan yazarlar hakem raporlar\u0131n\u0131 g\u00f6rebilirler. Bir sonraki ad\u0131m, bildirinin intihal a\u00e7\u0131s\u0131ndan kontrol edilmesidir. Kabul edilen t\u00fcm bildiriler konferans program\u0131nda ve \u00f6zet kitab\u0131nda yer alacakt\u0131r.<\/li>\n<li><strong>Tam metin yaz\u0131lar\u0131n\u0131z dergilerin kapsam ve kalite \u015fartlar\u0131na g\u00f6re tekrar de\u011ferlendirilmek \u00fczere hakemlere g\u00f6nderilecektir. Dergilerin yay\u0131n ko\u015fullar\u0131na g\u00f6re kabul ve ret haklar\u0131 edit\u00f6rlere aittir.\u00a0<\/strong><\/li>\n<\/ul>\n<\/td>\n<\/tr>\n<\/tbody>\n<\/table>\n\n\n<p><\/p>\n","protected":false},"excerpt":{"rendered":"<p>Bildiri g\u00f6nderimleri sadece \u0130ngilizce olabilir. Her bildiri sunumu i\u00e7in 10 dakika sunum + 5 dakika soru a\u015famas\u0131 olacakt\u0131r. G\u00f6nderilen eserin&hellip; <\/p>\n","protected":false},"author":1,"featured_media":0,"parent":0,"menu_order":0,"comment_status":"closed","ping_status":"closed","template":"","meta":{"footnotes":"[]"},"class_list":["post-27","page","type-page","status-publish","hentry"],"translation":{"provider":"WPGlobus","version":"3.0.0","language":"tr","enabled_languages":["en","tr"],"languages":{"en":{"title":true,"content":true,"excerpt":false},"tr":{"title":true,"content":true,"excerpt":false}}},"_links":{"self":[{"href":"https:\/\/icaiame.com\/tr\/wp-json\/wp\/v2\/pages\/27","targetHints":{"allow":["GET"]}}],"collection":[{"href":"https:\/\/icaiame.com\/tr\/wp-json\/wp\/v2\/pages"}],"about":[{"href":"https:\/\/icaiame.com\/tr\/wp-json\/wp\/v2\/types\/page"}],"author":[{"embeddable":true,"href":"https:\/\/icaiame.com\/tr\/wp-json\/wp\/v2\/users\/1"}],"replies":[{"embeddable":true,"href":"https:\/\/icaiame.com\/tr\/wp-json\/wp\/v2\/comments?post=27"}],"version-history":[{"count":148,"href":"https:\/\/icaiame.com\/tr\/wp-json\/wp\/v2\/pages\/27\/revisions"}],"predecessor-version":[{"id":4952,"href":"https:\/\/icaiame.com\/tr\/wp-json\/wp\/v2\/pages\/27\/revisions\/4952"}],"wp:attachment":[{"href":"https:\/\/icaiame.com\/tr\/wp-json\/wp\/v2\/media?parent=27"}],"curies":[{"name":"wp","href":"https:\/\/api.w.org\/{rel}","templated":true}]}}