{"id":2770,"date":"2021-12-21T22:39:12","date_gmt":"2021-12-21T22:39:12","guid":{"rendered":"http:\/\/icaiame.com\/?page_id=2770"},"modified":"2025-09-16T10:16:11","modified_gmt":"2025-09-16T10:16:11","slug":"committees","status":"publish","type":"page","link":"https:\/\/icaiame.com\/tr\/conference\/committees","title":{"rendered":"Genel Komiteler \/ Kurullar"},"content":{"rendered":"\n<p><strong>Onursal Ba\u015fkanlar<\/strong><\/p>\n\n\n\n<p>Prof. Dr. Mehmet SALTAN (Rector of S\u00fcleyman Demirel University, T\u00fcrkiye)<\/p>\n\n\n\n<p>Prof. Dr. Y\u0131lmaz \u00c7ATAL (Rector of Isparta University of Applied Sciences, T\u00fcrkiye)<\/p>\n\n\n\n<p><strong>Genel Ba\u015fkan<\/strong><\/p>\n\n\n\n<p>Prof. Dr. Tuncay Y\u0130\u011e\u0130T (S\u00fcleyman Demirel University, T\u00fcrkiye)<\/p>\n\n\n\n<p><strong>Konferans Ba\u015fkanlar\u0131<\/strong><\/p>\n\n\n\n<p>Prof. Dr. \u0130smail Serkan \u00dcNC\u00dc (Isparta University of Applied Sciences, T\u00fcrkiye)<\/p>\n\n\n\n<p>Assoc. Prof. Dr. Mevl\u00fct ERSOY (S\u00fcleyman Demirel University, T\u00fcrkiye)<\/p>\n\n\n\n<p>Dr. Hamit ARMA\u011eAN (S\u00fcleyman Demirel University, T\u00fcrkiye)<\/p>\n\n\n\n<p><strong>Bilim Komite Ba\u015fkan\u0131<\/strong><\/p>\n\n\n\n<p>Prof. Dr. Utku K\u00d6SE (S\u00fcleyman Demirel University, T\u00fcrkiye)<\/p>\n\n\n\n<p><strong>D\u00fczenleme Komitesi \/ Kurulu<\/strong><\/p>\n\n\n\n<p>PhD. Eng. Hubert Anysz (Warsaw University of Technolgy, Poland)<\/p>\n\n\n\n<p>Prof. Dr. Akram M. ZEK\u0130 (International Islamic University Malaysia, Malaysia)<\/p>\n\n\n\n<p>Prof. Dr. Ali Hakan I\u015eIK (Mehmet Akif Ersoy University, T\u00fcrkiye)<\/p>\n\n\n\n<p>Prof. Dr. Anar AD\u0130LO\u011eLU (S\u00fcleyman Demirel University, T\u00fcrkiye)<\/p>\n\n\n\n<p>Prof. Dr. Cemal YILMAZ (Gazi University, T\u00fcrkiye)<\/p>\n\n\n\n<p>Prof. Dr. Ercan Nurcan YILMAZ (Gazi University, T\u00fcrkiye)<\/p>\n\n\n\n<p>Prof. Dr. Halil \u0130brahim KORUCA (S\u00fcleyman Demirel University, T\u00fcrkiye)<\/p>\n\n\n\n<p>Prof. Dr. Hamdi Tolga KAHRAMAN (Karadeniz Technical University, T\u00fcrkiye)<\/p>\n\n\n\n<p>Prof. Dr. Hasan H\u00fcseyin SAYAN (Gazi University, T\u00fcrkiye)<\/p>\n\n\n\n<p>Prof. Dr. Jafar A. ALZUBI (Al-Balqa Applied University, Jordan)<\/p>\n\n\n\n<p>Prof. Dr. Jose Antonio MARMOLEJO (National Autonomous University of Mexico, Mexico)<\/p>\n\n\n\n<p>Prof. Dr. Jude HEMANTH (Karunya University, India)<\/p>\n\n\n\n<p>Prof. Dr. Junzo WATADA (Waseda University, Japan)<\/p>\n\n\n\n<p>Prof. Dr. Kemal POLAT (Bolu Abant \u0130zzet Baysal University, T\u00fcrkiye)<\/p>\n\n\n\n<p>Prof. Dr. Mehmet G\u00dcRDAL (S\u00fcleyman Demirel University, T\u00fcrkiye)<\/p>\n\n\n\n<p>Prof. Dr. M. Ali AKCAYOL (Gazi University, T\u00fcrkiye)<\/p>\n\n\n\n<p>Prof. Dr. Nabi IBADOV (Warsaw University of Technology, Poland)<\/p>\n\n\n\n<p>Prof. Dr. Okan B\u0130NG\u00d6L (Isparta University of Applied Sciences, T\u00fcrkiye)<\/p>\n\n\n\n<p>Prof. Dr. Oluwasefunmi AROGUNDADE (Federal University of Agriculture, Nigeria)<\/p>\n\n\n\n<p>Prof. Dr. \u015eemsettin KILIN\u00c7ARSLAN (S\u00fcleyman Demirel University, T\u00fcrkiye)<\/p>\n\n\n\n<p>Prof. Dr. U\u011fur G\u00dcVEN\u00c7 (D\u00fczce University, T\u00fcrkiye)<\/p>\n\n\n\n<p>Prof. Dr. Victor Hugo C. DE ALBUQUERQUE (Federal University of Cear\u00e1, Brazil)<\/p>\n\n\n\n<p>Prof. Dr. Yusuf S\u00d6NMEZ (Gazi University, T\u00fcrkiye)<\/p>\n\n\n\n<p>Assoc. Prof. Dr. Alper KEREM (Kahramanmara\u015f S\u00fct\u00e7\u00fc \u0130mam University, T\u00fcrkiye)<\/p>\n\n\n\n<p>Assoc. Prof. Dr. As\u0131m Sinan Y\u00dcKSEL (S\u00fcleyman Demirel University, T\u00fcrkiye)<\/p>\n\n\n\n<p>Assoc. Prof. Dr. Bekir AKSOY (Isparta University of Applied Sciences, T\u00fcrkiye)<\/p>\n\n\n\n<p>Assoc. Prof. Dr. Bogdan PATRUT (Alexandru Ioan Cuza University of Iasi, Romania)<\/p>\n\n\n\n<p>Assoc. Prof. Dr. Dmytro ZUBOV (University of Central Asia, Kyrgyzstan)<\/p>\n\n\n\n<p>Assoc. Prof. Dr. Erdal AYDEM\u0130R (S\u00fcleyman Demirel University, T\u00fcrkiye)<\/p>\n\n\n\n<p>Assoc. Prof. Dr. G\u00fcrcan \u00c7ET\u0130N (Mu\u011fla S\u0131tk\u0131 Ko\u00e7man University, T\u00fcrkiye)<\/p>\n\n\n\n<p>Assoc. Prof. Dr. Kottilingam KOTTURSAMY (Anna University, India)<\/p>\n\n\n\n<p>Assoc. Prof. Dr. Korhan CENGIZ (University of Fujairah, United Arab Emirates)<\/p>\n\n\n\n<p>Assoc. Prof. Dr. Mehmet KAYAKU\u015e (Akdeniz University, T\u00fcrkiye)<\/p>\n\n\n\n<p>Assoc. Prof. Dr. Muhammed Maruf \u00d6ZT\u00dcRK (S\u00fcleyman Demirel University, T\u00fcrkiye)<\/p>\n\n\n\n<p>Assoc. Prof. Dr. Murat \u0130NCE (Isparta University of Applied Sciences, T\u00fcrkiye)<\/p>\n\n\n\n<p>Assoc. Prof. Dr. Osman \u00d6ZKARACA (Mu\u011fla S\u0131tk\u0131 Ko\u00e7man University, T\u00fcrkiye)<\/p>\n\n\n\n<p>Assoc. Prof. Dr. Samia CHEHBI GAMOURA (Strasbourg University, France)<\/p>\n\n\n\n<p>Assoc. Prof. Dr. Seda \u015eAH\u0130N (\u00c7ank\u0131r\u0131 Karatekin University, T\u00fcrkiye)<\/p>\n\n\n\n<p>Assist. Prof. Dr. Cevriye ALTINTA\u015e (Isparta University of Applied Sciences, T\u00fcrkiye)<\/p>\n\n\n\n<p>Assist. Prof. Dr. Deepak GUPTA (Maharaja Agrasen Insitute of Technology, India)<\/p>\n\n\n\n<p>Assist. Prof. Dr. Deepak PAINULI (Gurukul Kangri University, India)<\/p>\n\n\n\n<p>Assist. Prof. Dr. Elif Ece Elmas (National Defence University, T\u00fcrkiye)<\/p>\n\n\n\n<p>Assist. Prof. Dr. Fatih Uysal (Kafkas University, T\u00fcrkiye)<\/p>\n\n\n\n<p>Assist. Prof. Dr. Fahri AKDEM\u0130R (Riseba University, Latvia)<\/p>\n\n\n\n<p>Assist. Prof. Dr. Ferdi SARA\u00c7 (S\u00fcleyman Demirel University, T\u00fcrkiye)<\/p>\n\n\n\n<p>Assist. Prof. Dr. Jyotir Moy CHATTERJEE (Lord Buddha Education Foundation, Nepal)<\/p>\n\n\n\n<p>Assist. Prof. Dr. G\u00fcl Fatma T\u00dcRKER (S\u00fcleyman Demirel University, T\u00fcrkiye)<\/p>\n\n\n\n<p>Assist. Prof. Dr. Haydar TUNA (Osmaniye Korkut Ata University, T\u00fcrkiye)<\/p>\n\n\n\n<p>Assist. Prof. Dr. Nilg\u00fcn \u015eENG\u00d6Z (Mehmet Akif Ersoy University, T\u00fcrkiye)<\/p>\n\n\n\n<p>Assist. Prof. Dr. Okan DA\u011e (Isparta University of Applied Sciences, T\u00fcrkiye)<\/p>\n\n\n\n<p>Assist. Prof. Dr. Sarada Prasad GOCHHAYAT (Old Dominion University, USA)<\/p>\n\n\n\n<p>Assist. Prof. Dr. Subrato BHARATI (Concordia University, Canada)<\/p>\n\n\n\n<p>Lect. Dr. Remzi G\u00fcrfidan (Isparta University of Applied Sciences, T\u00fcrkiye)<\/p>\n\n\n\n<p>Lect. Ali TOPAL (Isparta University of Applied Sciences, T\u00fcrkiye)<\/p>\n\n\n\n<p>Lect. \u015eerafettin Atmaca (Isparta University of Applied Sciences, T\u00fcrkiye)<\/p>\n\n\n\n<p>Lect. O\u011fuzhan Kilim (Isparta University of Applied Sciences, T\u00fcrkiye)<\/p>\n\n\n\n<p>Lect. Cem Deniz KUMRAL (Isparta University of Applied Sciences, T\u00fcrkiye)<\/p>\n\n\n\n<p>Lect. Dr. \u00c7ilem KO\u00c7AK ERDO\u011eAN (Isparta University of Applied Sciences, T\u00fcrkiye)<\/p>\n\n\n\n<p>Dr. Katarzyna RUTCZY\u0143SKA-WDOW\u0130AK (Kielce University of Technology, Poland)<\/p>\n\n\n\n<p>Lect. Prajoy PODDER (Bangladesh University of Engineering and Technology, Bangladesh)<\/p>\n\n\n\n<p>MSc. Eng. Irene Ladnykh, PhD student (Warsaw University of Technolgy, Poland)<\/p>\n\n\n\n<p>Halil Kaan Y\u0130\u011e\u0130T (S\u00fcleyman Demirel University, T\u00fcrkiye)<\/p>\n\n\n\n<p><strong>Sekreterya, Konaklama ve Kay\u0131t \/ Mekan Dan\u0131\u015fma<\/strong><\/p>\n\n\n\n<p>Lect. Dr. \u00c7ilem KO\u00c7AK ERDO\u011eAN (Isparta University of Applied Sciences, T\u00fcrkiye)<\/p>\n\n\n\n<p>Lect. Cem Deniz KUMRAL (Isparta University of Applied Sciences, T\u00fcrkiye)<\/p>\n\n\n\n<p>Research Assistant Hilal KARTAL (Afyon Kocatepe \u00dcniversitesi, T\u00fcrkiye)<\/p>\n\n\n\n<p><strong>Seyahat \/ Ula\u015f\u0131m<\/strong><\/p>\n\n\n\n<p>Furkan Y\u0130\u011e\u0130T (S\u00fcleyman Demirel University, T\u00fcrkiye)<\/p>\n\n\n\n<p><strong>Web \/ Tasar\u0131m \/ Konferans Oturumlar\u0131<\/strong><\/p>\n\n\n\n<p>Lect. Ali TOPAL (Isparta University of Applied Sciences, T\u00fcrkiye)<\/p>\n","protected":false},"excerpt":{"rendered":"<p>Onursal Ba\u015fkanlar Prof. Dr. Mehmet SALTAN (Rector of S\u00fcleyman Demirel University, T\u00fcrkiye) Prof. Dr. Y\u0131lmaz \u00c7ATAL (Rector of Isparta University&hellip; <\/p>\n","protected":false},"author":1,"featured_media":0,"parent":29,"menu_order":1,"comment_status":"closed","ping_status":"closed","template":"","meta":{"footnotes":""},"class_list":["post-2770","page","type-page","status-publish","hentry"],"translation":{"provider":"WPGlobus","version":"3.0.0","language":"tr","enabled_languages":["en","tr"],"languages":{"en":{"title":true,"content":true,"excerpt":false},"tr":{"title":true,"content":true,"excerpt":false}}},"_links":{"self":[{"href":"https:\/\/icaiame.com\/tr\/wp-json\/wp\/v2\/pages\/2770","targetHints":{"allow":["GET"]}}],"collection":[{"href":"https:\/\/icaiame.com\/tr\/wp-json\/wp\/v2\/pages"}],"about":[{"href":"https:\/\/icaiame.com\/tr\/wp-json\/wp\/v2\/types\/page"}],"author":[{"embeddable":true,"href":"https:\/\/icaiame.com\/tr\/wp-json\/wp\/v2\/users\/1"}],"replies":[{"embeddable":true,"href":"https:\/\/icaiame.com\/tr\/wp-json\/wp\/v2\/comments?post=2770"}],"version-history":[{"count":107,"href":"https:\/\/icaiame.com\/tr\/wp-json\/wp\/v2\/pages\/2770\/revisions"}],"predecessor-version":[{"id":4511,"href":"https:\/\/icaiame.com\/tr\/wp-json\/wp\/v2\/pages\/2770\/revisions\/4511"}],"up":[{"embeddable":true,"href":"https:\/\/icaiame.com\/tr\/wp-json\/wp\/v2\/pages\/29"}],"wp:attachment":[{"href":"https:\/\/icaiame.com\/tr\/wp-json\/wp\/v2\/media?parent=2770"}],"curies":[{"name":"wp","href":"https:\/\/api.w.org\/{rel}","templated":true}]}}