{"id":29,"date":"2018-10-09T07:24:34","date_gmt":"2018-10-09T07:24:34","guid":{"rendered":"http:\/\/icaiame.com\/?page_id=29"},"modified":"2024-09-19T22:02:41","modified_gmt":"2024-09-19T22:02:41","slug":"conference","status":"publish","type":"page","link":"https:\/\/icaiame.com\/tr\/conference","title":{"rendered":"Konferans"},"content":{"rendered":"<p>Konferans hakk\u0131nda daha fazla bilgi i\u00e7in l\u00fctfen &#8216;Konferans&#8217; men\u00fcs\u00fc alt-men\u00fclerini \/ se\u00e7eneklerini kullan\u0131n\u0131z.<\/p>\n","protected":false},"excerpt":{"rendered":"<p>Konferans hakk\u0131nda daha fazla bilgi i\u00e7in l\u00fctfen &#8216;Konferans&#8217; men\u00fcs\u00fc alt-men\u00fclerini \/ se\u00e7eneklerini kullan\u0131n\u0131z.<\/p>\n","protected":false},"author":1,"featured_media":0,"parent":0,"menu_order":0,"comment_status":"closed","ping_status":"closed","template":"","meta":{"footnotes":""},"class_list":["post-29","page","type-page","status-publish","hentry"],"translation":{"provider":"WPGlobus","version":"3.0.0","language":"tr","enabled_languages":["en","tr"],"languages":{"en":{"title":true,"content":true,"excerpt":false},"tr":{"title":true,"content":true,"excerpt":false}}},"_links":{"self":[{"href":"https:\/\/icaiame.com\/tr\/wp-json\/wp\/v2\/pages\/29","targetHints":{"allow":["GET"]}}],"collection":[{"href":"https:\/\/icaiame.com\/tr\/wp-json\/wp\/v2\/pages"}],"about":[{"href":"https:\/\/icaiame.com\/tr\/wp-json\/wp\/v2\/types\/page"}],"author":[{"embeddable":true,"href":"https:\/\/icaiame.com\/tr\/wp-json\/wp\/v2\/users\/1"}],"replies":[{"embeddable":true,"href":"https:\/\/icaiame.com\/tr\/wp-json\/wp\/v2\/comments?post=29"}],"version-history":[{"count":11,"href":"https:\/\/icaiame.com\/tr\/wp-json\/wp\/v2\/pages\/29\/revisions"}],"predecessor-version":[{"id":3624,"href":"https:\/\/icaiame.com\/tr\/wp-json\/wp\/v2\/pages\/29\/revisions\/3624"}],"wp:attachment":[{"href":"https:\/\/icaiame.com\/tr\/wp-json\/wp\/v2\/media?parent=29"}],"curies":[{"name":"wp","href":"https:\/\/api.w.org\/{rel}","templated":true}]}}