{"id":3060,"date":"2022-05-24T21:53:43","date_gmt":"2022-05-24T21:53:43","guid":{"rendered":"http:\/\/icaiame.com\/?page_id=3060"},"modified":"2023-12-28T20:06:43","modified_gmt":"2023-12-28T20:06:43","slug":"icaiame2022","status":"publish","type":"page","link":"https:\/\/icaiame.com\/tr\/icaiame2022","title":{"rendered":"UMYMK 2022"},"content":{"rendered":"\n\n\n\n<em>Kabul Edilen \u00d6zetler E-Kitab\u0131na ula\u015fmak i\u00e7in&nbsp;<a href=\"http:\/\/icaiame.com\/wp-content\/uploads\/2022\/06\/ICAIAME-2022-Accepted-Abstracts-E-Book.pdf\">t\u0131klay\u0131n\u0131z<\/a>.<\/em>\n\nUMYMK 2022 Detay Program. G\u00f6r\u00fcnt\u00fclemek i\u00e7in&nbsp;<a href=\"http:\/\/icaiame.com\/wp-content\/uploads\/2022\/05\/ICAIAMEProgramme2022.pdf\">t\u0131klay\u0131n\u0131z<\/a>.\n\nBilim Komitesi\/Kurulu 2022. G\u00f6r\u00fcnt\u00fclemek i\u00e7in <a href=\"http:\/\/icaiame.com\/scientific-committee-2022\">t\u0131klay\u0131n\u0131z<\/a>.\n\n<strong>UMYMK 2022 son Akademik Te\u015fvik Program\u0131 d\u00fczenlemeleriyle uyumludur.<\/strong>\n\n<strong>4. Uluslararas\u0131 M\u00fchendislikte Yapay Zeka ve Uygulamal\u0131 Matematik Konferans\u0131 (UMYMK 2022)<\/strong>, <strong>20-21-22 May\u0131s 2022<\/strong>&nbsp;tarihlerinde; karde\u015f \u00fclke <strong>Azerbaycan<\/strong>&#8216;\u0131n ba\u015fkenti <strong>Bak\u00fc<\/strong>&#8216;de&nbsp;ger\u00e7ekle\u015ftirilecektir.&nbsp;<a href=\"http:\/\/icaiame.com\/conference\/venue\"><strong>Azerbaycan Teknik \u00dcniversitesi\u2019nde<\/strong><\/a>, uluslararas\u0131 d\u00fczeyde kat\u0131l\u0131ml\u0131 olarak, \u00fc\u00e7 g\u00fcn s\u00fcrecek konferans\u0131m\u0131z\u0131n ana temas\u0131, m\u00fchendislik uygulamalar\u0131nda Yapay Zeka ve Uygulamal\u0131 Matematik \u00e7\u00f6z\u00fcmleridir.&nbsp;ICAIAME 2022 bildiri \u00f6zetlerinin kabul\u00fc <strong>T\u00fcrk\u00e7e, \u0130ngilizce ve Azericedir.<\/strong> Tam metin kabul\u00fc <strong>T\u00fcrk\u00e7e<\/strong> ve <strong>\u0130ngilizce<\/strong> olacakt\u0131r. Azerbaycan dilinde g\u00f6nderilen \u00f6zetler T\u00fcrk\u00e7e veya \u0130ngilizce&#8217;ye \u00e7evrilmelidir.\n\n\n\n\n\n\n\n\n\n\n\n\n\n\n\n\n\n\n\n\n<figure class=\"wp-block-image\"><a href=\"http:\/\/www.aztu.edu.az\/azp\/\"><img loading=\"lazy\" decoding=\"async\" width=\"1921\" height=\"401\" class=\"wp-image-2706\" src=\"http:\/\/icaiame.com\/wp-content\/uploads\/2021\/12\/AzTU-01.jpg\" alt=\"\" srcset=\"https:\/\/icaiame.com\/wp-content\/uploads\/2021\/12\/AzTU-01.jpg 1921w, https:\/\/icaiame.com\/wp-content\/uploads\/2021\/12\/AzTU-01-300x63.jpg 300w, https:\/\/icaiame.com\/wp-content\/uploads\/2021\/12\/AzTU-01-1024x214.jpg 1024w, https:\/\/icaiame.com\/wp-content\/uploads\/2021\/12\/AzTU-01-768x160.jpg 768w, https:\/\/icaiame.com\/wp-content\/uploads\/2021\/12\/AzTU-01-1536x321.jpg 1536w\" sizes=\"auto, (max-width: 1921px) 100vw, 1921px\" \/><\/a><\/figure>\n\n\n\n\n<strong><span style=\"color: #000080;\">ICAIAME 2022 bu y\u0131lki ana temas\u0131 &#8220;Yapay Zeka ve Matematiksel Tabanl\u0131 Siber G\u00fcvenlik&#8221; tir. Ancak sunulacak bildiriler bu alanla s\u0131n\u0131rl\u0131 olmay\u0131p M\u00fchendislik Bilimleri ve Uygulamal\u0131 Matematik alan\u0131nda g\u00f6nderilen ara\u015ft\u0131rma \u00e7al\u0131\u015fmalar\u0131 da kabul edilecektir. Y\u00fcksek kalite, kabul edilmi\u015f ve sunulmu\u015f \u0130ngilizce \u00e7al\u0131\u015fmalar Springer serisi:<\/span>&nbsp;<span style=\"color: #ff6600;\">Engineering Cyber-Physical Systems and Critical Infrastructures<\/span> kapsam\u0131nda yay\u0131nlanacakt\u0131r.<\/strong>\n\n\n\n\n<figure class=\"wp-block-image\"><a href=\"https:\/\/www.springer.com\/series\/16845\"><img loading=\"lazy\" decoding=\"async\" width=\"1921\" height=\"401\" class=\"wp-image-2875\" src=\"http:\/\/icaiame.com\/wp-content\/uploads\/2022\/01\/banner-02.jpg\" alt=\"\" srcset=\"https:\/\/icaiame.com\/wp-content\/uploads\/2022\/01\/banner-02.jpg 1921w, https:\/\/icaiame.com\/wp-content\/uploads\/2022\/01\/banner-02-300x63.jpg 300w, https:\/\/icaiame.com\/wp-content\/uploads\/2022\/01\/banner-02-1024x214.jpg 1024w, https:\/\/icaiame.com\/wp-content\/uploads\/2022\/01\/banner-02-768x160.jpg 768w, https:\/\/icaiame.com\/wp-content\/uploads\/2022\/01\/banner-02-1536x321.jpg 1536w\" sizes=\"auto, (max-width: 1921px) 100vw, 1921px\" \/><\/a><\/figure>\n\n\n\n\n<hr class=\"wp-block-separator has-text-color has-cyan-bluish-gray-color has-css-opacity has-cyan-bluish-gray-background-color has-background is-style-wide\">\n\n\n\n\n<h3 class=\"wp-block-heading\"><strong>UMYMK 2022 Davetli Konu\u015fmac\u0131lar<\/strong><\/h3>\n\n\n\n\n1- Prof. Dr. \u00c7etin ELMAS (<em>Gazi University, Turkey<\/em>)\n<em><strong>\u201c<strong>Democracy, Artificial Intelligence and Threats<\/strong>\u201d<\/strong><\/em>\n\n\n\n\n\n2-&nbsp;Prof. Dr. Ender \u00d6ZCAN (University of Nottingham, England)\n<em><strong>\u201c<em><strong>An Extended Classification Of Selection Hyper-Heuristics<\/strong><\/em>\u201d<\/strong><\/em>\n\n\n\n\n\n3- Prof. Dr. H\u00fcseyin SEKER (University of Birmingham, England)\n<em><strong>\u201cThe Power of Data and The Things It Empowers: What have we learned in the age of Covid-19\u201d<\/strong><\/em>\n\n\n\n\n\n4-&nbsp;Prof. Dr. Jude HEMANTH (Karunya Institute of Technology and Sciences, India)\n<em><strong>\u201c<em><strong>Why Deep Learning Models Over Traditional Machine Learning Models?<\/strong><\/em>\u201d<\/strong><\/em>\n\n\n\n\n\n5-&nbsp;Prof. Dr. M. Ali AKCAYOL&nbsp;(<em>Gazi University, Turkey<\/em>)\n<em><strong>\u201cDeep Network Architecture for Image Colorization\u201d<\/strong><\/em>\n\n\n\n\n\n6-&nbsp;Prof. Dr. Sergey D.BUSHUYEV (Kyiv National University, Ukraine)\n<em><strong><em>\u201c<\/em><strong>Development Of Intelligence Society On The Basis Of Global Trends<\/strong>&#8220;<\/strong><\/em>\n\n\n\n\n\n7- Dr. Mladen Vukomanovi (Vice President, International Project Management Agency&nbsp;\u2013&nbsp;IPMA, Croatia)\n<em><strong>\u201c<strong>Application Of Machine Learning To Construction Projects: A Case Of Bexel<\/strong>\u201d<\/strong><\/em>\n\n\n\n","protected":false},"excerpt":{"rendered":"<p>Kabul Edilen \u00d6zetler E-Kitab\u0131na ula\u015fmak i\u00e7in&nbsp;t\u0131klay\u0131n\u0131z. UMYMK 2022 Detay Program. G\u00f6r\u00fcnt\u00fclemek i\u00e7in&nbsp;t\u0131klay\u0131n\u0131z. Bilim Komitesi\/Kurulu 2022. G\u00f6r\u00fcnt\u00fclemek i\u00e7in t\u0131klay\u0131n\u0131z. UMYMK 2022&hellip; <\/p>\n","protected":false},"author":1,"featured_media":0,"parent":0,"menu_order":0,"comment_status":"closed","ping_status":"closed","template":"","meta":{"footnotes":""},"class_list":["post-3060","page","type-page","status-publish","hentry"],"translation":{"provider":"WPGlobus","version":"3.0.0","language":"tr","enabled_languages":["en","tr"],"languages":{"en":{"title":true,"content":true,"excerpt":false},"tr":{"title":true,"content":true,"excerpt":false}}},"_links":{"self":[{"href":"https:\/\/icaiame.com\/tr\/wp-json\/wp\/v2\/pages\/3060","targetHints":{"allow":["GET"]}}],"collection":[{"href":"https:\/\/icaiame.com\/tr\/wp-json\/wp\/v2\/pages"}],"about":[{"href":"https:\/\/icaiame.com\/tr\/wp-json\/wp\/v2\/types\/page"}],"author":[{"embeddable":true,"href":"https:\/\/icaiame.com\/tr\/wp-json\/wp\/v2\/users\/1"}],"replies":[{"embeddable":true,"href":"https:\/\/icaiame.com\/tr\/wp-json\/wp\/v2\/comments?post=3060"}],"version-history":[{"count":16,"href":"https:\/\/icaiame.com\/tr\/wp-json\/wp\/v2\/pages\/3060\/revisions"}],"predecessor-version":[{"id":3955,"href":"https:\/\/icaiame.com\/tr\/wp-json\/wp\/v2\/pages\/3060\/revisions\/3955"}],"wp:attachment":[{"href":"https:\/\/icaiame.com\/tr\/wp-json\/wp\/v2\/media?parent=3060"}],"curies":[{"name":"wp","href":"https:\/\/api.w.org\/{rel}","templated":true}]}}