{"id":3911,"date":"2023-12-28T19:42:34","date_gmt":"2023-12-28T19:42:34","guid":{"rendered":"http:\/\/icaiame.com\/?page_id=3911"},"modified":"2024-12-04T17:15:16","modified_gmt":"2024-12-04T17:15:16","slug":"icaiame2023","status":"publish","type":"page","link":"https:\/\/icaiame.com\/tr\/icaiame2023","title":{"rendered":"UMYMK 2023"},"content":{"rendered":"\n<figure class=\"wp-block-image size-large\"><img loading=\"lazy\" decoding=\"async\" width=\"1024\" height=\"285\" src=\"http:\/\/icaiame.com\/wp-content\/uploads\/2023\/03\/theme-1024x285.jpg\" alt=\"\" class=\"wp-image-3415\" srcset=\"https:\/\/icaiame.com\/wp-content\/uploads\/2023\/03\/theme-1024x285.jpg 1024w, https:\/\/icaiame.com\/wp-content\/uploads\/2023\/03\/theme-300x84.jpg 300w, https:\/\/icaiame.com\/wp-content\/uploads\/2023\/03\/theme-768x214.jpg 768w, https:\/\/icaiame.com\/wp-content\/uploads\/2023\/03\/theme-1536x428.jpg 1536w, https:\/\/icaiame.com\/wp-content\/uploads\/2023\/03\/theme.jpg 1920w\" sizes=\"auto, (max-width: 1024px) 100vw, 1024px\" \/><\/figure>\n\n\n\n<figure class=\"wp-block-image size-large\"><a href=\"http:\/\/icaiame.com\/ipma-senet\" target=\"_blank\" rel=\"noreferrer noopener\"><img loading=\"lazy\" decoding=\"async\" width=\"1024\" height=\"285\" src=\"http:\/\/icaiame.com\/wp-content\/uploads\/2023\/09\/banner-07-1024x285.jpg\" alt=\"\" class=\"wp-image-3734\" srcset=\"https:\/\/icaiame.com\/wp-content\/uploads\/2023\/09\/banner-07-1024x285.jpg 1024w, https:\/\/icaiame.com\/wp-content\/uploads\/2023\/09\/banner-07-300x84.jpg 300w, https:\/\/icaiame.com\/wp-content\/uploads\/2023\/09\/banner-07-768x214.jpg 768w, https:\/\/icaiame.com\/wp-content\/uploads\/2023\/09\/banner-07-1536x428.jpg 1536w, https:\/\/icaiame.com\/wp-content\/uploads\/2023\/09\/banner-07.jpg 1920w\" sizes=\"auto, (max-width: 1024px) 100vw, 1024px\" \/><\/a><\/figure>\n\n\n\n<div style=\"height:30px\" aria-hidden=\"true\" class=\"wp-block-spacer\"><\/div>\n\n\n\n<p><em>Kabul Edilen \u00d6zetler E-Kitab\u0131na ula\u015fmak i\u00e7in&nbsp;<a href=\"http:\/\/icaiame.com\/wp-content\/uploads\/2023\/11\/ICAIAME-2023-Accepted-Abstracts-E-Book.pdf\">t\u0131klay\u0131n\u0131z<\/a>.<\/em><\/p>\n<p>UMYMK 2023 Program. G\u00f6r\u00fcnt\u00fclemek i\u00e7in <a href=\"http:\/\/icaiame.com\/wp-content\/uploads\/2023\/10\/ICAIAME_2023_programme.pdf\">t\u0131klay\u0131n\u0131z<\/a>.<\/p>\n<p>Bilim Komitesi\/Kurulu 2023. G\u00f6r\u00fcnt\u00fclemek i\u00e7in <a href=\"http:\/\/icaiame.com\/scientific-committee-2023\">t\u0131klay\u0131n\u0131z<\/a>.<\/p>\n<p><span style=\"color: #ff0000;\"><strong>UMYMK 2023 son Akademik Te\u015fvik Program\u0131 d\u00fczenlemeleriyle uyumludur.<\/strong><\/span><\/p>\n<p><strong>5. Uluslararas\u0131 M\u00fchendislikte Yapay Zeka ve Uygulamal\u0131 Matematik Konferans\u0131 (UMYMK 2023)<\/strong>, <strong>3-4-5 Kas\u0131m 2023<\/strong>&nbsp;tarihlerinde; Akdeniz\u2019in incisi, T\u00fcrkiye\u2019nin cennet k\u00f6\u015fesi, d\u00fcnyan\u0131n en \u00e7ok ziyaret edilen d\u00f6rd\u00fcnc\u00fc \u015fehri, <strong>Antalya<\/strong>\u2019n\u0131n,&nbsp;<strong>Belek&nbsp;<\/strong>il\u00e7esinde ger\u00e7ekle\u015ftirilecektir.&nbsp;\u00dc\u00e7 g\u00fcn s\u00fcrecek konferans\u0131m\u0131z\u0131n ana temas\u0131, m\u00fchendislik uygulamalar\u0131nda Yapay Zeka ve Uygulamal\u0131 Matematik \u00e7\u00f6z\u00fcmleridir.&nbsp;UMYMK 2023 bildiri kapsam\u0131 <strong>T\u00fcrk\u00e7e<\/strong> ve <strong>\u0130ngilizce<\/strong>\u2018dir.<\/p>\n\n\n\n<div style=\"height:10px\" aria-hidden=\"true\" class=\"wp-block-spacer\"><\/div>\n\n\n\n<figure class=\"wp-block-image size-large\"><a href=\"https:\/\/photos.app.goo.gl\/XVzVJSQZRNZw56MD8\" target=\"_blank\" rel=\"noreferrer noopener\"><img loading=\"lazy\" decoding=\"async\" width=\"1024\" height=\"285\" src=\"http:\/\/icaiame.com\/wp-content\/uploads\/2023\/11\/banner-08-1024x285.jpg\" alt=\"\" class=\"wp-image-3834\" srcset=\"https:\/\/icaiame.com\/wp-content\/uploads\/2023\/11\/banner-08-1024x285.jpg 1024w, https:\/\/icaiame.com\/wp-content\/uploads\/2023\/11\/banner-08-300x84.jpg 300w, https:\/\/icaiame.com\/wp-content\/uploads\/2023\/11\/banner-08-768x214.jpg 768w, https:\/\/icaiame.com\/wp-content\/uploads\/2023\/11\/banner-08-1536x428.jpg 1536w, https:\/\/icaiame.com\/wp-content\/uploads\/2023\/11\/banner-08.jpg 1920w\" sizes=\"auto, (max-width: 1024px) 100vw, 1024px\" \/><\/a><\/figure>\n\n\n\n<div style=\"height:30px\" aria-hidden=\"true\" class=\"wp-block-spacer\"><\/div>\n\n\n\n<h3><strong>UMYMK 2023 Davetli Konu\u015fmac\u0131lar<\/strong><\/h3>\n<p>1- Prof. Dr. \u00c7etin ELMAS (IPMA Global Head Artificial Intelligence SIG, Gazi University, Turkey)<br \/><em>\u201cArtificial Intelligence in Project Management\u201d<\/em><\/p>\n<p>2- Prof. Dr. Gerhard-Wilhelm WEBER (Poznan University of Technology, Poland)<br \/><em>\u201cRMARS under Cross-Polytope Uncertainty \u2013 a New Machine Learning method in the Natural Gas Market of Turkey\u201d<\/em><\/p>\n<p>3- Prof. Dr. Ender \u00d6ZCAN (University of Nottingham, England)<br \/><em>\u201cTuning the Parameters of a Steady State Memetic Algorithm for Cross Domain Search\u201d<\/em><\/p>\n<p>4-\u00a0Prof. Dr. H\u00fcseyin \u015eEKER (Birmingham City University, England)<br \/><em>\u201cThe Power of Data and The Things It Empowers\u201d<\/em><\/p>\n<p>5-\u00a0Prof. Dr. Jude HEMANTH (Karunya Institute of Technology and Sciences, India)<br \/><em>\u201c<\/em>Is innovation possible in deep learning models?: Out-of-the-box approaches<em>\u201d<\/em><\/p>\n<p>6- Prof. Dr. Nabi IBADOV (Warsaw University of Technology, Poland)<br \/><em>\u201c3M site (modern, multi-ethnic and multi-cultural) management as the basis for selecting a construction site manager\u201d<\/em><\/p>\n<p>7- Prof. Dr. Viladimir OBRADOVIC (IPMA: International Project Management, Serbia)<br \/><em>\u201cPM And AI: A Competence Gap\u201d<\/em><\/p>\n<p>8- Dr. Reinhard WAGNER (IPMA: International Project Management, Germany)<br \/><em>\u201cThe Evolution Of Technology In Artificial Intelligence And Its Impact On Project Management\u201d<\/em><\/p>\n","protected":false},"excerpt":{"rendered":"","protected":false},"author":1,"featured_media":0,"parent":0,"menu_order":0,"comment_status":"closed","ping_status":"closed","template":"","meta":{"footnotes":""},"class_list":["post-3911","page","type-page","status-publish","hentry"],"translation":{"provider":"WPGlobus","version":"3.0.0","language":"tr","enabled_languages":["en","tr"],"languages":{"en":{"title":true,"content":true,"excerpt":false},"tr":{"title":true,"content":true,"excerpt":false}}},"_links":{"self":[{"href":"https:\/\/icaiame.com\/tr\/wp-json\/wp\/v2\/pages\/3911","targetHints":{"allow":["GET"]}}],"collection":[{"href":"https:\/\/icaiame.com\/tr\/wp-json\/wp\/v2\/pages"}],"about":[{"href":"https:\/\/icaiame.com\/tr\/wp-json\/wp\/v2\/types\/page"}],"author":[{"embeddable":true,"href":"https:\/\/icaiame.com\/tr\/wp-json\/wp\/v2\/users\/1"}],"replies":[{"embeddable":true,"href":"https:\/\/icaiame.com\/tr\/wp-json\/wp\/v2\/comments?post=3911"}],"version-history":[{"count":32,"href":"https:\/\/icaiame.com\/tr\/wp-json\/wp\/v2\/pages\/3911\/revisions"}],"predecessor-version":[{"id":4266,"href":"https:\/\/icaiame.com\/tr\/wp-json\/wp\/v2\/pages\/3911\/revisions\/4266"}],"wp:attachment":[{"href":"https:\/\/icaiame.com\/tr\/wp-json\/wp\/v2\/media?parent=3911"}],"curies":[{"name":"wp","href":"https:\/\/api.w.org\/{rel}","templated":true}]}}