{"id":4284,"date":"2024-12-27T18:27:25","date_gmt":"2024-12-27T18:27:25","guid":{"rendered":"https:\/\/icaiame.com\/?page_id=4284"},"modified":"2026-04-10T11:58:17","modified_gmt":"2026-04-10T11:58:17","slug":"icaiame2024","status":"publish","type":"page","link":"https:\/\/icaiame.com\/tr\/icaiame2024","title":{"rendered":"UMYMK 2024"},"content":{"rendered":"\n<figure class=\"wp-block-image size-large\"><img loading=\"lazy\" decoding=\"async\" width=\"1024\" height=\"285\" src=\"http:\/\/icaiame.com\/wp-content\/uploads\/2023\/12\/banner-10-1024x285.jpg\" alt=\"\" class=\"wp-image-3991\" srcset=\"https:\/\/icaiame.com\/wp-content\/uploads\/2023\/12\/banner-10-1024x285.jpg 1024w, https:\/\/icaiame.com\/wp-content\/uploads\/2023\/12\/banner-10-300x84.jpg 300w, https:\/\/icaiame.com\/wp-content\/uploads\/2023\/12\/banner-10-768x214.jpg 768w, https:\/\/icaiame.com\/wp-content\/uploads\/2023\/12\/banner-10-1536x428.jpg 1536w, https:\/\/icaiame.com\/wp-content\/uploads\/2023\/12\/banner-10-2048x570.jpg 2048w\" sizes=\"auto, (max-width: 1024px) 100vw, 1024px\" \/><\/figure>\n\n\n\n<figure class=\"wp-block-image size-large\"><img loading=\"lazy\" decoding=\"async\" width=\"1024\" height=\"285\" src=\"http:\/\/icaiame.com\/wp-content\/uploads\/2024\/09\/banner-13-1024x285.jpg\" alt=\"\" class=\"wp-image-4240\" srcset=\"https:\/\/icaiame.com\/wp-content\/uploads\/2024\/09\/banner-13-1024x285.jpg 1024w, https:\/\/icaiame.com\/wp-content\/uploads\/2024\/09\/banner-13-300x84.jpg 300w, https:\/\/icaiame.com\/wp-content\/uploads\/2024\/09\/banner-13-768x214.jpg 768w, https:\/\/icaiame.com\/wp-content\/uploads\/2024\/09\/banner-13-1536x428.jpg 1536w, https:\/\/icaiame.com\/wp-content\/uploads\/2024\/09\/banner-13-2048x570.jpg 2048w\" sizes=\"auto, (max-width: 1024px) 100vw, 1024px\" \/><\/figure>\n\n\n\n<div style=\"height:30px\" aria-hidden=\"true\" class=\"wp-block-spacer\"><\/div>\n\n\n\n<p><em>Kabul Edilen \u00d6zetler E-Kitab\u0131na ula\u015fmak i\u00e7in&nbsp;<a href=\"http:\/\/icaiame.com\/wp-content\/uploads\/2024\/12\/ICAIAME-2024-Accepted-Abstracts-E-Book.pdf\">t\u0131klay\u0131n\u0131z<\/a>.<\/em><\/p>\n\n\n\n<p><em>UMYMK 2024 Program. G\u00f6r\u00fcnt\u00fclemek i\u00e7in&nbsp;<a href=\"http:\/\/icaiame.com\/conference\/program2024\">t\u0131klay\u0131n\u0131z<\/a>.<\/em><\/p>\n\n\n\n<p><em>Bilim Komitesi\/Kurulu 2024. G\u00f6r\u00fcnt\u00fclemek i\u00e7in&nbsp;<a href=\"http:\/\/icaiame.com\/scientific-committee-2024\">t\u0131klay\u0131n\u0131z<\/a>.<\/em><\/p>\n\n\n\n<p><strong>UMYMK 2024 son Akademik Te\u015fvik Program\u0131 d\u00fczenlemeleriyle uyumludur.<\/strong><\/p>\n\n\n\n<p>6. Uluslararas\u0131 M\u00fchendislikte Yapay Zeka ve Uygulamal\u0131 Matematik Konferans\u0131 (UMYMK 2024),&nbsp;<strong>26-27-28 Eyl\u00fcl 2024<\/strong>&nbsp;tarihlerinde; Polonya&nbsp;<strong>Var\u015fova Teknoloji \u00dcniversitesi<\/strong>\u2018nde ger\u00e7ekle\u015ftirilecektir. \u00dc\u00e7 g\u00fcn s\u00fcrecek konferans\u0131m\u0131z\u0131n ana temas\u0131, m\u00fchendislik uygulamalar\u0131nda Yapay Zeka ve Uygulamal\u0131 Matematik \u00e7\u00f6z\u00fcmleridir. UMYMK 2024 bildiri kapsam\u0131&nbsp;<strong>\u0130ngilizce<\/strong>\u2018dir.<\/p>\n\n\n\n<figure class=\"wp-block-image size-large\"><a href=\"https:\/\/photos.app.goo.gl\/kLuRxRW1EE2enjdv7\" target=\"_blank\" rel=\"noopener\"><img loading=\"lazy\" decoding=\"async\" width=\"1024\" height=\"285\" src=\"http:\/\/icaiame.com\/wp-content\/uploads\/2024\/12\/banner-15-1024x285.jpg\" alt=\"\" class=\"wp-image-4305\" srcset=\"https:\/\/icaiame.com\/wp-content\/uploads\/2024\/12\/banner-15-1024x285.jpg 1024w, https:\/\/icaiame.com\/wp-content\/uploads\/2024\/12\/banner-15-300x84.jpg 300w, https:\/\/icaiame.com\/wp-content\/uploads\/2024\/12\/banner-15-768x214.jpg 768w, https:\/\/icaiame.com\/wp-content\/uploads\/2024\/12\/banner-15-1536x428.jpg 1536w, https:\/\/icaiame.com\/wp-content\/uploads\/2024\/12\/banner-15.jpg 1920w\" sizes=\"auto, (max-width: 1024px) 100vw, 1024px\" \/><\/a><\/figure>\n\n\n\n<div style=\"height:30px\" aria-hidden=\"true\" class=\"wp-block-spacer\"><\/div>\n\n\n\n<h3 class=\"wp-block-heading\"><strong>Davetli Konu\u015fmac\u0131lar<\/strong><\/h3>\n\n\n\n<p>1- Prof. Dr. \u00c7etin ELMAS (President Of Industrial Artificial Intelligence Association, Gazi University, Turkey)<br><em>\u201cHow Generative Artificial Intelligence Affects Project Management\u201d<\/em><\/p>\n\n\n\n<p>2- Prof. Dr. Artur ZBICIAK (Warsaw University Of Technology, Poland)<br><em>\u201cComputer Simulations In The Problems Of Reducing Vibrations And Noise Caused By Railroad Traffic\u201d<\/em><\/p>\n\n\n\n<p>3-&nbsp;Prof. Dr. Jude HEMANTH (Karunya Institute of Technology and Sciences, India)<br><em>\u201cModified Fuzzy C-Means Clustering Algorithms for Medical Image Analysis\u201d<\/em><\/p>\n\n\n\n<p>4- Prof. Dr. Gerhard-Wilhelm WEBER (Poznan University of Technology, Poland)<br><em>\u201cAdvancements On Aggregate Production Planning With Special Emphasis On Human Factors\u201d<\/em><\/p>\n\n\n\n<p>5- Prof. Dr. Ender \u00d6ZCAN (University of Nottingham, England)<br><em>\u201cApplication of Heuristic and Metaheuristic Algorithms to Acoustic Topology Optimization\u201d<\/em><\/p>\n\n\n\n<p>6-&nbsp;Prof. Dr. H\u00fcseyin \u015eEKER (Birmingham City University, England)<br><em>\u201cThe Power of Data and The Things It Empowers\u201d<\/em><\/p>\n","protected":false},"excerpt":{"rendered":"<p>Kabul Edilen \u00d6zetler E-Kitab\u0131na ula\u015fmak i\u00e7in&nbsp;t\u0131klay\u0131n\u0131z. UMYMK 2024 Program. G\u00f6r\u00fcnt\u00fclemek i\u00e7in&nbsp;t\u0131klay\u0131n\u0131z. Bilim Komitesi\/Kurulu 2024. G\u00f6r\u00fcnt\u00fclemek i\u00e7in&nbsp;t\u0131klay\u0131n\u0131z. UMYMK 2024 son Akademik&hellip; <\/p>\n","protected":false},"author":1,"featured_media":0,"parent":0,"menu_order":0,"comment_status":"closed","ping_status":"closed","template":"","meta":{"footnotes":""},"class_list":["post-4284","page","type-page","status-publish","hentry"],"translation":{"provider":"WPGlobus","version":"3.0.0","language":"tr","enabled_languages":["en","tr"],"languages":{"en":{"title":true,"content":true,"excerpt":false},"tr":{"title":true,"content":true,"excerpt":false}}},"_links":{"self":[{"href":"https:\/\/icaiame.com\/tr\/wp-json\/wp\/v2\/pages\/4284","targetHints":{"allow":["GET"]}}],"collection":[{"href":"https:\/\/icaiame.com\/tr\/wp-json\/wp\/v2\/pages"}],"about":[{"href":"https:\/\/icaiame.com\/tr\/wp-json\/wp\/v2\/types\/page"}],"author":[{"embeddable":true,"href":"https:\/\/icaiame.com\/tr\/wp-json\/wp\/v2\/users\/1"}],"replies":[{"embeddable":true,"href":"https:\/\/icaiame.com\/tr\/wp-json\/wp\/v2\/comments?post=4284"}],"version-history":[{"count":30,"href":"https:\/\/icaiame.com\/tr\/wp-json\/wp\/v2\/pages\/4284\/revisions"}],"predecessor-version":[{"id":4922,"href":"https:\/\/icaiame.com\/tr\/wp-json\/wp\/v2\/pages\/4284\/revisions\/4922"}],"wp:attachment":[{"href":"https:\/\/icaiame.com\/tr\/wp-json\/wp\/v2\/media?parent=4284"}],"curies":[{"name":"wp","href":"https:\/\/api.w.org\/{rel}","templated":true}]}}