{"id":4359,"date":"2025-03-07T20:21:48","date_gmt":"2025-03-07T20:21:48","guid":{"rendered":"https:\/\/icaiame.com\/?page_id=4359"},"modified":"2025-03-07T20:21:48","modified_gmt":"2025-03-07T20:21:48","slug":"kayit","status":"publish","type":"page","link":"https:\/\/icaiame.com\/tr\/kayit","title":{"rendered":"Kay\u0131t"},"content":{"rendered":"<p><a href=\"https:\/\/submission.icaiame.com\/Auth\/confmap?confHash=AOnH3EWFbplETUwXwwlujIft2U4S85sHS48o%2B90v4EaTvoqvCnS0pECOf5rjUi8AhA%3D%3D\"><img loading=\"lazy\" decoding=\"async\" class=\"alignnone size-full wp-image-1804\" src=\"http:\/\/icaiame.com\/wp-content\/uploads\/2020\/02\/registration-button-kayit.gif\" alt=\"\" width=\"300\" height=\"97\" \/><\/a><\/p>\n<p>Konferans oturumlar\u0131 Antalya Belek Innvista Hotel&#8217; de yap\u0131lacakt\u0131r.<\/p>\n<h3><strong>Konferans Kat\u0131l\u0131m \u00dccretleri<\/strong><\/h3>\n<table>\n<thead>\n<tr>\n<th><\/th>\n<th><strong>30 A\u011fustos 2025 Tarihine Kadar<\/strong><\/th>\n<th><strong>1 Eyl\u00fcl 2025 \u0130tibariyle<\/strong><\/th>\n<\/tr>\n<\/thead>\n<tbody>\n<tr>\n<td><strong>Kat\u0131l\u0131mc\u0131<\/strong><\/td>\n<td>150 \u20ac<\/td>\n<td>175 \u20ac<\/td>\n<\/tr>\n<tr>\n<td><strong>\u00d6\u011frenci<\/strong><\/td>\n<td>130 \u20ac<\/td>\n<td>150 \u20ac<\/td>\n<\/tr>\n<\/tbody>\n<\/table>\n<h3><strong>Konaklama \u00dccretleri (Kat\u0131l\u0131m \u00dccretine Ek Olarak)<\/strong><\/h3>\n<div>\n<table>\n<tbody>\n<tr>\n<td><\/td>\n<td><strong>G\u00fcn\u00fcbirlik Kullan\u0131m<br \/>\n<\/strong><\/td>\n<td><strong>1 Gecelik Konaklama<\/strong><\/td>\n<td><strong>2 Gecelik Konaklama<\/strong><\/td>\n<td><strong>3 Gecelik Konaklama<\/strong><\/td>\n<\/tr>\n<tr>\n<td><strong>Kat\u0131l\u0131mc\u0131<\/strong><\/td>\n<td>\n<p style=\"text-align: center;\">30 \u20ac<\/p>\n<\/td>\n<td style=\"text-align: center;\">&#8211;<\/td>\n<td style=\"text-align: center;\">&#8211;<\/td>\n<td style=\"text-align: center;\">&#8211;<\/td>\n<\/tr>\n<tr>\n<td><strong>Single Room<\/strong><\/td>\n<td>\n<p style=\"text-align: center;\">&#8211;<\/p>\n<\/td>\n<td>\n<p style=\"text-align: center;\">85 \u20ac<\/p>\n<\/td>\n<td>\n<p style=\"text-align: center;\">170 \u20ac<\/p>\n<\/td>\n<td style=\"text-align: center;\">255 \u20ac<\/td>\n<\/tr>\n<tr>\n<td style=\"text-align: center;\"><strong>Double Room<\/strong><\/td>\n<td style=\"text-align: center;\">&#8211;<\/td>\n<td style=\"text-align: center;\">\n<p style=\"text-align: center;\">120 \u20ac<\/p>\n<\/td>\n<td style=\"text-align: center;\">240 \u20ac<\/td>\n<td>\n<p style=\"text-align: center;\">360 \u20ac<\/p>\n<\/td>\n<\/tr>\n<tr>\n<td style=\"text-align: center;\"><strong>Triple Room<\/strong><\/td>\n<td style=\"text-align: center;\">&#8211;<\/td>\n<td style=\"text-align: center;\">175 \u20ac<\/td>\n<td style=\"text-align: center;\">350 \u20ac<\/td>\n<td>\n<p style=\"text-align: center;\">525 \u20ac<\/p>\n<\/td>\n<\/tr>\n<tr>\n<td colspan=\"5\">* G\u00fcn\u00fcbirlik kullan\u0131mlarda 09:00 &#8211; 18:00 saatleri aras\u0131nda sabah &#8211; \u00f6\u011fle yemeklerini kapsamaktad\u0131r.<\/p>\n<p>** Konaklamalarda oda giri\u015f: 14:00 \u00e7\u0131k\u0131\u015f: 12:00 olarak uygulanmaktad\u0131r.<\/p>\n<p>*** Otelde Her\u015fey Dahil Konsepti uygulanmaktad\u0131r. <a href=\"https:\/\/www.innvistahotel.com\/tr\/innvista-belek\">Otel web sayfas\u0131\u00a0<\/a><\/td>\n<\/tr>\n<\/tbody>\n<\/table>\n<ul>\n<li>Konaklama \u00fccretleri, kat\u0131l\u0131m \u00fccretine ek olarak uygulanmaktad\u0131r.<\/li>\n<li>Kay\u0131t i\u015flemlerinizi online olarak <a href=\"https:\/\/submission.icaiame.com\/Auth\/confmap?confHash=AOnH3EWFbplETUwXwwlujIft2U4S85sHS48o%2B90v4EaTvoqvCnS0pECOf5rjUi8AhA%3D%3D\">CONFMAP sistemi<\/a> \u00fczerinden ger\u00e7ekle\u015ftirebilirsiniz.<\/li>\n<li>Bildiri g\u00f6nderen ki\u015filerin konferansa kay\u0131t yapt\u0131rmas\u0131 zorunludur.<\/li>\n<li>Konferansa kay\u0131t yapt\u0131rd\u0131ktan sonra \u00f6demenizi nakit veya kredi kart\u0131 ile \u00f6deyebilirsiniz. Nakit \u00f6deme durumunda dekontunuzu\u00a0 <a href=\"https:\/\/submission.icaiame.com\/Auth\/confmap?confHash=AOnH3EWFbplETUwXwwlujIft2U4S85sHS48o%2B90v4EaTvoqvCnS0pECOf5rjUi8AhA%3D%3D\">CONFMAP<\/a> sisteminden y\u00fcklemeniz gerekmektedir.<\/li>\n<li>Kay\u0131t \u00fccretlerine KDV dahildir. Fatura bilgilerini <a href=\"https:\/\/submission.icaiame.com\/Auth\/confmap?confHash=AOnH3EWFbplETUwXwwlujIft2U4S85sHS48o%2B90v4EaTvoqvCnS0pECOf5rjUi8AhA%3D%3D\">CONFMAP<\/a> sisteminden g\u00f6ndermeniz durumunda faturan\u0131z en k\u0131sa s\u00fcrede g\u00f6nderilecektir. Faturan\u0131z\u0131 talep etmeniz durumunda \u00dcniversiteniz veya kurum\/kurulu\u015f ad\u0131na kesilebilir.<\/li>\n<li>Kat\u0131l\u0131m sertifikas\u0131 sadece bildirilerini sunan kay\u0131tl\u0131 kat\u0131l\u0131mc\u0131lara verilecektir.<\/li>\n<li>&#8220;D\u0130NLEY\u0130C\u0130&#8221; olarak kat\u0131lmak isteyenler kay\u0131t yapt\u0131rmal\u0131 ve kat\u0131l\u0131m \u00fccreti olarak 75\u20ac\u00a0 \u00f6demelidir. D\u0130NLEY\u0130C\u0130ler kat\u0131l\u0131m \u00fccretine dahil olan hizmetlerden faydalanabilirler.<\/li>\n<\/ul>\n<\/div>\n<p style=\"font-weight: 400;\"><strong>Kat\u0131l\u0131m \u00dccretine Dahil Olan Hizmetler<\/strong><\/p>\n<ul style=\"font-weight: 400;\">\n<li>T\u00fcm konferans oturumlar\u0131na giri\u015f<\/li>\n<li>Konferans \u00e7antas\u0131<\/li>\n<li>A\u00e7\u0131l\u0131\u015f seranomisi<\/li>\n<li>Kahve aras\u0131<\/li>\n<li>Kat\u0131l\u0131m belgesi<\/li>\n<\/ul>\n<p><strong>\u00d6deme Bilgileri<\/strong><\/p>\n<p>Konferans kay\u0131t \u00fccreti <a href=\"https:\/\/submission.icaiame.com\/Auth\/confmap?confHash=AOnH3EWFbplETUwXwwlujIft2U4S85sHS48o%2B90v4EaTvoqvCnS0pECOf5rjUi8AhA%3D%3D\">CONFMAP sistemi<\/a> \u00fczerinden kredi kart\u0131 veya nakit olarak a\u015fa\u011f\u0131daki hesaba yat\u0131r\u0131larak \u00f6deme dekontu <a href=\"https:\/\/submission.icaiame.com\/Auth\/confmap?confHash=AOnH3EWFbplETUwXwwlujIft2U4S85sHS48o%2B90v4EaTvoqvCnS0pECOf5rjUi8AhA%3D%3D\">CONFMAP sistemi<\/a> \u00fczerinden g\u00f6nderilmelidir.<\/p>\n<p>EUR\u2013IBAN: TR90 0001 2001 3390 0058 1000 22<br \/>\nBanka Ad\u0131: TURKIYE HALK BANKASI<br \/>\nBanka \u015eube: S\u00fcleyman Demirel \u00dcniversity Uydu \u015eube<br \/>\n\u015eube Kodu: 1339<br \/>\nSwift Kodu: TRHBTR2A<br \/>\nBanka Hesap Sahibi Ad\u0131: Ter Yaz\u0131l\u0131m Bilg. Med. Tem. \u0130n\u015f. Taah. Tic. Ltd. \u015eti.<br \/>\nAdres: S\u00fcleyman Demirel \u00dcniversitesi G\u00f6ller B\u00f6lgesi Teknokenti No:202\/A Isparta Turkey<br \/>\nA\u00e7\u0131klama: Bildiri No, Yazar ad soyad, ICAIAME2025<\/p>\n<p><a style=\"font-size: revert;\" href=\"https:\/\/submission.icaiame.com\/Auth\/confmap?confHash=AOnH3EWFbplETUwXwwlujIft2U4S85sHS48o%2B90v4EaTvoqvCnS0pECOf5rjUi8AhA%3D%3D\"><br \/>\n<img loading=\"lazy\" decoding=\"async\" class=\"alignnone size-full wp-image-1804\" src=\"http:\/\/icaiame.com\/wp-content\/uploads\/2020\/02\/registration-button-kayit.gif\" alt=\"\" width=\"300\" height=\"97\" \/><\/a><\/p>\n","protected":false},"excerpt":{"rendered":"<p>Konferans oturumlar\u0131 Antalya Belek Innvista Hotel&#8217; de yap\u0131lacakt\u0131r. Konferans Kat\u0131l\u0131m \u00dccretleri 30 A\u011fustos 2025 Tarihine Kadar 1 Eyl\u00fcl 2025 \u0130tibariyle&hellip; <\/p>\n","protected":false},"author":2,"featured_media":0,"parent":0,"menu_order":0,"comment_status":"closed","ping_status":"closed","template":"","meta":{"footnotes":""},"class_list":["post-4359","page","type-page","status-publish","hentry"],"translation":{"provider":"WPGlobus","version":"3.0.0","language":"tr","enabled_languages":["en","tr"],"languages":{"en":{"title":true,"content":true,"excerpt":false},"tr":{"title":false,"content":false,"excerpt":false}}},"_links":{"self":[{"href":"https:\/\/icaiame.com\/tr\/wp-json\/wp\/v2\/pages\/4359","targetHints":{"allow":["GET"]}}],"collection":[{"href":"https:\/\/icaiame.com\/tr\/wp-json\/wp\/v2\/pages"}],"about":[{"href":"https:\/\/icaiame.com\/tr\/wp-json\/wp\/v2\/types\/page"}],"author":[{"embeddable":true,"href":"https:\/\/icaiame.com\/tr\/wp-json\/wp\/v2\/users\/2"}],"replies":[{"embeddable":true,"href":"https:\/\/icaiame.com\/tr\/wp-json\/wp\/v2\/comments?post=4359"}],"version-history":[{"count":2,"href":"https:\/\/icaiame.com\/tr\/wp-json\/wp\/v2\/pages\/4359\/revisions"}],"predecessor-version":[{"id":4378,"href":"https:\/\/icaiame.com\/tr\/wp-json\/wp\/v2\/pages\/4359\/revisions\/4378"}],"wp:attachment":[{"href":"https:\/\/icaiame.com\/tr\/wp-json\/wp\/v2\/media?parent=4359"}],"curies":[{"name":"wp","href":"https:\/\/api.w.org\/{rel}","templated":true}]}}