{"id":4910,"date":"2026-04-10T11:38:57","date_gmt":"2026-04-10T11:38:57","guid":{"rendered":"https:\/\/icaiame.com\/?page_id=4910"},"modified":"2026-04-10T12:41:43","modified_gmt":"2026-04-10T12:41:43","slug":"icaiame2025","status":"publish","type":"page","link":"https:\/\/icaiame.com\/tr\/icaiame2025","title":{"rendered":"UMYMK 2025"},"content":{"rendered":"\n<p><em>Kabul Edilen \u00d6zetler E-Kitab\u0131na ula\u015fmak i\u00e7in\u00a0<a href=\"https:\/\/icaiame.com\/wp-content\/uploads\/2025\/11\/ICAIAME-2025-Accepted-Abstracts-E-Book.pdf\">t\u0131klay\u0131n\u0131z<\/a>.<\/em><\/p>\n\n\n\n<p><em>UMYMK 2025 Program. G\u00f6r\u00fcnt\u00fclemek i\u00e7in\u00a0<a href=\"https:\/\/icaiame.com\/program2025\">t\u0131klay\u0131n\u0131z<\/a>.<\/em><\/p>\n\n\n\n<p><em>Bilim Komitesi\/Kurulu 2025. G\u00f6r\u00fcnt\u00fclemek i\u00e7in\u00a0<a href=\"https:\/\/icaiame.com\/scientific-committee-2025\">t\u0131klay\u0131n\u0131z<\/a>.<\/em><\/p>\n\n\n\n<p><strong>UMYMK 2025 son Akademik Te\u015fvik Program\u0131 d\u00fczenlemeleriyle uyumludur.<\/strong><\/p>\n\n\n\n<p>7. Uluslararas\u0131 M\u00fchendislikte Yapay Zeka ve Uygulamal\u0131 Matematik Konferans\u0131 (UMYMK 2025),\u00a0<strong>31 Ekim \u2013 1-2 Kas\u0131m 2025<\/strong>\u00a0tarihlerinde; Antalya-T\u00fcrkiye\u00a0<strong>Innvista Hotel Belek<\/strong>\u2018de ger\u00e7ekle\u015ftirilecektir. \u00dc\u00e7 g\u00fcn s\u00fcrecek konferans\u0131m\u0131z\u0131n ana temas\u0131, m\u00fchendislik uygulamalar\u0131nda Yapay Zeka ve Uygulamal\u0131 Matematik \u00e7\u00f6z\u00fcmleridir. UMYMK 2025 bildiri kapsam\u0131\u00a0<strong>\u0130ngilizce<\/strong>\u2018dir. UMYMK 2025 kapsam\u0131nda kabul edilen y\u00fcksek kaliteli se\u00e7ilmi\u015f bildiriler,\u00a0<strong>Springer Lecture Notes\u00a0 serisinde<\/strong>,\u00a0<em>\u201cTransformation of Engineering with Advanced and Generative Artificial Intelligence Solutions\u201d<\/em>\u00a0ba\u015fl\u0131\u011f\u0131 alt\u0131nda yay\u0131mlanacakt\u0131r.<\/p>\n\n\n\n<figure class=\"wp-block-image size-large\"><a href=\"https:\/\/photos.app.goo.gl\/cbQrYHofP2jNu3Zj7\" target=\"_blank\" rel=\"noopener\"><img loading=\"lazy\" decoding=\"async\" width=\"1024\" height=\"285\" src=\"https:\/\/icaiame.com\/wp-content\/uploads\/2026\/04\/banner-16-1024x285.jpg\" alt=\"\" class=\"wp-image-4925\" srcset=\"https:\/\/icaiame.com\/wp-content\/uploads\/2026\/04\/banner-16-1024x285.jpg 1024w, https:\/\/icaiame.com\/wp-content\/uploads\/2026\/04\/banner-16-300x84.jpg 300w, https:\/\/icaiame.com\/wp-content\/uploads\/2026\/04\/banner-16-768x214.jpg 768w, https:\/\/icaiame.com\/wp-content\/uploads\/2026\/04\/banner-16-1536x428.jpg 1536w, https:\/\/icaiame.com\/wp-content\/uploads\/2026\/04\/banner-16.jpg 1920w\" sizes=\"auto, (max-width: 1024px) 100vw, 1024px\" \/><\/a><\/figure>\n\n\n\n<div style=\"height:30px\" aria-hidden=\"true\" class=\"wp-block-spacer\"><\/div>\n\n\n\n<h3 class=\"wp-block-heading\"><strong>Davetli Konu\u015fmac\u0131lar<\/strong><\/h3>\n\n\n\n<p>1- Prof. Dr. \u00c7etin ELMAS (President Of Industrial Artificial Intelligence Association, Gazi University, Turkey)<br><em>\u201cHow Generative Artificial Intelligence Affects Project Management\u201d<\/em><\/p>\n\n\n\n<p>2- Prof. Dr. Ender \u00d6ZCAN (University of Nottingham, England)<br><em>\u201cAlgorithm selection for irregular three-dimensional packing in additive manufacturing\u201d<\/em><\/p>\n\n\n\n<p>3-&nbsp;Prof. Dr. H\u00fcseyin \u015eEKER (University of Sharjah, United Arab Emirates)<br><em>\u201cThe power of Data and The Things It Empowers\u201d<\/em><\/p>\n\n\n\n<p>4-&nbsp;Prof. Dr. Jude HEMANTH (Karunya Institute of Technology and Sciences, India)<br><em>\u201cINTELLIGENT APPROACHES FOR RECTIFICATION OF NON-STATIONARITY IN MEG DATA FOR AN IMPROVED BRAIN-COMPUTER INTERFACE\u201d<\/em><\/p>\n","protected":false},"excerpt":{"rendered":"<p>Kabul Edilen \u00d6zetler E-Kitab\u0131na ula\u015fmak i\u00e7in\u00a0t\u0131klay\u0131n\u0131z. UMYMK 2025 Program. G\u00f6r\u00fcnt\u00fclemek i\u00e7in\u00a0t\u0131klay\u0131n\u0131z. Bilim Komitesi\/Kurulu 2025. G\u00f6r\u00fcnt\u00fclemek i\u00e7in\u00a0t\u0131klay\u0131n\u0131z. UMYMK 2025 son Akademik&hellip; <\/p>\n","protected":false},"author":1,"featured_media":0,"parent":0,"menu_order":0,"comment_status":"closed","ping_status":"closed","template":"","meta":{"footnotes":""},"class_list":["post-4910","page","type-page","status-publish","hentry"],"translation":{"provider":"WPGlobus","version":"3.0.0","language":"tr","enabled_languages":["en","tr"],"languages":{"en":{"title":true,"content":true,"excerpt":false},"tr":{"title":true,"content":true,"excerpt":false}}},"_links":{"self":[{"href":"https:\/\/icaiame.com\/tr\/wp-json\/wp\/v2\/pages\/4910","targetHints":{"allow":["GET"]}}],"collection":[{"href":"https:\/\/icaiame.com\/tr\/wp-json\/wp\/v2\/pages"}],"about":[{"href":"https:\/\/icaiame.com\/tr\/wp-json\/wp\/v2\/types\/page"}],"author":[{"embeddable":true,"href":"https:\/\/icaiame.com\/tr\/wp-json\/wp\/v2\/users\/1"}],"replies":[{"embeddable":true,"href":"https:\/\/icaiame.com\/tr\/wp-json\/wp\/v2\/comments?post=4910"}],"version-history":[{"count":8,"href":"https:\/\/icaiame.com\/tr\/wp-json\/wp\/v2\/pages\/4910\/revisions"}],"predecessor-version":[{"id":4928,"href":"https:\/\/icaiame.com\/tr\/wp-json\/wp\/v2\/pages\/4910\/revisions\/4928"}],"wp:attachment":[{"href":"https:\/\/icaiame.com\/tr\/wp-json\/wp\/v2\/media?parent=4910"}],"curies":[{"name":"wp","href":"https:\/\/api.w.org\/{rel}","templated":true}]}}