{"id":4960,"date":"2026-04-19T20:24:14","date_gmt":"2026-04-19T20:24:14","guid":{"rendered":"https:\/\/icaiame.com\/?page_id=4960"},"modified":"2026-04-19T20:28:41","modified_gmt":"2026-04-19T20:28:41","slug":"registration-2","status":"publish","type":"page","link":"https:\/\/icaiame.com\/tr\/registration-2","title":{"rendered":"Registration"},"content":{"rendered":"<p data-wp-editing=\"1\"><a href=\"https:\/\/confmaps.com\/Auth\/confmap?confHash=AKbbJdQuIfWN7wmSO%2FIlZEsOdtQyTcpa0hlLsgClRQe9htxhyLygyIBCFJ%2FM15eQRg%3D%3D\"><img loading=\"lazy\" decoding=\"async\" class=\"alignnone size-full wp-image-1800\" src=\"http:\/\/icaiame.com\/wp-content\/uploads\/2020\/02\/registration-button-02-register.gif\" alt=\"\" width=\"300\" height=\"97\" \/><\/a><\/p>\n<p>The conference sessions will be held at the <a href=\"https:\/\/www.innvistahotel.com\/tr\/innvista-belek\">Antalya Belek Innvista Hotel<\/a>.<\/p>\n<h3><strong>Conference Participation Fees<\/strong><\/h3>\n<table>\n<thead>\n<tr>\n<th><\/th>\n<th><strong>Until July 30, 2026<\/strong><\/th>\n<th><strong>As of August 1, 2026<\/strong><\/th>\n<\/tr>\n<\/thead>\n<tbody>\n<tr>\n<td><strong>Participant<\/strong><\/td>\n<td>150 \u20ac<\/td>\n<td>175 \u20ac<\/td>\n<\/tr>\n<tr>\n<td><strong>Student<\/strong><\/td>\n<td>130 \u20ac<\/td>\n<td>150 \u20ac<\/td>\n<\/tr>\n<\/tbody>\n<\/table>\n<h3><strong>Accommodation Fees (Additional to Participation Fee)<\/strong><\/h3>\n<div>\n<table>\n<tbody>\n<tr>\n<td><\/td>\n<td><strong>Day Use<br \/>\n<\/strong><\/td>\n<td><strong>1 Night Accommodation<\/strong><\/td>\n<td><strong>2 Nights Accommodation<\/strong><\/td>\n<td><strong>3 Nights Accommodation<\/strong><\/td>\n<\/tr>\n<tr>\n<td><strong>Participant<\/strong><\/td>\n<td>\n<p style=\"text-align: center;\">35 \u20ac<\/p>\n<\/td>\n<td style=\"text-align: center;\">&#8211;<\/td>\n<td style=\"text-align: center;\">&#8211;<\/td>\n<td style=\"text-align: center;\">&#8211;<\/td>\n<\/tr>\n<tr>\n<td><strong>Single Room<\/strong><\/td>\n<td>\n<p style=\"text-align: center;\">&#8211;<\/p>\n<\/td>\n<td>\n<p style=\"text-align: center;\">90 \u20ac<\/p>\n<\/td>\n<td>\n<p style=\"text-align: center;\">180 \u20ac<\/p>\n<\/td>\n<td style=\"text-align: center;\">270 \u20ac<\/td>\n<\/tr>\n<tr>\n<td style=\"text-align: center;\"><strong>Double Room<\/strong><\/td>\n<td style=\"text-align: center;\">&#8211;<\/td>\n<td style=\"text-align: center;\">\n<p style=\"text-align: center;\">125 \u20ac<\/p>\n<\/td>\n<td style=\"text-align: center;\">250 \u20ac<\/td>\n<td>\n<p style=\"text-align: center;\">375 \u20ac<\/p>\n<\/td>\n<\/tr>\n<tr>\n<td style=\"text-align: center;\"><strong>Triple Room<\/strong><\/td>\n<td style=\"text-align: center;\">&#8211;<\/td>\n<td style=\"text-align: center;\">175 \u20ac<\/td>\n<td style=\"text-align: center;\">350 \u20ac<\/td>\n<td>\n<p style=\"text-align: center;\">525 \u20ac<\/p>\n<\/td>\n<\/tr>\n<tr>\n<td colspan=\"5\">* Day use includes breakfast and lunch between 09:00 &#8211; 18:00.** For accommodations, check-in is at 14:00 and check-out is at 12:00.*** The hotel operates on an All-Inclusive Concept.<\/td>\n<\/tr>\n<\/tbody>\n<\/table>\n<ul>\n<li>Accommodation fees are applied in addition to the participation fee.<\/li>\n<li>You can complete your registration online via the <a href=\"https:\/\/confmaps.com\/Auth\/confmap?confHash=AKbbJdQuIfWN7wmSO%2FIlZEsOdtQyTcpa0hlLsgClRQe9htxhyLygyIBCFJ%2FM15eQRg%3D%3D\">CONFMAP system<\/a>.<\/li>\n<li>Individuals submitting papers are required to register for the conference.<\/li>\n<li>After registering for the conference, you can make your payment in cash or by credit card. For cash payments, you must upload your receipt to the <a href=\"https:\/\/confmaps.com\/Auth\/confmap?confHash=AKbbJdQuIfWN7wmSO%2FIlZEsOdtQyTcpa0hlLsgClRQe9htxhyLygyIBCFJ%2FM15eQRg%3D%3D\">CONFMAP<\/a> system.<\/li>\n<li>Registration fees include VAT. If you provide your invoice details via the <a href=\"https:\/\/confmaps.com\/Auth\/confmap?confHash=AKbbJdQuIfWN7wmSO%2FIlZEsOdtQyTcpa0hlLsgClRQe9htxhyLygyIBCFJ%2FM15eQRg%3D%3D\">CONFMAP<\/a> system, your invoice will be issued promptly. Invoices can be issued in the name of your university or institution upon request.<\/li>\n<li>Participation certificates will only be issued to registered participants who present their papers.<\/li>\n<li>Those wishing to attend as &#8220;LISTENERS&#8221; must register and pay a participation fee of 75\u20ac. LISTENERS can benefit from the services included in the participation fee.<\/li>\n<\/ul>\n<\/div>\n<p style=\"font-weight: 400;\"><strong>Services Included in the Participation Fee<\/strong><\/p>\n<ul style=\"font-weight: 400;\">\n<li>Access to all conference sessions<\/li>\n<li>Conference bag<\/li>\n<li>Opening ceremony<\/li>\n<li>Coffee breaks<\/li>\n<li>Participation certificate<\/li>\n<\/ul>\n<p><strong>Payment Information<\/strong><\/p>\n<p>Conference registration fees can be paid via credit card through the <a href=\"https:\/\/confmaps.com\/Auth\/confmap?confHash=AKbbJdQuIfWN7wmSO%2FIlZEsOdtQyTcpa0hlLsgClRQe9htxhyLygyIBCFJ%2FM15eQRg%3D%3D\">CONFMAP system<\/a> or cash\u00a0by depositing the fee into the following account and uploading the payment receipt to the <a href=\"https:\/\/confmaps.com\/Auth\/confmap?confHash=AKbbJdQuIfWN7wmSO%2FIlZEsOdtQyTcpa0hlLsgClRQe9htxhyLygyIBCFJ%2FM15eQRg%3D%3D\">CONFMAP system<\/a>.<\/p>\n<p>EUR\u2013IBAN: TR90 0001 2001 3390 0058 1000 22<br \/>\nBank Name: TURKIYE HALK BANKASI<br \/>\nBank Branch: S\u00fcleyman Demirel University Satellite Branch<br \/>\nBranch Code: 1339<br \/>\nSwift Code: TRHBTR2A<br \/>\nAccount Holder Name: Ter Yaz\u0131l\u0131m Bilg. Med. Tem. \u0130n\u015f. Taah. Tic. Ltd. \u015eti.<br \/>\nAddress: S\u00fcleyman Demirel University G\u00f6ller B\u00f6lgesi Technopark No:202\/A Isparta Turkey<br \/>\nDescription: Paper No, Author name surname, ICAIAME2025<\/p>\n<p><a href=\"https:\/\/confmaps.com\/Auth\/confmap?confHash=AKbbJdQuIfWN7wmSO%2FIlZEsOdtQyTcpa0hlLsgClRQe9htxhyLygyIBCFJ%2FM15eQRg%3D%3D\"><img loading=\"lazy\" decoding=\"async\" class=\"alignnone size-full wp-image-1800\" src=\"http:\/\/icaiame.com\/wp-content\/uploads\/2020\/02\/registration-button-02-register.gif\" alt=\"\" width=\"300\" height=\"97\" \/><\/a><\/p>\n","protected":false},"excerpt":{"rendered":"<p>The conference sessions will be held at the Antalya Belek Innvista Hotel. Conference Participation Fees Until July 30, 2026 As&hellip; <\/p>\n","protected":false},"author":2,"featured_media":0,"parent":0,"menu_order":0,"comment_status":"closed","ping_status":"closed","template":"","meta":{"footnotes":""},"class_list":["post-4960","page","type-page","status-publish","hentry"],"translation":{"provider":"WPGlobus","version":"3.0.0","language":"tr","enabled_languages":["en","tr"],"languages":{"en":{"title":true,"content":true,"excerpt":false},"tr":{"title":false,"content":false,"excerpt":false}}},"_links":{"self":[{"href":"https:\/\/icaiame.com\/tr\/wp-json\/wp\/v2\/pages\/4960","targetHints":{"allow":["GET"]}}],"collection":[{"href":"https:\/\/icaiame.com\/tr\/wp-json\/wp\/v2\/pages"}],"about":[{"href":"https:\/\/icaiame.com\/tr\/wp-json\/wp\/v2\/types\/page"}],"author":[{"embeddable":true,"href":"https:\/\/icaiame.com\/tr\/wp-json\/wp\/v2\/users\/2"}],"replies":[{"embeddable":true,"href":"https:\/\/icaiame.com\/tr\/wp-json\/wp\/v2\/comments?post=4960"}],"version-history":[{"count":3,"href":"https:\/\/icaiame.com\/tr\/wp-json\/wp\/v2\/pages\/4960\/revisions"}],"predecessor-version":[{"id":4967,"href":"https:\/\/icaiame.com\/tr\/wp-json\/wp\/v2\/pages\/4960\/revisions\/4967"}],"wp:attachment":[{"href":"https:\/\/icaiame.com\/tr\/wp-json\/wp\/v2\/media?parent=4960"}],"curies":[{"name":"wp","href":"https:\/\/api.w.org\/{rel}","templated":true}]}}